{"id":943,"date":"2015-05-19T06:16:37","date_gmt":"2015-05-19T06:16:37","guid":{"rendered":"http:\/\/remhu.web-server.hu\/?page_id=943"},"modified":"2025-05-14T10:11:54","modified_gmt":"2025-05-14T10:11:54","slug":"szolgaltatasi-tevekenysegek-nyilvantartasa","status":"publish","type":"page","link":"https:\/\/rem.hu\/?page_id=943","title":{"rendered":"Szolg\u00e1ltat\u00e1si tev\u00e9kenys\u00e9gek nyilv\u00e1ntart\u00e1sa"},"content":{"rendered":"<p><a href=\"https:\/\/rem.hu\/wp-content\/uploads\/2025\/05\/szallashelynyilvantartas.pdf\">Sz\u00e1ll\u00e1shely nyilv\u00e1ntart\u00e1s.pdf<\/a><\/p>\n","protected":false},"excerpt":{"rendered":"<p>Sz\u00e1ll\u00e1shely nyilv\u00e1ntart\u00e1s.pdf<\/p>\n","protected":false},"author":1,"featured_media":0,"parent":0,"menu_order":16,"comment_status":"open","ping_status":"closed","template":"","meta":{"neve_meta_sidebar":"","neve_meta_container":"","neve_meta_enable_content_width":"off","neve_meta_content_width":100,"neve_meta_title_alignment":"","neve_meta_author_avatar":"","neve_post_elements_order":"","neve_meta_disable_header":"","neve_meta_disable_footer":"","neve_meta_disable_title":"","footnotes":""},"_links":{"self":[{"href":"https:\/\/rem.hu\/index.php?rest_route=\/wp\/v2\/pages\/943"}],"collection":[{"href":"https:\/\/rem.hu\/index.php?rest_route=\/wp\/v2\/pages"}],"about":[{"href":"https:\/\/rem.hu\/index.php?rest_route=\/wp\/v2\/types\/page"}],"author":[{"embeddable":true,"href":"https:\/\/rem.hu\/index.php?rest_route=\/wp\/v2\/users\/1"}],"replies":[{"embeddable":true,"href":"https:\/\/rem.hu\/index.php?rest_route=%2Fwp%2Fv2%2Fcomments&post=943"}],"version-history":[{"count":7,"href":"https:\/\/rem.hu\/index.php?rest_route=\/wp\/v2\/pages\/943\/revisions"}],"predecessor-version":[{"id":4807,"href":"https:\/\/rem.hu\/index.php?rest_route=\/wp\/v2\/pages\/943\/revisions\/4807"}],"wp:attachment":[{"href":"https:\/\/rem.hu\/index.php?rest_route=%2Fwp%2Fv2%2Fmedia&parent=943"}],"curies":[{"name":"wp","href":"https:\/\/api.w.org\/{rel}","templated":true}]}}