{"id":70,"date":"2013-09-11T15:44:14","date_gmt":"2013-09-11T15:44:14","guid":{"rendered":"http:\/\/remhu.web-server.hu\/?page_id=70"},"modified":"2025-04-03T13:07:41","modified_gmt":"2025-04-03T13:07:41","slug":"intezmenyek","status":"publish","type":"page","link":"https:\/\/rem.hu\/?page_id=70","title":{"rendered":"Int\u00e9zm\u00e9nyek"},"content":{"rendered":"<p style=\"text-align: center;\"><strong>I N T \u00c9 Z M \u00c9 N Y E K<\/strong><\/p>\n<p style=\"text-align: left;\"><strong><em>Borotai K\u00f6z\u00f6s \u00d6nkorm\u00e1nyzati Hivatal R\u00e9mi Kirendelts\u00e9ge<\/em><\/strong><br \/>\n6446 R\u00e9m, M\u00e1jus l.u.17.<\/p>\n<h4 style=\"text-align: left;\"><em>El\u00e9rhet\u0151s\u00e9gek:<\/em><br \/>\nTel.: 06-79\/352-544<\/h4>\n<p>e-mail: onkormanyzat.rem@gmail.com<\/p>\n<p style=\"text-align: left;\"><strong>Jegyz\u0151: P\u00e1pay L\u00e1szl\u00f3<\/strong><\/p>\n<p style=\"text-align: left;\">\u00dcgyf\u00e9lfogad\u00e1si rendje:<\/p>\n<p>Szerda: 8.00-16.00 \u00f3ra<br \/>\nCs\u00fct\u00f6rt\u00f6k: 13.00-16.00 \u00f3ra<\/p>\n<p style=\"text-align: left;\"><em>\u00dcgyint\u00e9z\u0151k:<\/em><br \/>\nB\u00e1l\u00f3 Csilla ad\u00f3\u00fcgyi el\u0151ad\u00f3<br \/>\nKov\u00e1cs G\u00e1born\u00e9 igazgat\u00e1si f\u0151munkat\u00e1rs<br \/>\nMadar\u00e1sz D\u00f3ra p\u00e9nz\u00fcgyi el\u0151ad\u00f3<\/p>\n<p style=\"text-align: left;\"><em>\u00dcgyf\u00e9lfogad\u00e1si rend:<\/em><\/p>\n<p>H\u00e9tf\u0151: 8.00-12.00 \u00d3RA<br \/>\nKedd: 13.00-16.00 \u00d3RA<br \/>\nSzerda: sz\u00fcnnap<br \/>\nCs\u00fct\u00f6rt\u00f6k: 8.00-16.00 \u00d3RA<br \/>\nP\u00e9ntek: 8.00-12.00 \u00d3RA<\/p>\n<p>&nbsp;<\/p>\n<hr \/>\n<p>&nbsp;<\/p>\n<p style=\"text-align: left;\"><em><a href=\"https:\/\/rem.hu\/?page_id=504\"><strong>R\u00e9mi \u00c1ltal\u00e1nos<\/strong> <strong>Iskola<\/strong><\/a><br \/>\n<\/em>6446 R\u00e9m, Pet\u0151fi utca 36.<\/p>\n<p>Iskola igazgat\u00f3: Kalm\u00e1r J\u00e1nosn\u00e9<\/p>\n<p style=\"text-align: left;\">El\u00e9rhet\u0151s\u00e9g:<br \/>\n06-79\/352-420<br \/>\ne-mail: remiskola@gmail.com<\/p>\n<p><a href=\"https:\/\/rem.hu\/?page_id=500\"><em><strong>R\u00e9mi Sziv\u00e1rv\u00e1ny \u00d3voda \u00e9s B\u00f6lcs\u0151de<\/strong><\/em><\/a><br \/>\n6446 R\u00e9m, Pet\u0151fi utca 44.<\/p>\n<p>F\u0151igazgat\u00f3: Sz\u0151ke Barbara<\/p>\n<p class=\"MsoNormal\">El\u00e9rhet\u0151s\u00e9gek:<br \/>\n<span style=\"font-family: Arial;\">+36 70 524 0023<br \/>\ne-mail: ovodarem@gmail.com<\/span><\/p>\n<p class=\"MsoNormal\"><span style=\"font-family: Arial;\"><br \/>\nB\u00f6lcs\u0151de: +36709354010<\/span><\/p>\n<p class=\"MsoNormal\"><em><strong>K\u00f6nyvt\u00e1r, Inform\u00e1ci\u00f3s \u00e9s K\u00f6z\u00f6ss\u00e9gi Hely<\/strong><\/em><br \/>\n<strong>eMagyarorsz\u00e1g Pont<\/strong><br \/>\n<span style=\"font-family: Arial;\">6446 R\u00e9m, Pet\u0151f<\/span><span style=\"font-family: Arial;\">i utca 33.<\/span><b style=\"mso-bidi-font-weight: normal;\"><\/b><\/p>\n<p>Kultur\u00e1lis feladatok: M\u00e9sz\u00e1rosn\u00e9 Ilcsik \u00c1gnes<br \/>\nEl\u00e9rhet\u0151s\u00e9g: 06-30\/3497271<br \/>\nEl\u00e9rhet\u0151s\u00e9g: kulturrem@freemail.hu<\/p>\n<p class=\"MsoNormal\"><strong><em>Falum\u00fazeum- helyt\u00f6rt\u00e9neti gy\u0171jtem\u00e9ny<\/em><br \/>\n<\/strong><span style=\"font-family: Arial;\">6446 R\u00e9m, Pet\u0151fi utca 38.<\/span><\/p>\n<p class=\"MsoNormal\"><span style=\"font-family: Arial;\">Bejelentkez\u00e9s: K\u00f6nyvt\u00e1r, M\u00e9sz\u00e1rosn\u00e9 Ilcsik \u00c1gnes<\/span><\/p>\n<p class=\"MsoNormal\"><span style=\"font-family: Arial;\">El\u00e9rhet\u0151s\u00e9g: 06-30\/3497271<br \/>\nEl\u00e9rhet\u0151s\u00e9g: kulturrem@freemail.hu<br \/>\n<\/span><\/p>\n<p><em><strong>Orvosi rendel\u0151<\/strong><\/em><\/p>\n<p class=\"MsoNormal\"><span style=\"font-family: Arial;\">6446 R\u00e9m, M\u00e1jus l. u<\/span><span style=\"font-family: Arial;\">tca 19\/a.<\/span><b style=\"mso-bidi-font-weight: normal;\"><span style=\"font-family: Arial;\"><br \/>\n<\/span><\/b><\/p>\n<p class=\"MsoNormal\"><span style=\"font-family: Arial;\">Dr. Sponner Tam\u00e1s h\u00e1ziorvos<\/span><\/p>\n<p class=\"MsoNormal\"><span style=\"font-family: Arial;\">El\u00e9rhet\u0151s\u00e9g:<br \/>\n06-79\/352-674<\/span><\/p>\n<p class=\"MsoNormal\"><em><strong>Fogorvosi rendel\u0151<\/strong><br \/>\n<\/em>Dr. S\u00f6r\u00f6s Luca<br \/>\nBejelentkez\u00e9s: 06-70-724-6263<\/p>\n<p>cs\u00fct\u00f6rt\u00f6k 15-20 \u00f3ra<br \/>\np\u00e9ntek. 7-13.00 \u00f3ra<\/p>\n<p class=\"MsoNormal\"><em><b style=\"mso-bidi-font-weight: normal;\"><span style=\"font-family: Arial;\">V\u00e9d\u0151n\u0151<\/span><\/b><\/em><\/p>\n<p class=\"MsoNormal\"><span style=\"font-family: Arial;\">Schauern\u00e9 Katona Ilona v\u00e9d\u0151n\u0151<\/span><\/p>\n<p class=\"MsoNormal\"><span style=\"font-family: Arial;\">El\u00e9rhet\u0151s\u00e9g:06-79\/352-300<br \/>\ne-mail: remivedono@gmail.com<br \/>\n<\/span><\/p>\n<p class=\"MsoNormal\"><span style=\"font-family: Arial;\">\u00a0<\/span><em><b style=\"mso-bidi-font-weight: normal;\"><span style=\"font-family: Arial;\">Majoranna Patika<\/span><\/b><\/em><\/p>\n<p class=\"MsoNormal\"><span style=\"font-family: Arial;\">Dr. Lentner D\u00f3ra<\/span><\/p>\n<p class=\"MsoNormal\"><span style=\"font-family: Arial;\">El\u00e9rhet\u0151s\u00e9g: 06-30\/2261517<br \/>\n06-79\/352456<br \/>\n<\/span><\/p>\n<h4><em><strong>Posta Pont<\/strong><\/em><\/h4>\n<p>&nbsp;<\/p>\n<h4>Husz\u00e1r Enik\u0151<\/h4>\n<p class=\"MsoNormal\"><span style=\"font-family: Arial;\">6446 R\u00e9m, Pet\u0151fi utca 27.<\/span><b style=\"mso-bidi-font-weight: normal;\"><\/b><\/p>\n<p class=\"MsoNormal\"><span style=\"font-family: Arial;\"><em><strong>Rend\u0151rs\u00e9g<\/strong><\/em><br \/>\n6446 R\u00e9m, Pet\u0151fi utca 35.<\/span><\/p>\n<p>V\u00e9n L\u00e1szl\u00f3 k\u00f6rzeti megb\u00edzott<br \/>\nEl\u00e9rhet\u0151s\u00e9g: 06-20\/5395577<\/p>\n<p>J\u00e1noshalmi Rend\u0151r\u0151rs:<br \/>\nEl\u00e9rhet\u0151s\u00e9g: 06-20\/ 5396499<\/p>\n<p class=\"MsoNormal\"><em><strong>Falugazd\u00e1sz<\/strong><\/em><br \/>\n6446 R\u00e9m, Pet\u0151fi utca 33.<\/p>\n<p class=\"MsoNormal\">D\u00e1gi Zolt\u00e1n falugazd\u00e1sz<\/p>\n<p class=\"MsoNormal\"><strong>Szent J\u00f3zsef Katolikus Integr\u00e1lt Szoci\u00e1lis Int\u00e9zm\u00e9ny<\/strong><\/p>\n<p class=\"MsoNormal\"><strong>Csal\u00e1dseg\u00edt\u0151 Szolg\u00e1lat<\/strong><\/p>\n<p class=\"MsoNormal\">Kov\u00e1cs Bernadett<\/p>\n<p>El\u00e9rhet\u0151s\u00e9g:<br \/>\n06-70\/4272683<br \/>\ncsaladsegito@szentjozsefintezmeny.hu<\/p>\n<p>\u00dcgyf\u00e9lfogad\u00e1si id\u0151:<br \/>\nminden h\u00e9ten cs\u00fct\u00f6rt\u00f6k\u00a0 9.00-11.00-ig<br \/>\nHelye: K\u00f6zs\u00e9gh\u00e1za<\/p>\n<p class=\"MsoNormal\"><em><strong>H\u00e1zi seg\u00edts\u00e9gny\u00fajt\u00e1s<\/strong><\/em><\/p>\n<p style=\"text-align: left;\">Sere \u00c1gnes gondoz\u00f3<br \/>\nT\u00f3th Istv\u00e1nn\u00e9 gondoz\u00f3<\/p>\n<p style=\"text-align: left;\">El\u00e9rhet\u0151s\u00e9g:<br \/>\n06-30\/2932522<\/p>\n<p style=\"text-align: left;\"><strong>Gyermekjogi k\u00e9pvisel\u0151<\/strong><\/p>\n<p style=\"text-align: left;\">K\u00e1tain\u00e9 Lusztig Ilona<br \/>\nEl\u00e9rhet\u0151s\u00e9g: 06-20\/4899623<\/p>\n<p style=\"text-align: left;\">\n","protected":false},"excerpt":{"rendered":"<p>I N T \u00c9 Z M \u00c9 N Y E K Borotai K\u00f6z\u00f6s \u00d6nkorm\u00e1nyzati Hivatal R\u00e9mi Kirendelts\u00e9ge 6446 R\u00e9m, M\u00e1jus l.u.17. El\u00e9rhet\u0151s\u00e9gek: Tel.: 06-79\/352-544 e-mail: onkormanyzat.rem@gmail.com Jegyz\u0151: P\u00e1pay L\u00e1szl\u00f3 \u00dcgyf\u00e9lfogad\u00e1si rendje: Szerda: 8.00-16.00 \u00f3ra Cs\u00fct\u00f6rt\u00f6k: 13.00-16.00 \u00f3ra \u00dcgyint\u00e9z\u0151k: B\u00e1l\u00f3 Csilla ad\u00f3\u00fcgyi el\u0151ad\u00f3 Kov\u00e1cs G\u00e1born\u00e9 igazgat\u00e1si f\u0151munkat\u00e1rs Madar\u00e1sz D\u00f3ra p\u00e9nz\u00fcgyi el\u0151ad\u00f3 \u00dcgyf\u00e9lfogad\u00e1si rend: H\u00e9tf\u0151: 8.00-12.00 \u00d3RA&hellip;&nbsp;<a href=\"https:\/\/rem.hu\/?page_id=70\" class=\"\" rel=\"bookmark\">Read More &raquo;<span class=\"screen-reader-text\">Int\u00e9zm\u00e9nyek<\/span><\/a><\/p>\n","protected":false},"author":1,"featured_media":0,"parent":0,"menu_order":3,"comment_status":"open","ping_status":"closed","template":"","meta":{"neve_meta_sidebar":"","neve_meta_container":"","neve_meta_enable_content_width":"off","neve_meta_content_width":100,"neve_meta_title_alignment":"","neve_meta_author_avatar":"","neve_post_elements_order":"","neve_meta_disable_header":"","neve_meta_disable_footer":"","neve_meta_disable_title":"","footnotes":""},"_links":{"self":[{"href":"https:\/\/rem.hu\/index.php?rest_route=\/wp\/v2\/pages\/70"}],"collection":[{"href":"https:\/\/rem.hu\/index.php?rest_route=\/wp\/v2\/pages"}],"about":[{"href":"https:\/\/rem.hu\/index.php?rest_route=\/wp\/v2\/types\/page"}],"author":[{"embeddable":true,"href":"https:\/\/rem.hu\/index.php?rest_route=\/wp\/v2\/users\/1"}],"replies":[{"embeddable":true,"href":"https:\/\/rem.hu\/index.php?rest_route=%2Fwp%2Fv2%2Fcomments&post=70"}],"version-history":[{"count":47,"href":"https:\/\/rem.hu\/index.php?rest_route=\/wp\/v2\/pages\/70\/revisions"}],"predecessor-version":[{"id":4789,"href":"https:\/\/rem.hu\/index.php?rest_route=\/wp\/v2\/pages\/70\/revisions\/4789"}],"wp:attachment":[{"href":"https:\/\/rem.hu\/index.php?rest_route=%2Fwp%2Fv2%2Fmedia&parent=70"}],"curies":[{"name":"wp","href":"https:\/\/api.w.org\/{rel}","templated":true}]}}