{"id":513,"date":"2015-03-26T10:54:03","date_gmt":"2015-03-26T10:54:03","guid":{"rendered":"http:\/\/remhu.web-server.hu\/?page_id=513"},"modified":"2026-01-07T13:48:05","modified_gmt":"2026-01-07T13:48:05","slug":"egyhazi-hirek","status":"publish","type":"page","link":"https:\/\/rem.hu\/?page_id=513","title":{"rendered":"Egyh\u00e1zi H\u00edrek"},"content":{"rendered":"<div data-testid=\"post_message\" data-ft=\"{&quot;tn&quot;:&quot;K&quot;}\">\n<div class=\"\" dir=\"auto\">\n<h2 style=\"text-align: center;\">Templomunk b\u00facs\u00faja 2025.okt\u00f3ber 12.<\/h2>\n<div class=\"\" dir=\"auto\">\n<div class=\"x1iorvi4 x1pi30zi x1l90r2v x1swvt13\" data-ad-comet-preview=\"message\" data-ad-preview=\"message\">\n<div class=\"x78zum5 xdt5ytf xz62fqu x16ldp7u\" style=\"text-align: center;\">\n<h3 class=\"xu06os2 x1ok221b\" style=\"text-align: center;\"><\/h3>\n<\/div>\n<div style=\"text-align: center;\">Pl\u00e9b\u00e1nia Hivatal munkarendje:<\/div>\n<\/div>\n<\/div>\n<\/div>\n<\/div>\n<div class=\"_3x-2\" style=\"text-align: center;\" data-ft=\"{&quot;tn&quot;:&quot;H&quot;}\"><\/div>\n<div style=\"text-align: center;\" data-ft=\"{&quot;tn&quot;:&quot;H&quot;}\">P\u00e9ntek: 16.30-17.00 \u00f3ra<\/div>\n<div data-ft=\"{&quot;tn&quot;:&quot;H&quot;}\"><\/div>\n<p style=\"text-align: center;\"><strong>Szentmis\u00e9k id\u0151pontja:<\/strong><\/p>\n<h4 style=\"text-align: center;\">P\u00e9ntek: 17.00 \u00f3ra<br \/>\nVas\u00e1rnap: 8 \u00f3ra<\/h4>\n<p>&nbsp;<\/p>\n<p>&nbsp;<\/p>\n<p style=\"text-align: center;\"><a href=\"https:\/\/rem.hu\/wp-content\/uploads\/2015\/03\/templom1.jpg\"><img loading=\"lazy\" decoding=\"async\" class=\"alignnone wp-image-739\" src=\"https:\/\/rem.hu\/wp-content\/uploads\/2015\/03\/templom1-225x300.jpg\" alt=\"templom\" width=\"179\" height=\"239\" srcset=\"https:\/\/rem.hu\/wp-content\/uploads\/2015\/03\/templom1-225x300.jpg 225w, https:\/\/rem.hu\/wp-content\/uploads\/2015\/03\/templom1-768x1024.jpg 768w, https:\/\/rem.hu\/wp-content\/uploads\/2015\/03\/templom1.jpg 1200w\" sizes=\"(max-width: 179px) 100vw, 179px\" \/><\/a><\/p>\n<p style=\"text-align: center;\"><a href=\"https:\/\/rem.hu\/wp-content\/uploads\/2015\/03\/DSCF00441.jpg\"><img loading=\"lazy\" decoding=\"async\" class=\"alignnone wp-image-743\" src=\"https:\/\/rem.hu\/wp-content\/uploads\/2015\/03\/DSCF00441-225x300.jpg\" alt=\"DSCF0044\" width=\"143\" height=\"191\" srcset=\"https:\/\/rem.hu\/wp-content\/uploads\/2015\/03\/DSCF00441-225x300.jpg 225w, https:\/\/rem.hu\/wp-content\/uploads\/2015\/03\/DSCF00441-768x1024.jpg 768w, https:\/\/rem.hu\/wp-content\/uploads\/2015\/03\/DSCF00441.jpg 1200w\" sizes=\"(max-width: 143px) 100vw, 143px\" \/> <\/a> <a href=\"https:\/\/rem.hu\/wp-content\/uploads\/2015\/03\/DSCF00351.jpg\"><img loading=\"lazy\" decoding=\"async\" class=\"alignnone wp-image-744\" src=\"https:\/\/rem.hu\/wp-content\/uploads\/2015\/03\/DSCF00351-225x300.jpg\" alt=\"DSCF0035\" width=\"146\" height=\"195\" srcset=\"https:\/\/rem.hu\/wp-content\/uploads\/2015\/03\/DSCF00351-225x300.jpg 225w, https:\/\/rem.hu\/wp-content\/uploads\/2015\/03\/DSCF00351-768x1024.jpg 768w, https:\/\/rem.hu\/wp-content\/uploads\/2015\/03\/DSCF00351.jpg 1200w\" sizes=\"(max-width: 146px) 100vw, 146px\" \/> <\/a> <a href=\"https:\/\/rem.hu\/wp-content\/uploads\/2015\/03\/DSCF00431.jpg\"><img loading=\"lazy\" decoding=\"async\" class=\"alignnone wp-image-745\" src=\"https:\/\/rem.hu\/wp-content\/uploads\/2015\/03\/DSCF00431-225x300.jpg\" alt=\"DSCF0043\" width=\"145\" height=\"193\" srcset=\"https:\/\/rem.hu\/wp-content\/uploads\/2015\/03\/DSCF00431-225x300.jpg 225w, https:\/\/rem.hu\/wp-content\/uploads\/2015\/03\/DSCF00431-768x1024.jpg 768w, https:\/\/rem.hu\/wp-content\/uploads\/2015\/03\/DSCF00431.jpg 1200w\" sizes=\"(max-width: 145px) 100vw, 145px\" \/><\/a><\/p>\n","protected":false},"excerpt":{"rendered":"<p>Templomunk b\u00facs\u00faja 2025.okt\u00f3ber 12. Pl\u00e9b\u00e1nia Hivatal munkarendje: P\u00e9ntek: 16.30-17.00 \u00f3ra Szentmis\u00e9k id\u0151pontja: P\u00e9ntek: 17.00 \u00f3ra Vas\u00e1rnap: 8 \u00f3ra &nbsp; &nbsp;<\/p>\n","protected":false},"author":1,"featured_media":0,"parent":0,"menu_order":14,"comment_status":"open","ping_status":"open","template":"","meta":{"neve_meta_sidebar":"","neve_meta_container":"","neve_meta_enable_content_width":"off","neve_meta_content_width":100,"neve_meta_title_alignment":"","neve_meta_author_avatar":"","neve_post_elements_order":"","neve_meta_disable_header":"","neve_meta_disable_footer":"","neve_meta_disable_title":"","footnotes":""},"_links":{"self":[{"href":"https:\/\/rem.hu\/index.php?rest_route=\/wp\/v2\/pages\/513"}],"collection":[{"href":"https:\/\/rem.hu\/index.php?rest_route=\/wp\/v2\/pages"}],"about":[{"href":"https:\/\/rem.hu\/index.php?rest_route=\/wp\/v2\/types\/page"}],"author":[{"embeddable":true,"href":"https:\/\/rem.hu\/index.php?rest_route=\/wp\/v2\/users\/1"}],"replies":[{"embeddable":true,"href":"https:\/\/rem.hu\/index.php?rest_route=%2Fwp%2Fv2%2Fcomments&post=513"}],"version-history":[{"count":115,"href":"https:\/\/rem.hu\/index.php?rest_route=\/wp\/v2\/pages\/513\/revisions"}],"predecessor-version":[{"id":4995,"href":"https:\/\/rem.hu\/index.php?rest_route=\/wp\/v2\/pages\/513\/revisions\/4995"}],"wp:attachment":[{"href":"https:\/\/rem.hu\/index.php?rest_route=%2Fwp%2Fv2%2Fmedia&parent=513"}],"curies":[{"name":"wp","href":"https:\/\/api.w.org\/{rel}","templated":true}]}}