{"id":504,"date":"2015-03-26T10:49:30","date_gmt":"2015-03-26T10:49:30","guid":{"rendered":"http:\/\/remhu.web-server.hu\/?page_id=504"},"modified":"2026-03-18T13:52:35","modified_gmt":"2026-03-18T13:52:35","slug":"remi-altalanos-iskola","status":"publish","type":"page","link":"https:\/\/rem.hu\/?page_id=504","title":{"rendered":"R\u00e9mi \u00c1ltal\u00e1nos Iskola"},"content":{"rendered":"<div dir=\"auto\" style=\"text-align: center;\">\n<div class=\"x168nmei x13lgxp2 x30kzoy x9jhf4c x6ikm8r x10wlt62\" data-visualcompletion=\"ignore-dynamic\">\n<div class=\"x1n2onr6\">\n<div class=\"x6s0dn4 xi81zsa x78zum5 x6prxxf x13a6bvl xvq8zen xdj266r xktsk01 xat24cr x1d52u69 x889kno x4uap5 x1a8lsjc xkhd6sd xdppsyt\">\n<div class=\"x9f619 x1n2onr6 x1ja2u2z x78zum5 x2lah0s x1qughib x1qjc9v5 xozqiw3 x1q0g3np xykv574 xbmpl8g x4cne27 xifccgj\">\n<div>\n<div class=\"x1n2onr6\"><\/div>\n<\/div>\n<\/div>\n<\/div>\n<\/div>\n<\/div>\n<\/div>\n<div class=\"wp-block-image\">\n<div class=\"wp-block-image\" style=\"text-align: center;\"><a href=\"https:\/\/rem.hu\/wp-content\/uploads\/2026\/03\/632689826_1519773586819752_5442536895239301351_n.jpg\"><img loading=\"lazy\" decoding=\"async\" class=\"alignnone size-medium wp-image-5084\" src=\"https:\/\/rem.hu\/wp-content\/uploads\/2026\/03\/632689826_1519773586819752_5442536895239301351_n-226x300.jpg\" alt=\"\" width=\"226\" height=\"300\" srcset=\"https:\/\/rem.hu\/wp-content\/uploads\/2026\/03\/632689826_1519773586819752_5442536895239301351_n-226x300.jpg 226w, https:\/\/rem.hu\/wp-content\/uploads\/2026\/03\/632689826_1519773586819752_5442536895239301351_n.jpg 325w\" sizes=\"(max-width: 226px) 100vw, 226px\" \/><\/a><\/div>\n<h2 dir=\"auto\"><\/h2>\n<h2 dir=\"auto\" style=\"text-align: center;\"><span style=\"color: #ff0000;\">M\u00e1rcius 15.<\/span><\/h2>\n<h4 dir=\"auto\" style=\"text-align: center;\"><span style=\"color: #008000;\">\u00dcnnepi megeml\u00e9kez\u00e9s<\/span><\/h4>\n<div dir=\"auto\" style=\"text-align: center;\">K\u00f6sz\u00f6nj\u00fck iskol\u00e1nk hatodik oszt\u00e1ly\u00e1nak \u00e9s oszt\u00e1lyf\u0151n\u00f6k\u00fcknek, S\u00e1ndor Bernadett tan\u00e1rn\u0151nek a fantasztikus m\u0171sort,<br \/>\nmellyel m\u00e9lt\u00f3k\u00e9ppen eml\u00e9kezhetett meg iskol\u00e1nk minden tanul\u00f3ja az 1848\/1849-es forradalom \u00e9s szabads\u00e1gharc h\u0151seir\u0151l!<\/div>\n<div dir=\"auto\"><\/div>\n<\/div>\n<div dir=\"auto\" style=\"text-align: center;\">\n<div class=\"wp-block-image\"><a href=\"https:\/\/rem.hu\/wp-content\/uploads\/2026\/03\/649842357_1370662851770784_3058594395865714405_n.jpg\"><img loading=\"lazy\" decoding=\"async\" class=\"alignnone size-medium wp-image-5074\" src=\"https:\/\/rem.hu\/wp-content\/uploads\/2026\/03\/649842357_1370662851770784_3058594395865714405_n-300x225.jpg\" alt=\"\" width=\"300\" height=\"225\" srcset=\"https:\/\/rem.hu\/wp-content\/uploads\/2026\/03\/649842357_1370662851770784_3058594395865714405_n-300x225.jpg 300w, https:\/\/rem.hu\/wp-content\/uploads\/2026\/03\/649842357_1370662851770784_3058594395865714405_n-1024x768.jpg 1024w, https:\/\/rem.hu\/wp-content\/uploads\/2026\/03\/649842357_1370662851770784_3058594395865714405_n-768x576.jpg 768w, https:\/\/rem.hu\/wp-content\/uploads\/2026\/03\/649842357_1370662851770784_3058594395865714405_n-1536x1152.jpg 1536w, https:\/\/rem.hu\/wp-content\/uploads\/2026\/03\/649842357_1370662851770784_3058594395865714405_n.jpg 2048w\" sizes=\"(max-width: 300px) 100vw, 300px\" \/><\/a><\/div>\n<div><\/div>\n<div class=\"wp-block-image\"><a href=\"https:\/\/rem.hu\/wp-content\/uploads\/2026\/03\/649236894_1370662775104125_4348625358428327290_n.jpg\"><img loading=\"lazy\" decoding=\"async\" class=\"alignnone size-medium wp-image-5075\" src=\"https:\/\/rem.hu\/wp-content\/uploads\/2026\/03\/649236894_1370662775104125_4348625358428327290_n-300x225.jpg\" alt=\"\" width=\"300\" height=\"225\" srcset=\"https:\/\/rem.hu\/wp-content\/uploads\/2026\/03\/649236894_1370662775104125_4348625358428327290_n-300x225.jpg 300w, https:\/\/rem.hu\/wp-content\/uploads\/2026\/03\/649236894_1370662775104125_4348625358428327290_n-1024x768.jpg 1024w, https:\/\/rem.hu\/wp-content\/uploads\/2026\/03\/649236894_1370662775104125_4348625358428327290_n-768x576.jpg 768w, https:\/\/rem.hu\/wp-content\/uploads\/2026\/03\/649236894_1370662775104125_4348625358428327290_n-1536x1152.jpg 1536w, https:\/\/rem.hu\/wp-content\/uploads\/2026\/03\/649236894_1370662775104125_4348625358428327290_n.jpg 2048w\" sizes=\"(max-width: 300px) 100vw, 300px\" \/><\/a><\/div>\n<div><\/div>\n<div class=\"wp-block-image\"><a href=\"https:\/\/rem.hu\/wp-content\/uploads\/2026\/03\/649648294_1370662731770796_3529922802778229638_n.jpg\"><img loading=\"lazy\" decoding=\"async\" class=\"alignnone size-medium wp-image-5076\" src=\"https:\/\/rem.hu\/wp-content\/uploads\/2026\/03\/649648294_1370662731770796_3529922802778229638_n-300x225.jpg\" alt=\"\" width=\"300\" height=\"225\" srcset=\"https:\/\/rem.hu\/wp-content\/uploads\/2026\/03\/649648294_1370662731770796_3529922802778229638_n-300x225.jpg 300w, https:\/\/rem.hu\/wp-content\/uploads\/2026\/03\/649648294_1370662731770796_3529922802778229638_n-1024x768.jpg 1024w, https:\/\/rem.hu\/wp-content\/uploads\/2026\/03\/649648294_1370662731770796_3529922802778229638_n-768x576.jpg 768w, https:\/\/rem.hu\/wp-content\/uploads\/2026\/03\/649648294_1370662731770796_3529922802778229638_n-1536x1152.jpg 1536w, https:\/\/rem.hu\/wp-content\/uploads\/2026\/03\/649648294_1370662731770796_3529922802778229638_n.jpg 2048w\" sizes=\"(max-width: 300px) 100vw, 300px\" \/><\/a><\/div>\n<div><\/div>\n<div class=\"wp-block-image\"><a href=\"https:\/\/rem.hu\/wp-content\/uploads\/2026\/03\/641263067_1447317760514160_5571364892754037671_n-1.jpg\"><img loading=\"lazy\" decoding=\"async\" class=\"alignnone size-medium wp-image-5077\" src=\"https:\/\/rem.hu\/wp-content\/uploads\/2026\/03\/641263067_1447317760514160_5571364892754037671_n-1-300x135.jpg\" alt=\"\" width=\"300\" height=\"135\" srcset=\"https:\/\/rem.hu\/wp-content\/uploads\/2026\/03\/641263067_1447317760514160_5571364892754037671_n-1-300x135.jpg 300w, https:\/\/rem.hu\/wp-content\/uploads\/2026\/03\/641263067_1447317760514160_5571364892754037671_n-1-1024x461.jpg 1024w, https:\/\/rem.hu\/wp-content\/uploads\/2026\/03\/641263067_1447317760514160_5571364892754037671_n-1-768x345.jpg 768w, https:\/\/rem.hu\/wp-content\/uploads\/2026\/03\/641263067_1447317760514160_5571364892754037671_n-1.jpg 1423w\" sizes=\"(max-width: 300px) 100vw, 300px\" \/><\/a><\/div>\n<\/div>\n<div><\/div>\n<div dir=\"auto\"><\/div>\n<div dir=\"auto\" style=\"text-align: center;\">\n<div dir=\"auto\"><span style=\"color: #339966;\"><strong>TAVASZI PAP\u00cdRGY\u0170JT\u00c9S<\/strong><\/span><\/div>\n<div dir=\"auto\"><\/div>\n<div dir=\"auto\">Iskol\u00e1nk Di\u00e1k\u00f6nkorm\u00e1nyzata az id\u00e9n tavasszal is megtartja a k\u00f6rnyezetv\u00e9delem jegy\u00e9ben szok\u00e1sos pap\u00edrgy\u0171jt\u00e9s\u00e9t!<\/div>\n<div dir=\"auto\">Id\u0151pont: 2026. m\u00e1rcius 25. (szerda) 14.00-18.00<\/div>\n<div dir=\"auto\">Helysz\u00edn: R\u00e9mi \u00c1ltal\u00e1nos Iskola<\/div>\n<div dir=\"auto\">\u00c1r: 20 Ft\/kg<\/div>\n<div dir=\"auto\">L\u00e1ssuk melyik oszt\u00e1ly gy\u0171jti a legt\u00f6bbet! T\u00f6lts\u00fck meg a kont\u00e9nert!<\/div>\n<\/div>\n<div dir=\"auto\" style=\"text-align: center;\"><\/div>\n<div dir=\"auto\" style=\"text-align: center;\"><\/div>\n<div dir=\"auto\" style=\"text-align: center;\">\n<div class=\"wp-block-image\">\n<div class=\"wp-block-image\"><a href=\"https:\/\/rem.hu\/wp-content\/uploads\/2026\/03\/648465555_1367606612076408_6418435974363728275_n.jpg\"><img loading=\"lazy\" decoding=\"async\" class=\"alignnone size-medium wp-image-5081\" src=\"https:\/\/rem.hu\/wp-content\/uploads\/2026\/03\/648465555_1367606612076408_6418435974363728275_n-300x300.jpg\" alt=\"\" width=\"300\" height=\"300\" srcset=\"https:\/\/rem.hu\/wp-content\/uploads\/2026\/03\/648465555_1367606612076408_6418435974363728275_n-300x300.jpg 300w, https:\/\/rem.hu\/wp-content\/uploads\/2026\/03\/648465555_1367606612076408_6418435974363728275_n-150x150.jpg 150w, https:\/\/rem.hu\/wp-content\/uploads\/2026\/03\/648465555_1367606612076408_6418435974363728275_n.jpg 526w\" sizes=\"(max-width: 300px) 100vw, 300px\" \/><\/a><\/div>\n<\/div>\n<\/div>\n<p style=\"text-align: center;\">Iskol\u00e1nk a k\u00f6vetkez\u0151 linkre kattintva a facebook k\u00f6z\u00f6ss\u00e9gi oldalon el\u00e9rhet\u0151:<\/p>\n<h4 style=\"text-align: center;\"><a href=\"http:\/\/www.facebook.com\/R%C3%A9mi-%C3%81ltal%C3%A1nos-Iskola-1517534168502980\/?fref=ts\">www.facebook.com<\/a><\/h4>\n<p style=\"text-align: center;\"><a href=\"http:\/\/remhu.web-server.hu\/wp-content\/uploads\/2015\/03\/DSCF2470.jpg\"><img loading=\"lazy\" decoding=\"async\" class=\"alignnone size-medium wp-image-812\" src=\"http:\/\/remhu.web-server.hu\/wp-content\/uploads\/2015\/03\/DSCF2470-300x225.jpg\" alt=\"DSCF2470\" width=\"300\" height=\"225\" srcset=\"https:\/\/rem.hu\/wp-content\/uploads\/2015\/03\/DSCF2470-300x225.jpg 300w, https:\/\/rem.hu\/wp-content\/uploads\/2015\/03\/DSCF2470-1024x768.jpg 1024w\" sizes=\"(max-width: 300px) 100vw, 300px\" \/><\/a><\/p>\n","protected":false},"excerpt":{"rendered":"<p>M\u00e1rcius 15. \u00dcnnepi megeml\u00e9kez\u00e9s K\u00f6sz\u00f6nj\u00fck iskol\u00e1nk hatodik oszt\u00e1ly\u00e1nak \u00e9s oszt\u00e1lyf\u0151n\u00f6k\u00fcknek, S\u00e1ndor Bernadett tan\u00e1rn\u0151nek a fantasztikus m\u0171sort, mellyel m\u00e9lt\u00f3k\u00e9ppen eml\u00e9kezhetett meg iskol\u00e1nk minden tanul\u00f3ja az 1848\/1849-es forradalom \u00e9s szabads\u00e1gharc h\u0151seir\u0151l! TAVASZI PAP\u00cdRGY\u0170JT\u00c9S Iskol\u00e1nk Di\u00e1k\u00f6nkorm\u00e1nyzata az id\u00e9n tavasszal is megtartja a k\u00f6rnyezetv\u00e9delem jegy\u00e9ben szok\u00e1sos pap\u00edrgy\u0171jt\u00e9s\u00e9t! Id\u0151pont: 2026. m\u00e1rcius 25. (szerda) 14.00-18.00 Helysz\u00edn: R\u00e9mi \u00c1ltal\u00e1nos Iskola \u00c1r: 20&hellip;&nbsp;<a href=\"https:\/\/rem.hu\/?page_id=504\" class=\"\" rel=\"bookmark\">Read More &raquo;<span class=\"screen-reader-text\">R\u00e9mi \u00c1ltal\u00e1nos Iskola<\/span><\/a><\/p>\n","protected":false},"author":1,"featured_media":0,"parent":0,"menu_order":13,"comment_status":"open","ping_status":"open","template":"","meta":{"neve_meta_sidebar":"","neve_meta_container":"","neve_meta_enable_content_width":"off","neve_meta_content_width":100,"neve_meta_title_alignment":"","neve_meta_author_avatar":"","neve_post_elements_order":"","neve_meta_disable_header":"","neve_meta_disable_footer":"","neve_meta_disable_title":"","footnotes":""},"_links":{"self":[{"href":"https:\/\/rem.hu\/index.php?rest_route=\/wp\/v2\/pages\/504"}],"collection":[{"href":"https:\/\/rem.hu\/index.php?rest_route=\/wp\/v2\/pages"}],"about":[{"href":"https:\/\/rem.hu\/index.php?rest_route=\/wp\/v2\/types\/page"}],"author":[{"embeddable":true,"href":"https:\/\/rem.hu\/index.php?rest_route=\/wp\/v2\/users\/1"}],"replies":[{"embeddable":true,"href":"https:\/\/rem.hu\/index.php?rest_route=%2Fwp%2Fv2%2Fcomments&post=504"}],"version-history":[{"count":208,"href":"https:\/\/rem.hu\/index.php?rest_route=\/wp\/v2\/pages\/504\/revisions"}],"predecessor-version":[{"id":5085,"href":"https:\/\/rem.hu\/index.php?rest_route=\/wp\/v2\/pages\/504\/revisions\/5085"}],"wp:attachment":[{"href":"https:\/\/rem.hu\/index.php?rest_route=%2Fwp%2Fv2%2Fmedia&parent=504"}],"curies":[{"name":"wp","href":"https:\/\/api.w.org\/{rel}","templated":true}]}}