{"id":4636,"date":"2024-06-04T15:11:37","date_gmt":"2024-06-04T15:11:37","guid":{"rendered":"https:\/\/rem.hu\/?page_id=4636"},"modified":"2025-10-30T10:37:45","modified_gmt":"2025-10-30T10:37:45","slug":"2024-2","status":"publish","type":"page","link":"https:\/\/rem.hu\/?page_id=4636","title":{"rendered":"2024"},"content":{"rendered":"<div class=\"wp-block-image\"><a href=\"https:\/\/rem.hu\/wp-content\/uploads\/2025\/10\/magyar_falu_program_logo_1200x710-1200x675-1.jpg\"><img loading=\"lazy\" decoding=\"async\" class=\"alignnone size-medium wp-image-4951\" src=\"https:\/\/rem.hu\/wp-content\/uploads\/2025\/10\/magyar_falu_program_logo_1200x710-1200x675-1-300x169.jpg\" alt=\"\" width=\"300\" height=\"169\" srcset=\"https:\/\/rem.hu\/wp-content\/uploads\/2025\/10\/magyar_falu_program_logo_1200x710-1200x675-1-300x169.jpg 300w, https:\/\/rem.hu\/wp-content\/uploads\/2025\/10\/magyar_falu_program_logo_1200x710-1200x675-1-1024x576.jpg 1024w, https:\/\/rem.hu\/wp-content\/uploads\/2025\/10\/magyar_falu_program_logo_1200x710-1200x675-1-768x432.jpg 768w, https:\/\/rem.hu\/wp-content\/uploads\/2025\/10\/magyar_falu_program_logo_1200x710-1200x675-1.jpg 1200w\" sizes=\"(max-width: 300px) 100vw, 300px\" \/><\/a><\/div>\n<h3 style=\"text-align: center;\"><strong>\u00d6nkorm\u00e1nyzati tulajdon\u00fa ingatlanok fejleszt\u00e9se, \u00f6nkorm\u00e1nyzati feladatell\u00e1t\u00e1shoz kapcsol\u00f3d\u00f3 eszk\u00f6zbeszerz\u00e9sek- 2024<\/strong><\/h3>\n<p>&nbsp;<\/p>\n<p>Projekt azonos\u00edt\u00f3ja: 3505088832<\/p>\n<p>Iratazonos\u00edt\u00f3: 3928693587<\/p>\n<p>P\u00e1ly\u00e1zat c\u00edme: \u00d6nkorm\u00e1nyzati tulajdon\u00fa ingatlanok fejleszt\u00e9se, \u00f6nkorm\u00e1nyzati feladatell\u00e1t\u00e1shoz kapcsol\u00f3d\u00f3 eszk\u00f6zbeszerz\u00e9sek- 2024<\/p>\n<p>Kedvezm\u00e9nyezett neve: R\u00e9m K\u00f6zs\u00e9g \u00d6nkorm\u00e1nyzata<\/p>\n<p>Szerz\u0151d\u00f6tt t\u00e1mogat\u00e1si \u00f6sszeg: 2.394.317 Ft.<\/p>\n<p>T\u00e1mogat\u00e1s m\u00e9rt\u00e9ke (%-ban): 100%<\/p>\n<p><strong>Projekt tartalm\u00e1nak bemutat\u00e1sa:<\/strong><\/p>\n<p>R\u00e9m K\u00f6zs\u00e9g \u00d6nkorm\u00e1nyzata 2024-ben p\u00e1ly\u00e1zott <em>\u00d6nkorm\u00e1nyzati tulajdon\u00fa ingatlanok fejleszt\u00e9se, \u00f6nkorm\u00e1nyzati feladatell\u00e1t\u00e1shoz kapcsol\u00f3d\u00f3 eszk\u00f6zbeszerz\u00e9sek- 2024 <\/em>c\u00edm\u0171, <em>MFP-\u00d6TIFB\/2024<\/em> k\u00f3dsz\u00e1m\u00fa, 3505088832 iratazonos\u00edt\u00f3 sz\u00e1m\u00fa projekt keret\u00e9ben irodai eszk\u00f6zbeszerz\u00e9sekre.<\/p>\n<p>A t\u00e1mogat\u00f3i okirat meg\u00e9rkezett 2024. \u00e1prilis 05.-\u00e9n, amelyben 2.394.317 Ft t\u00e1mogat\u00e1sban r\u00e9szes\u00fclt R\u00e9m K\u00f6zs\u00e9g \u00d6nkorm\u00e1nyzata.<\/p>\n<p>A k\u00f6telez\u0151 t\u00e1j\u00e9koztat\u00e1s \u00e9s nyilv\u00e1noss\u00e1g teljes\u00fclt az al\u00e1bbiak szerint: a Magyar Falu t\u00e1bla 2 helyen, a projekt t\u00e1j\u00e9koztat\u00f3 t\u00e1bla is kihelyez\u00e9sre ker\u00fclt. R\u00e9m K\u00f6zs\u00e9g \u00d6nkorm\u00e1nyzata honlapj\u00e1n a rem.hu c\u00edmen tett\u00fck k\u00f6zz\u00e9 a Magyar Falu Program embl\u00e9m\u00e1j\u00e1t \u00e9s a projekt t\u00e1j\u00e9koztat\u00f3j\u00e1t.<\/p>\n<p>Irodai eszk\u00f6zbeszerz\u00e9sek R\u00e9m k\u00f6zs\u00e9g \u00f6nkorm\u00e1nyzati k\u00f6zfeladat ell\u00e1t\u00e1s\u00e1hoz kapcsol\u00f3d\u00f3an ker\u00fcltek beszerz\u00e9sre. A projekt c\u00e9lja infokommunik\u00e1ci\u00f3s eszk\u00f6z\u00f6k beszerz\u00e9se.<\/p>\n<p><strong>M\u0171szaki, szakmai tartalom:<\/strong><\/p>\n<ul>\n<li><strong>1 db Multifunkci\u00f3s mono l\u00e9zernyomtat\u00f3 <\/strong>\u2013 Kyocera Ecosys M2135dn<\/li>\n<li><strong>6 db Office PC <\/strong>24\u201d AOC 24B1H monitor, 1920&#215;1080, GIGABYTE Alaplap S1200, 16 gb ddr4 3200 mhz mem\u00f3ria, INTEL Core i3-10100 3,6GHz processzor, 256 gb nvme ssd, AKYGA H\u00e1z AK17BK Micro ATX Fekete, USB3.0, ATX t\u00e1pegys\u00e9g, APEDRA Vezet\u00e9kes billenty\u0171zet + eg\u00e9r, KM-520, USB HUN fekete, Office 2019 professional, Windows 11 prof. szoftverek<\/li>\n<li><strong>6 db v\u00edrusv\u00e9delmi szoftver <\/strong>ESET PROTECT Entry 1 \u00e9v<\/li>\n<li><strong>1 db m\u00e1sol\u00f3g\u00e9p <\/strong>Ricoh MP C3003SP m\u00e1sol\u00f3g\u00e9p <em>Kell\u00e9k: 1 db Toner Type MPC3503 Bk \/29.500 old\/, 1 db Toner Type MPC3503 CMY \/18.000 old\/<\/em><\/li>\n<li><strong>1 db t\u00e1j\u00e9koztat\u00f3 t\u00e1bla k\u00e9sz\u00edt\u00e9se<\/strong><\/li>\n<\/ul>\n<p><strong>Befejezett munka menete:<\/strong><\/p>\n<p>Az irodai eszk\u00f6z\u00f6k \u00fczembehelyez\u00e9sre ker\u00fcltek a Titronic Kft. \u00e9s az \u00d6nkorm\u00e1nyzat informatikus munkat\u00e1rs egy\u00fcttm\u0171k\u00f6d\u00e9s\u00e9vel 2024.05.15.-\u00e9n.<\/p>\n<p>A t\u00e1j\u00e9koztat\u00f3 t\u00e1bla kihelyez\u00e9sre ker\u00fclt.<\/p>\n<p><strong>\u00a0<\/strong><strong>Eredm\u00e9nyek, hat\u00e1sok:<\/strong><\/p>\n<p>R\u00e9m k\u00f6zs\u00e9g \u00f6nkorm\u00e1nyzati k\u00f6zfeladat ell\u00e1t\u00e1sa: a p\u00e1ly\u00e1zat megval\u00f3sul\u00e1s\u00e1val biztos\u00edtani tudjuk az \u00f6nkorm\u00e1nyzati feladatok magasabb sz\u00ednvonal\u00fa, hat\u00e9kony ell\u00e1t\u00e1s\u00e1t. A hivatalban dolgoz\u00f3 \u00fcgyint\u00e9z\u0151k korszer\u0171, gyors infokommunik\u00e1ci\u00f3s eszk\u00f6z\u00f6ket haszn\u00e1lnak. Nagyban hozz\u00e1j\u00e1rul a helyi k\u00f6z\u00fcgyek, a helyben biztos\u00edtand\u00f3 k\u00f6zfeladatok magasabb szint\u0171 feladat ell\u00e1t\u00e1s\u00e1hoz.<\/p>\n<p><strong>\u00a0<\/strong><strong>A fejleszt\u00e9s a k\u00f6vetkez\u0151 \u00fctemez\u00e9sben t\u00f6rt\u00e9nt:<\/strong><\/p>\n<ul>\n<li>Eszk\u00f6zbeszerz\u00e9sekre t\u00f6rt\u00e9n\u0151 \u00e1raj\u00e1nlat k\u00e9r\u00e9se.<\/li>\n<li>Test\u00fcleti d\u00f6nt\u00e9s a v\u00e1llalkoz\u00f3\/ elad\u00f3 szem\u00e9ly\u00e9r\u0151l.<\/li>\n<li>A megrendel\u00e9s megk\u00f6t\u00e9se.<\/li>\n<li>A T\u00e1mogat\u00f3i T\u00e1bla az el\u0151\u00edr\u00e1soknak megfelel\u0151en elk\u00e9sz\u00fclt, \u00e9s az \u00d6nkorm\u00e1nyzat \u00e9p\u00fclet\u00e9re ker\u00fclt kihelyez\u00e9sre.<\/li>\n<li>Az irodai informatikai eszk\u00f6z\u00f6k \u00fczembe helyez\u00e9se megt\u00f6rt\u00e9nt.<\/li>\n<\/ul>\n<div class=\"wp-block-image\"><a href=\"https:\/\/rem.hu\/wp-content\/uploads\/2025\/10\/tamogatoi-tabla-1-scaled.jpg\"><img loading=\"lazy\" decoding=\"async\" class=\" wp-image-4949 aligncenter\" src=\"https:\/\/rem.hu\/wp-content\/uploads\/2025\/10\/tamogatoi-tabla-1-300x225.jpg\" alt=\"\" width=\"359\" height=\"269\" srcset=\"https:\/\/rem.hu\/wp-content\/uploads\/2025\/10\/tamogatoi-tabla-1-300x225.jpg 300w, https:\/\/rem.hu\/wp-content\/uploads\/2025\/10\/tamogatoi-tabla-1-1024x768.jpg 1024w, https:\/\/rem.hu\/wp-content\/uploads\/2025\/10\/tamogatoi-tabla-1-768x576.jpg 768w, https:\/\/rem.hu\/wp-content\/uploads\/2025\/10\/tamogatoi-tabla-1-1536x1152.jpg 1536w, https:\/\/rem.hu\/wp-content\/uploads\/2025\/10\/tamogatoi-tabla-1-2048x1536.jpg 2048w\" sizes=\"(max-width: 359px) 100vw, 359px\" \/><\/a><\/div>\n","protected":false},"excerpt":{"rendered":"<p>\u00d6nkorm\u00e1nyzati tulajdon\u00fa ingatlanok fejleszt\u00e9se, \u00f6nkorm\u00e1nyzati feladatell\u00e1t\u00e1shoz kapcsol\u00f3d\u00f3 eszk\u00f6zbeszerz\u00e9sek- 2024 &nbsp; Projekt azonos\u00edt\u00f3ja: 3505088832 Iratazonos\u00edt\u00f3: 3928693587 P\u00e1ly\u00e1zat c\u00edme: \u00d6nkorm\u00e1nyzati tulajdon\u00fa ingatlanok fejleszt\u00e9se, \u00f6nkorm\u00e1nyzati feladatell\u00e1t\u00e1shoz kapcsol\u00f3d\u00f3 eszk\u00f6zbeszerz\u00e9sek- 2024 Kedvezm\u00e9nyezett neve: R\u00e9m K\u00f6zs\u00e9g \u00d6nkorm\u00e1nyzata Szerz\u0151d\u00f6tt t\u00e1mogat\u00e1si \u00f6sszeg: 2.394.317 Ft. T\u00e1mogat\u00e1s m\u00e9rt\u00e9ke (%-ban): 100% Projekt tartalm\u00e1nak bemutat\u00e1sa: R\u00e9m K\u00f6zs\u00e9g \u00d6nkorm\u00e1nyzata 2024-ben p\u00e1ly\u00e1zott \u00d6nkorm\u00e1nyzati tulajdon\u00fa ingatlanok fejleszt\u00e9se, \u00f6nkorm\u00e1nyzati feladatell\u00e1t\u00e1shoz kapcsol\u00f3d\u00f3&hellip;&nbsp;<a href=\"https:\/\/rem.hu\/?page_id=4636\" class=\"\" rel=\"bookmark\">Read More &raquo;<span class=\"screen-reader-text\">2024<\/span><\/a><\/p>\n","protected":false},"author":1,"featured_media":0,"parent":3092,"menu_order":5,"comment_status":"closed","ping_status":"closed","template":"","meta":{"neve_meta_sidebar":"","neve_meta_container":"","neve_meta_enable_content_width":"off","neve_meta_content_width":100,"neve_meta_title_alignment":"","neve_meta_author_avatar":"","neve_post_elements_order":"","neve_meta_disable_header":"","neve_meta_disable_footer":"","neve_meta_disable_title":"","footnotes":""},"_links":{"self":[{"href":"https:\/\/rem.hu\/index.php?rest_route=\/wp\/v2\/pages\/4636"}],"collection":[{"href":"https:\/\/rem.hu\/index.php?rest_route=\/wp\/v2\/pages"}],"about":[{"href":"https:\/\/rem.hu\/index.php?rest_route=\/wp\/v2\/types\/page"}],"author":[{"embeddable":true,"href":"https:\/\/rem.hu\/index.php?rest_route=\/wp\/v2\/users\/1"}],"replies":[{"embeddable":true,"href":"https:\/\/rem.hu\/index.php?rest_route=%2Fwp%2Fv2%2Fcomments&post=4636"}],"version-history":[{"count":4,"href":"https:\/\/rem.hu\/index.php?rest_route=\/wp\/v2\/pages\/4636\/revisions"}],"predecessor-version":[{"id":4952,"href":"https:\/\/rem.hu\/index.php?rest_route=\/wp\/v2\/pages\/4636\/revisions\/4952"}],"up":[{"embeddable":true,"href":"https:\/\/rem.hu\/index.php?rest_route=\/wp\/v2\/pages\/3092"}],"wp:attachment":[{"href":"https:\/\/rem.hu\/index.php?rest_route=%2Fwp%2Fv2%2Fmedia&parent=4636"}],"curies":[{"name":"wp","href":"https:\/\/api.w.org\/{rel}","templated":true}]}}