{"id":4419,"date":"2023-06-13T09:34:50","date_gmt":"2023-06-13T09:34:50","guid":{"rendered":"https:\/\/rem.hu\/?page_id=4419"},"modified":"2025-10-30T07:20:44","modified_gmt":"2025-10-30T07:20:44","slug":"top-programok","status":"publish","type":"page","link":"https:\/\/rem.hu\/?page_id=4419","title":{"rendered":"TOP+ Program"},"content":{"rendered":"<h1 style=\"text-align: center;\"><a href=\"https:\/\/rem.hu\/?page_id=3899\">TOP+ p\u00e1ly\u00e1zat Minib\u00f6lcs\u0151de l\u00e9trehoz\u00e1sa R\u00e9men<\/a><\/h1>\n<h1 style=\"text-align: center;\"><a href=\"https:\/\/rem.hu\/?page_id=2151\">TOP+ p\u00e1ly\u00e1zat \u201eHelyi hum\u00e1n fejleszt\u00e9sek\u201d<\/a><\/h1>\n","protected":false},"excerpt":{"rendered":"<p>TOP+ p\u00e1ly\u00e1zat Minib\u00f6lcs\u0151de l\u00e9trehoz\u00e1sa R\u00e9men TOP+ p\u00e1ly\u00e1zat \u201eHelyi hum\u00e1n fejleszt\u00e9sek\u201d<\/p>\n","protected":false},"author":1,"featured_media":0,"parent":0,"menu_order":0,"comment_status":"closed","ping_status":"closed","template":"","meta":{"neve_meta_sidebar":"full-width","neve_meta_container":"","neve_meta_enable_content_width":"on","neve_meta_content_width":100,"neve_meta_title_alignment":"","neve_meta_author_avatar":"","neve_post_elements_order":"","neve_meta_disable_header":"","neve_meta_disable_footer":"","neve_meta_disable_title":"","footnotes":""},"_links":{"self":[{"href":"https:\/\/rem.hu\/index.php?rest_route=\/wp\/v2\/pages\/4419"}],"collection":[{"href":"https:\/\/rem.hu\/index.php?rest_route=\/wp\/v2\/pages"}],"about":[{"href":"https:\/\/rem.hu\/index.php?rest_route=\/wp\/v2\/types\/page"}],"author":[{"embeddable":true,"href":"https:\/\/rem.hu\/index.php?rest_route=\/wp\/v2\/users\/1"}],"replies":[{"embeddable":true,"href":"https:\/\/rem.hu\/index.php?rest_route=%2Fwp%2Fv2%2Fcomments&post=4419"}],"version-history":[{"count":4,"href":"https:\/\/rem.hu\/index.php?rest_route=\/wp\/v2\/pages\/4419\/revisions"}],"predecessor-version":[{"id":4925,"href":"https:\/\/rem.hu\/index.php?rest_route=\/wp\/v2\/pages\/4419\/revisions\/4925"}],"wp:attachment":[{"href":"https:\/\/rem.hu\/index.php?rest_route=%2Fwp%2Fv2%2Fmedia&parent=4419"}],"curies":[{"name":"wp","href":"https:\/\/api.w.org\/{rel}","templated":true}]}}