{"id":4174,"date":"2022-10-20T11:44:54","date_gmt":"2022-10-20T11:44:54","guid":{"rendered":"https:\/\/rem.hu\/?page_id=4174"},"modified":"2022-10-20T12:04:45","modified_gmt":"2022-10-20T12:04:45","slug":"egyeb-palyazatok","status":"publish","type":"page","link":"https:\/\/rem.hu\/?page_id=4174","title":{"rendered":"Egy\u00e9b P\u00e1ly\u00e1zatok"},"content":{"rendered":"<h1 style=\"text-align: center;\"><a href=\"https:\/\/rem.hu\/?page_id=2533\">EFOP-1.5.3-16-2017-00082<\/a><\/h1>\n<h1 style=\"text-align: center;\"><a href=\"https:\/\/rem.hu\/?page_id=3004\">K\u00d6FOP- 1.2.1-VEKOP-16-2017-01293<\/a><\/h1>\n<h1 style=\"text-align: center;\"><a href=\"https:\/\/rem.hu\/?page_id=3195\">VP6-19.2.1.32-1-17\u00a0 Telep\u00fcl\u00e9sek \u00e9lhet\u0151bb\u00e9 t\u00e9tele<\/a><\/h1>\n<p>&nbsp;<\/p>\n","protected":false},"excerpt":{"rendered":"<p>EFOP-1.5.3-16-2017-00082 K\u00d6FOP- 1.2.1-VEKOP-16-2017-01293 VP6-19.2.1.32-1-17\u00a0 Telep\u00fcl\u00e9sek \u00e9lhet\u0151bb\u00e9 t\u00e9tele &nbsp;<\/p>\n","protected":false},"author":1,"featured_media":0,"parent":0,"menu_order":0,"comment_status":"closed","ping_status":"closed","template":"","meta":{"neve_meta_sidebar":"full-width","neve_meta_container":"","neve_meta_enable_content_width":"on","neve_meta_content_width":100,"neve_meta_title_alignment":"","neve_meta_author_avatar":"","neve_post_elements_order":"","neve_meta_disable_header":"","neve_meta_disable_footer":"","neve_meta_disable_title":"","footnotes":""},"_links":{"self":[{"href":"https:\/\/rem.hu\/index.php?rest_route=\/wp\/v2\/pages\/4174"}],"collection":[{"href":"https:\/\/rem.hu\/index.php?rest_route=\/wp\/v2\/pages"}],"about":[{"href":"https:\/\/rem.hu\/index.php?rest_route=\/wp\/v2\/types\/page"}],"author":[{"embeddable":true,"href":"https:\/\/rem.hu\/index.php?rest_route=\/wp\/v2\/users\/1"}],"replies":[{"embeddable":true,"href":"https:\/\/rem.hu\/index.php?rest_route=%2Fwp%2Fv2%2Fcomments&post=4174"}],"version-history":[{"count":3,"href":"https:\/\/rem.hu\/index.php?rest_route=\/wp\/v2\/pages\/4174\/revisions"}],"predecessor-version":[{"id":4183,"href":"https:\/\/rem.hu\/index.php?rest_route=\/wp\/v2\/pages\/4174\/revisions\/4183"}],"wp:attachment":[{"href":"https:\/\/rem.hu\/index.php?rest_route=%2Fwp%2Fv2%2Fmedia&parent=4174"}],"curies":[{"name":"wp","href":"https:\/\/api.w.org\/{rel}","templated":true}]}}