{"id":4156,"date":"2022-10-20T11:31:06","date_gmt":"2022-10-20T11:31:06","guid":{"rendered":"https:\/\/rem.hu\/?page_id=4156"},"modified":"2023-06-13T09:33:26","modified_gmt":"2023-06-13T09:33:26","slug":"top-program","status":"publish","type":"page","link":"https:\/\/rem.hu\/?page_id=4156","title":{"rendered":"Top Program"},"content":{"rendered":"<h1 style=\"text-align: center;\"><a href=\"https:\/\/rem.hu\/?page_id=1980\">Top Program \u00d3voda<\/a><\/h1>\n<h1 style=\"text-align: center;\"><a href=\"https:\/\/rem.hu\/?page_id=2719\">TOP-5.3.1-16-BK1-2017-00017<\/a><\/h1>\n<h1 style=\"text-align: center;\"><a href=\"https:\/\/rem.hu\/?page_id=2007\">TOP program eg\u00e9szs\u00e9g\u00fcgy<\/a><\/h1>\n<h1 style=\"text-align: center;\"><a href=\"https:\/\/rem.hu\/?page_id=3899\">TOP+ p\u00e1ly\u00e1zat Minib\u00f6lcs\u0151de l\u00e9trehoz\u00e1sa R\u00e9men<\/a><\/h1>\n","protected":false},"excerpt":{"rendered":"<p>Top Program \u00d3voda TOP-5.3.1-16-BK1-2017-00017 TOP program eg\u00e9szs\u00e9g\u00fcgy TOP+ p\u00e1ly\u00e1zat Minib\u00f6lcs\u0151de l\u00e9trehoz\u00e1sa R\u00e9men<\/p>\n","protected":false},"author":1,"featured_media":0,"parent":0,"menu_order":0,"comment_status":"closed","ping_status":"closed","template":"","meta":{"neve_meta_sidebar":"full-width","neve_meta_container":"","neve_meta_enable_content_width":"on","neve_meta_content_width":100,"neve_meta_title_alignment":"","neve_meta_author_avatar":"","neve_post_elements_order":"","neve_meta_disable_header":"","neve_meta_disable_footer":"","neve_meta_disable_title":"","footnotes":""},"_links":{"self":[{"href":"https:\/\/rem.hu\/index.php?rest_route=\/wp\/v2\/pages\/4156"}],"collection":[{"href":"https:\/\/rem.hu\/index.php?rest_route=\/wp\/v2\/pages"}],"about":[{"href":"https:\/\/rem.hu\/index.php?rest_route=\/wp\/v2\/types\/page"}],"author":[{"embeddable":true,"href":"https:\/\/rem.hu\/index.php?rest_route=\/wp\/v2\/users\/1"}],"replies":[{"embeddable":true,"href":"https:\/\/rem.hu\/index.php?rest_route=%2Fwp%2Fv2%2Fcomments&post=4156"}],"version-history":[{"count":5,"href":"https:\/\/rem.hu\/index.php?rest_route=\/wp\/v2\/pages\/4156\/revisions"}],"predecessor-version":[{"id":4418,"href":"https:\/\/rem.hu\/index.php?rest_route=\/wp\/v2\/pages\/4156\/revisions\/4418"}],"wp:attachment":[{"href":"https:\/\/rem.hu\/index.php?rest_route=%2Fwp%2Fv2%2Fmedia&parent=4156"}],"curies":[{"name":"wp","href":"https:\/\/api.w.org\/{rel}","templated":true}]}}