{"id":4110,"date":"2022-10-20T09:08:13","date_gmt":"2022-10-20T09:08:13","guid":{"rendered":"https:\/\/rem.hu\/?page_id=4110"},"modified":"2023-04-17T10:22:50","modified_gmt":"2023-04-17T10:22:50","slug":"jatszoter","status":"publish","type":"page","link":"https:\/\/rem.hu\/?page_id=4110","title":{"rendered":"J\u00e1tsz\u00f3t\u00e9r"},"content":{"rendered":"<h4 style=\"text-align: center;\">\u00d3vodai j\u00e1tsz\u00f3udvar, k\u00f6zter\u00fcleti j\u00e1tsz\u00f3terek fejleszt\u00e9se &#8211; 2022 c\u00edm\u0171,<br \/>\nMFP-OJKJF\/2022 k\u00f3dsz\u00e1m\u00fa p\u00e1ly\u00e1zat<\/h4>\n<p><a href=\"https:\/\/rem.hu\/wp-content\/uploads\/2023\/04\/falutabla-magyar-falu-tabla.jpg\"><img loading=\"lazy\" decoding=\"async\" class=\"wp-image-4375 aligncenter\" src=\"https:\/\/rem.hu\/wp-content\/uploads\/2023\/04\/falutabla-magyar-falu-tabla-225x300.jpg\" alt=\"\" width=\"137\" height=\"183\" srcset=\"https:\/\/rem.hu\/wp-content\/uploads\/2023\/04\/falutabla-magyar-falu-tabla-225x300.jpg 225w, https:\/\/rem.hu\/wp-content\/uploads\/2023\/04\/falutabla-magyar-falu-tabla-768x1024.jpg 768w, https:\/\/rem.hu\/wp-content\/uploads\/2023\/04\/falutabla-magyar-falu-tabla-1152x1536.jpg 1152w, https:\/\/rem.hu\/wp-content\/uploads\/2023\/04\/falutabla-magyar-falu-tabla-1536x2048.jpg 1536w, https:\/\/rem.hu\/wp-content\/uploads\/2023\/04\/falutabla-magyar-falu-tabla.jpg 1728w\" sizes=\"(max-width: 137px) 100vw, 137px\" \/><\/a> <a href=\"https:\/\/rem.hu\/wp-content\/uploads\/2023\/04\/IMG_20200424_081457_resized_20200424_084327217.jpg\"><img loading=\"lazy\" decoding=\"async\" class=\"wp-image-4377 aligncenter\" src=\"https:\/\/rem.hu\/wp-content\/uploads\/2023\/04\/IMG_20200424_081457_resized_20200424_084327217-225x300.jpg\" alt=\"\" width=\"137\" height=\"182\" srcset=\"https:\/\/rem.hu\/wp-content\/uploads\/2023\/04\/IMG_20200424_081457_resized_20200424_084327217-225x300.jpg 225w, https:\/\/rem.hu\/wp-content\/uploads\/2023\/04\/IMG_20200424_081457_resized_20200424_084327217-768x1024.jpg 768w, https:\/\/rem.hu\/wp-content\/uploads\/2023\/04\/IMG_20200424_081457_resized_20200424_084327217-1152x1536.jpg 1152w, https:\/\/rem.hu\/wp-content\/uploads\/2023\/04\/IMG_20200424_081457_resized_20200424_084327217-1536x2048.jpg 1536w, https:\/\/rem.hu\/wp-content\/uploads\/2023\/04\/IMG_20200424_081457_resized_20200424_084327217.jpg 1728w\" sizes=\"(max-width: 137px) 100vw, 137px\" \/><\/a>Projekt azonos\u00edt\u00f3ja: 3346195517<br \/>\nIratazonos\u00edt\u00f3: 3365645833<br \/>\nP\u00e1ly\u00e1zat c\u00edme: \u00d3vodai j\u00e1tsz\u00f3udvar, k\u00f6zter\u00fcleti j\u00e1tsz\u00f3terek fejleszt\u00e9se &#8211; 2022<br \/>\nKedvezm\u00e9nyezett neve: R\u00e9m K\u00f6zs\u00e9g \u00d6nkorm\u00e1nyzata<br \/>\nSzerz\u0151d\u00f6tt t\u00e1mogat\u00e1si \u00f6sszeg: 6 000 000 Ft.<br \/>\nT\u00e1mogat\u00e1s m\u00e9rt\u00e9ke (%-ban): 100%<\/p>\n<p style=\"text-align: left;\">\u00a0<strong>Projekt tartalm\u00e1nak bemutat\u00e1sa:<br \/>\n<\/strong>R\u00e9m K\u00f6zs\u00e9g \u00d6nkorm\u00e1nyzata 2022-ben p\u00e1ly\u00e1zott <em>\u00d3vodai j\u00e1tsz\u00f3udvar, k\u00f6zter\u00fcleti j\u00e1tsz\u00f3terek fejleszt\u00e9se \u2013 2022 <\/em>c\u00edm\u0171, <em>MFP-OJKJF\/2022<\/em> k\u00f3dsz\u00e1m\u00fa, 3346195517 azonos\u00edt\u00f3sz\u00e1m\u00fa projekt keret\u00e9ben a 6446 R\u00e9m, 03\/4 hrsz-\u00fa Parkerdei j\u00e1tsz\u00f3t\u00e9ren 1 db h\u00e1rmas hinta (k\u00e9t lap \u00e9s egy f\u00e9szekhinta) telep\u00edt\u00e9s\u00e9re, valamint 198 fm ipari f\u00e9m ker\u00edt\u00e9s \u00e9s nagykapu, valamint a hozz\u00e1tartoz\u00f3 l\u00e1bazat \u00e9p\u00edt\u00e9s\u00e9re.<\/p>\n<p style=\"text-align: left;\">Ennek sor\u00e1n a 2022. \u00e1prilis 22-\u00e9n kelt t\u00e1mogat\u00f3 okirat alapj\u00e1n 6.000.000 forint t\u00e1mogat\u00e1sban r\u00e9szes\u00fclt\u00fcnk. R\u00e9m K\u00f6zs\u00e9g \u00d6nkorm\u00e1nyzat\u00e1nak ig\u00e9nye igazodott a p\u00e1ly\u00e1zati ki\u00edr\u00e1s c\u00e9lj\u00e1hoz, ugyanis az \u00d6nkorm\u00e1nyzat nagy hangs\u00falyt fektet a lakoss\u00e1gi ig\u00e9nyek kiel\u00e9g\u00edt\u00e9s\u00e9re. A 2021-ben kialak\u00edtott j\u00e1tsz\u00f3t\u00e9r tov\u00e1bb fejleszt\u00e9se \u00e9s k\u00f6rbe ker\u00edt\u00e9se lakoss\u00e1gi ig\u00e9nyk\u00e9nt mer\u00fclt fel.<\/p>\n<p style=\"text-align: left;\">\u00d6nkorm\u00e1nyzatunk sz\u00e1m\u00e1ra tov\u00e1bb\u00e1 fontos a szabadid\u0151 hasznos elt\u00f6lt\u00e9se, amely a k\u00f6zkedvelt Parkerdei j\u00e1tsz\u00f3t\u00e9ren lehets\u00e9ges.<\/p>\n<p style=\"text-align: left;\">C\u00e9lunk a Magyar Falu Program keret\u00e9ben egy ig\u00e9nyesen kialak\u00edtott \u00e9s a gyermekek biztons\u00e1g\u00e1t szolg\u00e1l\u00f3 j\u00e1tsz\u00f3t\u00e9r kialak\u00edt\u00e1sa.<\/p>\n<p style=\"text-align: left;\">Az \u00f6nkorm\u00e1nyzatnak fontos egy \u00e9lhet\u0151, bar\u00e1ts\u00e1gos telep\u00fcl\u00e9sk\u00e9p kialak\u00edt\u00e1sa a k\u00f6zter\u00fcletek, k\u00f6z\u00e9p\u00fcletek fejleszt\u00e9s\u00e9vel, meg\u00faj\u00edt\u00e1s\u00e1val is. Olyan lak\u00f3k\u00f6rnyezetet szeretn\u00e9nk kialak\u00edtani, amely b\u00fcszk\u00e9v\u00e9 teszi az itt lak\u00f3kat \u00e9s pozit\u00edv k\u00e9pet alak\u00edt ki telep\u00fcl\u00e9s\u00fcnkr\u0151l a letelepedni sz\u00e1nd\u00e9koz\u00f3kban. C\u00e9lkit\u0171z\u00e9seink megval\u00f3s\u00edt\u00e1s\u00e1ban nagy seg\u00edts\u00e9g ny\u00fajtott az elnyert p\u00e1ly\u00e1zat.<\/p>\n<p style=\"text-align: left;\">A kivitelez\u00e9s sor\u00e1n teljes\u00fcltek a nyertes p\u00e1ly\u00e1zat v\u00e9grehajt\u00e1s\u00e1val, beszerz\u00e9s\u00e9vel kapcsolatos feladatok \u00e9s a t\u00e1mogat\u00e1ssal t\u00f6rt\u00e9n\u0151 elsz\u00e1mol\u00e1ssal kapcsolatos munkafolyamatok. A k\u00f6telez\u0151 t\u00e1j\u00e9koztat\u00e1s \u00e9s nyilv\u00e1noss\u00e1g teljes\u00fclt az al\u00e1bbiak szerint: a Magyar Falu t\u00e1bla 2 helyen, a projekt t\u00e1j\u00e9koztat\u00f3 t\u00e1bla is kihelyez\u00e9sre ker\u00fclt.<\/p>\n<p><strong>M\u0171szaki, szakmai tartalom: <\/strong><\/p>\n<p><strong>\u00a0<\/strong>Kombin\u00e1lt hinta: h\u00e1rmas hinta &#8211; k\u00e9t lap \u00e9s egy f\u00e9szekhinta- 6,85mx2,5mx1,76 m<\/p>\n<ul>\n<li>es\u00e9sv\u00e9delem: 50 m2<br \/>\nes\u00e9si magass\u00e1g: 1,45m<br \/>\nanyaga: l\u00e1bak: sz\u00e1r\u00edtott borovi feny\u0151, k\u00e9tszer festett<br \/>\nkeresztr\u00fad: festett vascs\u0151, HPDE d\u00edszlemez l\u00e1bak fels\u0151 r\u00e9sz\u00e9n<br \/>\negy\u00e9b: ac\u00e9ll\u00e1nc, ac\u00e9lbet\u00e9tes gumi \u00fcl\u0151k\u00e9k, k\u00f6t\u00e9l f\u00e9szek\u00fcl\u0151ke, f\u00e9m saru oszlopok betonoz\u00e1s\u00e1hoz<\/li>\n<li>STEELVENT ST10\/9N t\u0171zhorganyzott, trap\u00e9zbord\u00e1s t\u00e1bl\u00e1s ker\u00edt\u00e9s, hossz: 2,4 m, f\u00fcgg\u0151leges sz\u00e1lak t\u00e1vols\u00e1ga: 80 mm, huzal\u00e1tm\u00e9r\u0151: 5 mm, magass\u00e1g: 1,2 m.<br \/>\n198 fm ipari f\u00e9m ker\u00edt\u00e9s \u00e9s l\u00e1bazat, 1 db 4 m nagykapuval<br \/>\nSTEELVENT ker\u00edt\u00e9sl\u00e1bazati betonpanel:300x2450x50 mm, egyik oldal\u00e1n t\u00e9glamint\u00e1val<br \/>\nSTEELVENT T\u00d6H\u00d6T\u00d6M k\u00f6nny\u0171 t\u00edpus\u00fa k\u00e9tsz\u00e1rny\u00fa kapu szabad ny\u00edl\u00e1s: 4,0 m-ig, t\u0171zhorganyzott p\u00e1lc\u00e1s 3000-4000x1500x2000 mm n\u00e9vleges m\u00e9ret<\/li>\n<\/ul>\n<p style=\"text-align: center;\"><a href=\"https:\/\/rem.hu\/wp-content\/uploads\/2023\/04\/339739585_893174898452131_1815806105363932494_n.jpg\"><img loading=\"lazy\" decoding=\"async\" class=\"alignnone  wp-image-4383\" src=\"https:\/\/rem.hu\/wp-content\/uploads\/2023\/04\/339739585_893174898452131_1815806105363932494_n-225x300.jpg\" alt=\"\" width=\"182\" height=\"243\" srcset=\"https:\/\/rem.hu\/wp-content\/uploads\/2023\/04\/339739585_893174898452131_1815806105363932494_n-225x300.jpg 225w, https:\/\/rem.hu\/wp-content\/uploads\/2023\/04\/339739585_893174898452131_1815806105363932494_n-768x1024.jpg 768w, https:\/\/rem.hu\/wp-content\/uploads\/2023\/04\/339739585_893174898452131_1815806105363932494_n-1152x1536.jpg 1152w, https:\/\/rem.hu\/wp-content\/uploads\/2023\/04\/339739585_893174898452131_1815806105363932494_n.jpg 1536w\" sizes=\"(max-width: 182px) 100vw, 182px\" \/><\/a><\/p>\n<p><a href=\"https:\/\/rem.hu\/wp-content\/uploads\/2023\/04\/339245703_6069119349801693_2880871899447275741_n.jpg\"><img loading=\"lazy\" decoding=\"async\" class=\"alignnone size-medium wp-image-4385\" src=\"https:\/\/rem.hu\/wp-content\/uploads\/2023\/04\/339245703_6069119349801693_2880871899447275741_n-300x225.jpg\" alt=\"\" width=\"300\" height=\"225\" srcset=\"https:\/\/rem.hu\/wp-content\/uploads\/2023\/04\/339245703_6069119349801693_2880871899447275741_n-300x225.jpg 300w, https:\/\/rem.hu\/wp-content\/uploads\/2023\/04\/339245703_6069119349801693_2880871899447275741_n-1024x768.jpg 1024w, https:\/\/rem.hu\/wp-content\/uploads\/2023\/04\/339245703_6069119349801693_2880871899447275741_n-768x576.jpg 768w, https:\/\/rem.hu\/wp-content\/uploads\/2023\/04\/339245703_6069119349801693_2880871899447275741_n-1536x1152.jpg 1536w, https:\/\/rem.hu\/wp-content\/uploads\/2023\/04\/339245703_6069119349801693_2880871899447275741_n.jpg 2048w\" sizes=\"(max-width: 300px) 100vw, 300px\" \/><\/a> <a href=\"https:\/\/rem.hu\/wp-content\/uploads\/2023\/04\/339628356_5904022726374763_1858092658035125454_n.jpg\"><img loading=\"lazy\" decoding=\"async\" class=\"alignnone size-medium wp-image-4388\" src=\"https:\/\/rem.hu\/wp-content\/uploads\/2023\/04\/339628356_5904022726374763_1858092658035125454_n-225x300.jpg\" alt=\"\" width=\"225\" height=\"300\" srcset=\"https:\/\/rem.hu\/wp-content\/uploads\/2023\/04\/339628356_5904022726374763_1858092658035125454_n-225x300.jpg 225w, https:\/\/rem.hu\/wp-content\/uploads\/2023\/04\/339628356_5904022726374763_1858092658035125454_n-768x1024.jpg 768w, https:\/\/rem.hu\/wp-content\/uploads\/2023\/04\/339628356_5904022726374763_1858092658035125454_n-1152x1536.jpg 1152w, https:\/\/rem.hu\/wp-content\/uploads\/2023\/04\/339628356_5904022726374763_1858092658035125454_n.jpg 1536w\" sizes=\"(max-width: 225px) 100vw, 225px\" \/><\/a> <a href=\"https:\/\/rem.hu\/wp-content\/uploads\/2023\/04\/339682621_612440293817261_3676743672064954055_n.jpg\"><img loading=\"lazy\" decoding=\"async\" class=\"alignnone size-medium wp-image-4389\" src=\"https:\/\/rem.hu\/wp-content\/uploads\/2023\/04\/339682621_612440293817261_3676743672064954055_n-300x225.jpg\" alt=\"\" width=\"300\" height=\"225\" srcset=\"https:\/\/rem.hu\/wp-content\/uploads\/2023\/04\/339682621_612440293817261_3676743672064954055_n-300x225.jpg 300w, https:\/\/rem.hu\/wp-content\/uploads\/2023\/04\/339682621_612440293817261_3676743672064954055_n-1024x768.jpg 1024w, https:\/\/rem.hu\/wp-content\/uploads\/2023\/04\/339682621_612440293817261_3676743672064954055_n-768x576.jpg 768w, https:\/\/rem.hu\/wp-content\/uploads\/2023\/04\/339682621_612440293817261_3676743672064954055_n-1536x1152.jpg 1536w, https:\/\/rem.hu\/wp-content\/uploads\/2023\/04\/339682621_612440293817261_3676743672064954055_n.jpg 2048w\" sizes=\"(max-width: 300px) 100vw, 300px\" \/><\/a><\/p>\n<p>&nbsp;<\/p>\n<p style=\"text-align: center;\"><a href=\"http:\/\/rem.hu\/?page_id=3092\">Vissza a(z) Magyar Falu Program p\u00e1ly\u00e1zathoz<\/a><\/p>\n","protected":false},"excerpt":{"rendered":"<p>\u00d3vodai j\u00e1tsz\u00f3udvar, k\u00f6zter\u00fcleti j\u00e1tsz\u00f3terek fejleszt\u00e9se &#8211; 2022 c\u00edm\u0171, MFP-OJKJF\/2022 k\u00f3dsz\u00e1m\u00fa p\u00e1ly\u00e1zat Projekt azonos\u00edt\u00f3ja: 3346195517 Iratazonos\u00edt\u00f3: 3365645833 P\u00e1ly\u00e1zat c\u00edme: \u00d3vodai j\u00e1tsz\u00f3udvar, k\u00f6zter\u00fcleti j\u00e1tsz\u00f3terek fejleszt\u00e9se &#8211; 2022 Kedvezm\u00e9nyezett neve: R\u00e9m K\u00f6zs\u00e9g \u00d6nkorm\u00e1nyzata Szerz\u0151d\u00f6tt t\u00e1mogat\u00e1si \u00f6sszeg: 6 000 000 Ft. T\u00e1mogat\u00e1s m\u00e9rt\u00e9ke (%-ban): 100% \u00a0Projekt tartalm\u00e1nak bemutat\u00e1sa: R\u00e9m K\u00f6zs\u00e9g \u00d6nkorm\u00e1nyzata 2022-ben p\u00e1ly\u00e1zott \u00d3vodai j\u00e1tsz\u00f3udvar, k\u00f6zter\u00fcleti j\u00e1tsz\u00f3terek fejleszt\u00e9se \u2013&hellip;&nbsp;<a href=\"https:\/\/rem.hu\/?page_id=4110\" class=\"\" rel=\"bookmark\">Read More &raquo;<span class=\"screen-reader-text\">J\u00e1tsz\u00f3t\u00e9r<\/span><\/a><\/p>\n","protected":false},"author":1,"featured_media":0,"parent":4101,"menu_order":4,"comment_status":"closed","ping_status":"closed","template":"","meta":{"neve_meta_sidebar":"full-width","neve_meta_container":"","neve_meta_enable_content_width":"on","neve_meta_content_width":100,"neve_meta_title_alignment":"","neve_meta_author_avatar":"","neve_post_elements_order":"","neve_meta_disable_header":"","neve_meta_disable_footer":"","neve_meta_disable_title":"","footnotes":""},"_links":{"self":[{"href":"https:\/\/rem.hu\/index.php?rest_route=\/wp\/v2\/pages\/4110"}],"collection":[{"href":"https:\/\/rem.hu\/index.php?rest_route=\/wp\/v2\/pages"}],"about":[{"href":"https:\/\/rem.hu\/index.php?rest_route=\/wp\/v2\/types\/page"}],"author":[{"embeddable":true,"href":"https:\/\/rem.hu\/index.php?rest_route=\/wp\/v2\/users\/1"}],"replies":[{"embeddable":true,"href":"https:\/\/rem.hu\/index.php?rest_route=%2Fwp%2Fv2%2Fcomments&post=4110"}],"version-history":[{"count":7,"href":"https:\/\/rem.hu\/index.php?rest_route=\/wp\/v2\/pages\/4110\/revisions"}],"predecessor-version":[{"id":4390,"href":"https:\/\/rem.hu\/index.php?rest_route=\/wp\/v2\/pages\/4110\/revisions\/4390"}],"up":[{"embeddable":true,"href":"https:\/\/rem.hu\/index.php?rest_route=\/wp\/v2\/pages\/4101"}],"wp:attachment":[{"href":"https:\/\/rem.hu\/index.php?rest_route=%2Fwp%2Fv2%2Fmedia&parent=4110"}],"curies":[{"name":"wp","href":"https:\/\/api.w.org\/{rel}","templated":true}]}}