{"id":4108,"date":"2022-10-20T09:07:46","date_gmt":"2022-10-20T09:07:46","guid":{"rendered":"https:\/\/rem.hu\/?page_id=4108"},"modified":"2022-10-20T09:54:50","modified_gmt":"2022-10-20T09:54:50","slug":"jarda","status":"publish","type":"page","link":"https:\/\/rem.hu\/?page_id=4108","title":{"rendered":"J\u00e1rda"},"content":{"rendered":"<p style=\"text-align: center;\">J\u00e1rda<\/p>\n<p style=\"text-align: center;\">Kit\u00f6lt\u00e9s alatt!<\/p>\n<p>&nbsp;<\/p>\n<p>&nbsp;<\/p>\n<p>&nbsp;<\/p>\n<p style=\"text-align: center;\"><a href=\"http:\/\/rem.hu\/?page_id=3092\">Vissza a(z) Magyar Falu Program p\u00e1ly\u00e1zathoz<\/a><\/p>\n","protected":false},"excerpt":{"rendered":"<p>J\u00e1rda Kit\u00f6lt\u00e9s alatt! &nbsp; &nbsp; &nbsp; Vissza a(z) Magyar Falu Program p\u00e1ly\u00e1zathoz<\/p>\n","protected":false},"author":1,"featured_media":0,"parent":4101,"menu_order":3,"comment_status":"closed","ping_status":"closed","template":"","meta":{"neve_meta_sidebar":"full-width","neve_meta_container":"","neve_meta_enable_content_width":"on","neve_meta_content_width":100,"neve_meta_title_alignment":"","neve_meta_author_avatar":"","neve_post_elements_order":"","neve_meta_disable_header":"","neve_meta_disable_footer":"","neve_meta_disable_title":"","footnotes":""},"_links":{"self":[{"href":"https:\/\/rem.hu\/index.php?rest_route=\/wp\/v2\/pages\/4108"}],"collection":[{"href":"https:\/\/rem.hu\/index.php?rest_route=\/wp\/v2\/pages"}],"about":[{"href":"https:\/\/rem.hu\/index.php?rest_route=\/wp\/v2\/types\/page"}],"author":[{"embeddable":true,"href":"https:\/\/rem.hu\/index.php?rest_route=\/wp\/v2\/users\/1"}],"replies":[{"embeddable":true,"href":"https:\/\/rem.hu\/index.php?rest_route=%2Fwp%2Fv2%2Fcomments&post=4108"}],"version-history":[{"count":3,"href":"https:\/\/rem.hu\/index.php?rest_route=\/wp\/v2\/pages\/4108\/revisions"}],"predecessor-version":[{"id":4143,"href":"https:\/\/rem.hu\/index.php?rest_route=\/wp\/v2\/pages\/4108\/revisions\/4143"}],"up":[{"embeddable":true,"href":"https:\/\/rem.hu\/index.php?rest_route=\/wp\/v2\/pages\/4101"}],"wp:attachment":[{"href":"https:\/\/rem.hu\/index.php?rest_route=%2Fwp%2Fv2%2Fmedia&parent=4108"}],"curies":[{"name":"wp","href":"https:\/\/api.w.org\/{rel}","templated":true}]}}