{"id":4096,"date":"2022-10-20T08:59:31","date_gmt":"2022-10-20T08:59:31","guid":{"rendered":"https:\/\/rem.hu\/?page_id=4096"},"modified":"2023-02-20T13:52:10","modified_gmt":"2023-02-20T13:52:10","slug":"onkormanyzati-jardaepitesfelujitas-anyagtamogatasa-2021","status":"publish","type":"page","link":"https:\/\/rem.hu\/?page_id=4096","title":{"rendered":"J\u00e1rdafel\u00faj\u00edt\u00e1s 2021"},"content":{"rendered":"<p style=\"text-align: center;\"><a href=\"https:\/\/rem.hu\/wp-content\/uploads\/2023\/02\/falutabla-magyar-falu-tabla-2.jpg\"><img loading=\"lazy\" decoding=\"async\" class=\"alignnone wp-image-4321\" src=\"https:\/\/rem.hu\/wp-content\/uploads\/2023\/02\/falutabla-magyar-falu-tabla-2-225x300.jpg\" alt=\"\" width=\"151\" height=\"201\" srcset=\"https:\/\/rem.hu\/wp-content\/uploads\/2023\/02\/falutabla-magyar-falu-tabla-2-225x300.jpg 225w, https:\/\/rem.hu\/wp-content\/uploads\/2023\/02\/falutabla-magyar-falu-tabla-2-768x1024.jpg 768w, https:\/\/rem.hu\/wp-content\/uploads\/2023\/02\/falutabla-magyar-falu-tabla-2-1152x1536.jpg 1152w, https:\/\/rem.hu\/wp-content\/uploads\/2023\/02\/falutabla-magyar-falu-tabla-2-1536x2048.jpg 1536w, https:\/\/rem.hu\/wp-content\/uploads\/2023\/02\/falutabla-magyar-falu-tabla-2.jpg 1728w\" sizes=\"(max-width: 151px) 100vw, 151px\" \/><\/a> <a href=\"https:\/\/rem.hu\/wp-content\/uploads\/2023\/02\/falutabla-magyar-falu-tabla.jpg\"><img loading=\"lazy\" decoding=\"async\" class=\"alignnone wp-image-4322\" src=\"https:\/\/rem.hu\/wp-content\/uploads\/2023\/02\/falutabla-magyar-falu-tabla-225x300.jpg\" alt=\"\" width=\"151\" height=\"202\" srcset=\"https:\/\/rem.hu\/wp-content\/uploads\/2023\/02\/falutabla-magyar-falu-tabla-225x300.jpg 225w, https:\/\/rem.hu\/wp-content\/uploads\/2023\/02\/falutabla-magyar-falu-tabla-768x1024.jpg 768w, https:\/\/rem.hu\/wp-content\/uploads\/2023\/02\/falutabla-magyar-falu-tabla-1152x1536.jpg 1152w, https:\/\/rem.hu\/wp-content\/uploads\/2023\/02\/falutabla-magyar-falu-tabla-1536x2048.jpg 1536w, https:\/\/rem.hu\/wp-content\/uploads\/2023\/02\/falutabla-magyar-falu-tabla.jpg 1728w\" sizes=\"(max-width: 151px) 100vw, 151px\" \/><\/a><\/p>\n<p><a href=\"https:\/\/rem.hu\/wp-content\/uploads\/2023\/02\/TAMOGATOI-TABLA.jpg\"><img loading=\"lazy\" decoding=\"async\" class=\"size-medium wp-image-4323 aligncenter\" src=\"https:\/\/rem.hu\/wp-content\/uploads\/2023\/02\/TAMOGATOI-TABLA-225x300.jpg\" alt=\"\" width=\"225\" height=\"300\" srcset=\"https:\/\/rem.hu\/wp-content\/uploads\/2023\/02\/TAMOGATOI-TABLA-225x300.jpg 225w, https:\/\/rem.hu\/wp-content\/uploads\/2023\/02\/TAMOGATOI-TABLA.jpg 720w\" sizes=\"(max-width: 225px) 100vw, 225px\" \/><\/a><\/p>\n<p>&nbsp;<\/p>\n<h3 style=\"text-align: center;\">P\u00e1ly\u00e1zat c\u00edme: \u00d6nkorm\u00e1nyzati j\u00e1rda\u00e9p\u00edt\u00e9s\/fel\u00faj\u00edt\u00e1s anyagt\u00e1mogat\u00e1sa- 2021.<\/h3>\n<p>Projekt azonos\u00edt\u00f3ja: 3289990934<br \/>\nKedvezm\u00e9nyezett neve: R\u00e9m K\u00f6zs\u00e9g \u00d6nkorm\u00e1nyzata<br \/>\nSzerz\u0151d\u00f6tt t\u00e1mogat\u00e1si \u00f6sszeg:4 723 237,- Ft<\/p>\n<p><strong>Projekt tartalm\u00e1nak bemutat\u00e1sa:<\/strong><\/p>\n<p style=\"text-align: left;\">R\u00e9m K\u00f6zs\u00e9g \u00d6nkorm\u00e1nyzata 2021-ben p\u00e1ly\u00e1zott az \u00d6nkorm\u00e1nyzati j\u00e1rda\u00e9p\u00edt\u00e9s\/fel\u00faj\u00edt\u00e1s anyagt\u00e1mogat\u00e1s \u2013 2021 c\u00edm\u0171, MFP-BJA\/2021 k\u00f3dsz\u00e1m\u00fa, 3289990934 azonos\u00edt\u00f3sz\u00e1m\u00fa projekt keret\u00e9ben utak fel\u00faj\u00edt\u00e1s\u00e1ra.<\/p>\n<p style=\"text-align: left;\">Ennek sor\u00e1n a 2021. augusztus 12-\u00e9n kelt t\u00e1mogat\u00f3 okirat alapj\u00e1n 4.723.237 forint t\u00e1mogat\u00e1sban r\u00e9szes\u00fclt\u00fcnk. R\u00e9m K\u00f6zs\u00e9g \u00d6nkorm\u00e1nyzat\u00e1nak ig\u00e9nye igazodott a p\u00e1ly\u00e1zati ki\u00edr\u00e1s c\u00e9lj\u00e1hoz, ugyanis az \u00d6nkorm\u00e1nyzat nagy hangs\u00falyt fektet az \u00f6nkorm\u00e1nyzati tulajdon\u00fa belter\u00fcleti utak \u00e9s j\u00e1rd\u00e1k fel\u00faj\u00edt\u00e1s\u00e1ra.<\/p>\n<p style=\"text-align: left;\">\u00a0C\u00e9lunk, hogy a Magyar Falu Program keret\u00e9ben a telep\u00fcl\u00e9s j\u00e1rd\u00e1i meg\u00fajuljanak. A p\u00e1ly\u00e1zattal \u00e9rintett j\u00e1rdaszakaszok az \u00e1thalad\u00f3 forgalmat \u00e9s az utc\u00e1kban l\u00e9v\u0151 mag\u00e1ningatlanok megk\u00f6zel\u00edt\u00e9s\u00e9t hivatott kiszolg\u00e1lni a fel\u00faj\u00edtott j\u00e1rdafel\u00fcletek.<\/p>\n<p style=\"text-align: left;\">\u00a0A telep\u00fcl\u00e9s igen csek\u00e9ly ipar\u0171z\u00e9si ad\u00f3val rendelkezik. A sz\u00f3ban forg\u00f3 j\u00e1rdaszakaszokon a megl\u00e9v\u0151 burkolat t\u00f6bb helyen m\u00e1r k\u00e1ty\u00fas, \u00f6sszerepedezett, fel\u00fclete kip\u00f6rg\u00f6tt, kig\u00f6dr\u00f6s\u00f6d\u00f6tt volt, sok helyen szinte j\u00e1rhatatlan.<\/p>\n<p style=\"text-align: left;\">Az \u00f6nkorm\u00e1nyzatnak fontos egy \u00e9lhet\u0151, bar\u00e1ts\u00e1gos telep\u00fcl\u00e9sk\u00e9p kialak\u00edt\u00e1sa a k\u00f6zter\u00fcletek fejleszt\u00e9s\u00e9vel, meg\u00faj\u00edt\u00e1s\u00e1val is. Olyan lak\u00f3k\u00f6rnyezetet szeretn\u00e9nk kialak\u00edtani, amely b\u00fcszk\u00e9v\u00e9 teszi az itt lak\u00f3kat \u00e9s pozit\u00edv k\u00e9pet alak\u00edt ki telep\u00fcl\u00e9s\u00fcnkr\u0151l a letelepedni sz\u00e1nd\u00e9koz\u00f3kban. C\u00e9lkit\u0171z\u00e9seink megval\u00f3s\u00edt\u00e1s\u00e1ban nagy seg\u00edts\u00e9g ny\u00fajtott az elnyert p\u00e1ly\u00e1zat.<\/p>\n<p style=\"text-align: left;\">A projekt keret\u00e9ben a burkolatok fel\u00faj\u00edt\u00e1sa \u00e1tlagosan 0,9-1,55 m\u00e9ter sz\u00e9less\u00e9gben val\u00f3sultak meg.<\/p>\n<p><strong>M\u0171szaki, szakmai tartalom:<\/strong><\/p>\n<p>A j\u00e1rda fel\u00faj\u00edt\u00e1s a R\u00e9m, Pet\u0151fi S., Szabads\u00e1g, Kossuth, Bethlen, D\u00f3zsa Gy. M\u00e1jus I., Bajai \u00e9s Arany J. utc\u00e1kban ker\u00fclt meg\u00e9p\u00edt\u00e9sre a p\u00e1ly\u00e1zat keret\u00e9ben biztos\u00edtott anyaggal.<\/p>\n<p>A fel\u00faj\u00edtott j\u00e1rda hossza 269,9 m. Sz\u00e9less\u00e9ge v\u00e1ltoz\u00f3 0,9-1,55 m k\u00f6z\u00f6tt. A fel\u00faj\u00edtott burkolat nagys\u00e1ga 341,42 m<sup>2<\/sup>.<\/p>\n<p>A fel\u00faj\u00edtott j\u00e1rdaszakaszok a 429, 144, 491, 336, 458, 430\/2, 210, 242-es helyrajzi sz\u00e1mon tal\u00e1lhat\u00f3k.<\/p>\n<p><strong>Befejezett munka menete:<\/strong><\/p>\n<ol>\n<li>Beton j\u00e1rd\u00e1k bont\u00e1sa 10 cm vastags\u00e1gig<\/li>\n<li>Monolit j\u00e1rda \u00e9p\u00edt\u00e9se betonb\u00f3l zsaluzatban, homokos kavicsos \u00e1gyazatra, fel\u00fclet k\u00e9pz\u00e9s, cs\u00fasz\u00e1smentes\u00edt\u00e9s.<\/li>\n<li>Ut\u00f3kezel\u00e9s<\/li>\n<\/ol>\n<p><strong>\u00a0<\/strong><strong>Eredm\u00e9nyek, hat\u00e1sok:<\/strong><\/p>\n<p>Telep\u00fcl\u00e9s\u00fcnk igyekszik folyamatosan sz\u00e9p\u00edteni, fejleszteni belter\u00fcleti j\u00e1rd\u00e1it, erre azonban forr\u00e1shi\u00e1ny miatt igen csek\u00e9ly lehet\u0151s\u00e9g\u00fcnk van. A beruh\u00e1z\u00e1ssal 13 ingatlan el\u0151tt a j\u00e1rdaszakasz fel\u00faj\u00edt\u00e1sa megt\u00f6rt\u00e9nt, ez\u00e1ltal ezeket a j\u00e1rdaszakaszokat mentes\u00edtett\u00fck a baleset lehet\u0151s\u00e9ge al\u00f3l. Az erre j\u00e1r\u00f3 lak\u00f3k most m\u00e1r biztons\u00e1gosan k\u00f6zlekedhetnek. A telep\u00fcl\u00e9sk\u00e9p javul\u00e1s\u00e1val a n\u00e9pess\u00e9gmegtart\u00f3 \u00e9s n\u00e9pess\u00e9gvonz\u00f3 er\u0151 is n\u00f6vekedhet. A fel\u00faj\u00edt\u00e1si munk\u00e1k c\u00e9lja a helyi k\u00f6zter\u00fcleteken id\u0151j\u00e1r\u00e1st\u00f3l f\u00fcggetlen tart\u00f3s \u00e9s biztons\u00e1gos j\u00e1rhat\u00f3s\u00e1g biztos\u00edt\u00e1sa, ingatlanok megfelel\u0151 k\u00e1rvesz\u00e9ly n\u00e9lk\u00fcli megk\u00f6zel\u00edthet\u0151s\u00e9ge, kedvez\u0151bb \u00e9s fenntarthat\u00f3bb k\u00f6zleked\u00e9si felt\u00e9telek \u00e9s eszt\u00e9tikus k\u00f6zter\u00fcletek biztos\u00edt\u00e1sa.<\/p>\n<p><strong>A beavatkoz\u00e1s:<\/strong>\u00a0a megl\u00e9v\u0151 burkolat elbont\u00e1sa, majd \u00faj p\u00e1lyaszerkezet \u00e9p\u00edt\u00e9se a megl\u00e9v\u0151 szerkezettel azonos helyen, sz\u00e9less\u00e9gben \u00e9s magass\u00e1gban.<\/p>\n<p>Az \u00faj szerkezet:<\/p>\n<p>&#8211; 10 cm vastag homokos, kavicsos \u00e1gyazat<\/p>\n<p>&#8211; 10 cm vastag beton<\/p>\n<p>&nbsp;<\/p>\n<p>&nbsp;<\/p>\n<p>&nbsp;<\/p>\n<p style=\"text-align: center;\"><a href=\"http:\/\/rem.hu\/?page_id=3092\">Vissza a(z) Magyar Falu Program p\u00e1ly\u00e1zathoz<\/a><\/p>\n","protected":false},"excerpt":{"rendered":"<p>&nbsp; P\u00e1ly\u00e1zat c\u00edme: \u00d6nkorm\u00e1nyzati j\u00e1rda\u00e9p\u00edt\u00e9s\/fel\u00faj\u00edt\u00e1s anyagt\u00e1mogat\u00e1sa- 2021. Projekt azonos\u00edt\u00f3ja: 3289990934 Kedvezm\u00e9nyezett neve: R\u00e9m K\u00f6zs\u00e9g \u00d6nkorm\u00e1nyzata Szerz\u0151d\u00f6tt t\u00e1mogat\u00e1si \u00f6sszeg:4 723 237,- Ft Projekt tartalm\u00e1nak bemutat\u00e1sa: R\u00e9m K\u00f6zs\u00e9g \u00d6nkorm\u00e1nyzata 2021-ben p\u00e1ly\u00e1zott az \u00d6nkorm\u00e1nyzati j\u00e1rda\u00e9p\u00edt\u00e9s\/fel\u00faj\u00edt\u00e1s anyagt\u00e1mogat\u00e1s \u2013 2021 c\u00edm\u0171, MFP-BJA\/2021 k\u00f3dsz\u00e1m\u00fa, 3289990934 azonos\u00edt\u00f3sz\u00e1m\u00fa projekt keret\u00e9ben utak fel\u00faj\u00edt\u00e1s\u00e1ra. Ennek sor\u00e1n a 2021. augusztus 12-\u00e9n kelt t\u00e1mogat\u00f3 okirat alapj\u00e1n 4.723.237&hellip;&nbsp;<a href=\"https:\/\/rem.hu\/?page_id=4096\" class=\"\" rel=\"bookmark\">Read More &raquo;<span class=\"screen-reader-text\">J\u00e1rdafel\u00faj\u00edt\u00e1s 2021<\/span><\/a><\/p>\n","protected":false},"author":1,"featured_media":0,"parent":4081,"menu_order":6,"comment_status":"closed","ping_status":"closed","template":"","meta":{"neve_meta_sidebar":"full-width","neve_meta_container":"","neve_meta_enable_content_width":"on","neve_meta_content_width":100,"neve_meta_title_alignment":"","neve_meta_author_avatar":"","neve_post_elements_order":"","neve_meta_disable_header":"","neve_meta_disable_footer":"","neve_meta_disable_title":"","footnotes":""},"_links":{"self":[{"href":"https:\/\/rem.hu\/index.php?rest_route=\/wp\/v2\/pages\/4096"}],"collection":[{"href":"https:\/\/rem.hu\/index.php?rest_route=\/wp\/v2\/pages"}],"about":[{"href":"https:\/\/rem.hu\/index.php?rest_route=\/wp\/v2\/types\/page"}],"author":[{"embeddable":true,"href":"https:\/\/rem.hu\/index.php?rest_route=\/wp\/v2\/users\/1"}],"replies":[{"embeddable":true,"href":"https:\/\/rem.hu\/index.php?rest_route=%2Fwp%2Fv2%2Fcomments&post=4096"}],"version-history":[{"count":5,"href":"https:\/\/rem.hu\/index.php?rest_route=\/wp\/v2\/pages\/4096\/revisions"}],"predecessor-version":[{"id":4320,"href":"https:\/\/rem.hu\/index.php?rest_route=\/wp\/v2\/pages\/4096\/revisions\/4320"}],"up":[{"embeddable":true,"href":"https:\/\/rem.hu\/index.php?rest_route=\/wp\/v2\/pages\/4081"}],"wp:attachment":[{"href":"https:\/\/rem.hu\/index.php?rest_route=%2Fwp%2Fv2%2Fmedia&parent=4096"}],"curies":[{"name":"wp","href":"https:\/\/api.w.org\/{rel}","templated":true}]}}