{"id":4094,"date":"2022-10-20T08:59:04","date_gmt":"2022-10-20T08:59:04","guid":{"rendered":"https:\/\/rem.hu\/?page_id=4094"},"modified":"2023-02-20T14:22:52","modified_gmt":"2023-02-20T14:22:52","slug":"ovodai-jatszoudvar-es-kozteruleti-jatszoter-fejlesztese-2021","status":"publish","type":"page","link":"https:\/\/rem.hu\/?page_id=4094","title":{"rendered":"\u00d3vodai j\u00e1tsz\u00f3udvar \u00e9s k\u00f6zter\u00fcleti j\u00e1tsz\u00f3t\u00e9r fejleszt\u00e9se 2021"},"content":{"rendered":"<p style=\"text-align: center;\">\u00d3vodai j\u00e1tsz\u00f3udvar \u00e9s k\u00f6zter\u00fcleti j\u00e1tsz\u00f3t\u00e9r fejleszt\u00e9se 2021<\/p>\n<p style=\"text-align: center;\"><a href=\"https:\/\/rem.hu\/wp-content\/uploads\/2023\/02\/falutabla-magyar-falu-tabla-1.jpg\"><img loading=\"lazy\" decoding=\"async\" class=\"alignnone  wp-image-4326\" src=\"https:\/\/rem.hu\/wp-content\/uploads\/2023\/02\/falutabla-magyar-falu-tabla-1-225x300.jpg\" alt=\"\" width=\"170\" height=\"227\" srcset=\"https:\/\/rem.hu\/wp-content\/uploads\/2023\/02\/falutabla-magyar-falu-tabla-1-225x300.jpg 225w, https:\/\/rem.hu\/wp-content\/uploads\/2023\/02\/falutabla-magyar-falu-tabla-1-768x1024.jpg 768w, https:\/\/rem.hu\/wp-content\/uploads\/2023\/02\/falutabla-magyar-falu-tabla-1-1152x1536.jpg 1152w, https:\/\/rem.hu\/wp-content\/uploads\/2023\/02\/falutabla-magyar-falu-tabla-1-1536x2048.jpg 1536w, https:\/\/rem.hu\/wp-content\/uploads\/2023\/02\/falutabla-magyar-falu-tabla-1.jpg 1728w\" sizes=\"(max-width: 170px) 100vw, 170px\" \/><\/a>\u00a0 <a href=\"https:\/\/rem.hu\/wp-content\/uploads\/2023\/02\/IMG_20200424_081503_resized_20200424_084324600.jpg\"><img loading=\"lazy\" decoding=\"async\" class=\"alignnone  wp-image-4328\" src=\"https:\/\/rem.hu\/wp-content\/uploads\/2023\/02\/IMG_20200424_081503_resized_20200424_084324600-225x300.jpg\" alt=\"\" width=\"170\" height=\"227\" srcset=\"https:\/\/rem.hu\/wp-content\/uploads\/2023\/02\/IMG_20200424_081503_resized_20200424_084324600-225x300.jpg 225w, https:\/\/rem.hu\/wp-content\/uploads\/2023\/02\/IMG_20200424_081503_resized_20200424_084324600-768x1024.jpg 768w, https:\/\/rem.hu\/wp-content\/uploads\/2023\/02\/IMG_20200424_081503_resized_20200424_084324600-1152x1536.jpg 1152w, https:\/\/rem.hu\/wp-content\/uploads\/2023\/02\/IMG_20200424_081503_resized_20200424_084324600-1536x2048.jpg 1536w, https:\/\/rem.hu\/wp-content\/uploads\/2023\/02\/IMG_20200424_081503_resized_20200424_084324600.jpg 1728w\" sizes=\"(max-width: 170px) 100vw, 170px\" \/><\/a><\/p>\n<p style=\"text-align: center;\"><a href=\"https:\/\/rem.hu\/wp-content\/uploads\/2023\/02\/264408198_318691263444277_3622311538071784726_n.jpg\"><img loading=\"lazy\" decoding=\"async\" class=\"alignnone  wp-image-4330\" src=\"https:\/\/rem.hu\/wp-content\/uploads\/2023\/02\/264408198_318691263444277_3622311538071784726_n-225x300.jpg\" alt=\"\" width=\"190\" height=\"253\" srcset=\"https:\/\/rem.hu\/wp-content\/uploads\/2023\/02\/264408198_318691263444277_3622311538071784726_n-225x300.jpg 225w, https:\/\/rem.hu\/wp-content\/uploads\/2023\/02\/264408198_318691263444277_3622311538071784726_n.jpg 720w\" sizes=\"(max-width: 190px) 100vw, 190px\" \/><\/a><\/p>\n<p>N\u00e9v: R\u00e9m K\u00f6zs\u00e9g \u00d6nkorm\u00e1nyzata<br \/>\nC\u00edm: 6446 R\u00e9m, M\u00e1jus 1. utca 17.<br \/>\nProjekt azonos\u00edt\u00f3ja: 3283068527<br \/>\nProjekt c\u00edme: \u00d3vodai j\u00e1tsz\u00f3udvar \u00e9s k\u00f6zter\u00fcleti j\u00e1tsz\u00f3t\u00e9r fejleszt\u00e9se -2021 MFP-OJKJF\/2021<\/p>\n<p>A projekt keret\u00e9ben az R\u00e9m K\u00f6zs\u00e9g \u00d6nkorm\u00e1nyzata tulajdon\u00e1ban l\u00e9v\u0151 j\u00e1tsz\u00f3t\u00e9r fel\u00faj\u00edt\u00e1s\u00e1t val\u00f3s\u00edtottuk meg. A kivitelez\u00e9si munk\u00e1latokat a Ecogarden Kft. v\u00e9gezte. A projekt c\u00e9lja, hogy a vid\u00e9ki kistelep\u00fcl\u00e9seken \u00e9l\u0151 gyermekek eg\u00e9szs\u00e9ges testi \u00e9s lelki fejl\u0151d\u00e9s\u00e9t seg\u00edtse \u00e9s lehet\u0151s\u00e9get biztos\u00edtson a szabadid\u0151 elt\u00f6lt\u00e9s\u00e9re gener\u00e1ci\u00f3kt\u00f3l f\u00fcggetlen\u00fcl. A projekt hozz\u00e1j\u00e1rult telep\u00fcl\u00e9s\u00fcnk h\u00e1tr\u00e1nyainak m\u00e9rs\u00e9kl\u00e9s\u00e9hez, az \u00e9letmin\u0151s\u00e9g \u00e9s a k\u00f6zszolg\u00e1ltat\u00e1sok el\u00e9rhet\u0151s\u00e9g\u00e9nek jav\u00edt\u00e1s\u00e1hoz. A projekt r\u00e9szek\u00e9nt lehet\u0151s\u00e9g\u00fcnk volt, hogy el\u00e9rhet\u0151v\u00e9 v\u00e1ljon a biztons\u00e1gos, v\u00e1ltozatos j\u00e1t\u00e9kokkal felszerelt j\u00e1tsz\u00f3t\u00e9r kisgyermekeink r\u00e9sz\u00e9re. A projekt sor\u00e1n \u00faj korszer\u0171 j\u00e1tsz\u00f3t\u00e9r kialak\u00edt\u00e1sa volt a c\u00e9l: beszerzett j\u00e1tsz\u00f3t\u00e9ri eszk\u00f6z\u00f6k: 1 db Typ 300 k\u00f6t\u00e9lpiramis 95cm-es es\u00e9smagass\u00e1ggal, 1 db Jump M (2x2m kerettel, az ugr\u00e1l\u00f3 fel\u00fclet 1,5*1,5m) s\u00fcllyesztett trambulin, 1 db K\u00f6t\u00e9lp\u00e1lya (25m) es\u00e9smagass\u00e1g 1 m\u00e9ter, 1 db mini v\u00e1r alag\u00fattal, zsindelytet\u0151vel, es\u00e9smagass\u00e1g 1 m\u00e9ter. C\u00e9l a hagyom\u00e1nyos vid\u00e9ki k\u00f6z\u00f6ss\u00e9gi \u00e9let meger\u0151s\u00f6d\u00e9se, ezzel teret adva a fiatal gener\u00e1ci\u00f3k sz\u00e1m\u00e1ra. A program es\u00e9lyt ad a szabadid\u0151s tev\u00e9kenys\u00e9gek fejl\u0151d\u00e9s\u00e9hez. Az \u00faj j\u00e1tsz\u00f3t\u00e9rnek k\u00f6zponti szerepet t\u00f6lt be a csal\u00e1dosok \u00e9let\u00e9ben elhelyezked\u00e9se \u00e9s felszerelts\u00e9ge r\u00e9v\u00e9n. A j\u00e1t\u00e9kok a gyermekek mozg\u00e1sig\u00e9ny\u00e9t \u00e9s kreativit\u00e1s\u00e1t szolg\u00e1lja. A fenti k\u00fclt\u00e9ri j\u00e1t\u00e9kelemek T\u00dcV min\u0151s\u00edt\u00e9ssel rendelkeznek.<\/p>\n<p>Elk\u00e9sz\u00fclt a projekt t\u00e1j\u00e9koztat\u00f3t\u00e1bla, amely a formai k\u00f6vetelm\u00e9nyeknek megfelel\u0151. A T\u00e1mogat\u00f3 t\u00e1bl\u00e1n elhelyez\u00e9sre ker\u00fcltek a k\u00f6telez\u0151en r\u00e1jegyzend\u0151 adatok: Magyar Falu Program log\u00f3, a Projekt megnevez\u00e9se, a Projekt t\u00e1mogat\u00e1si \u00f6sszege a Projekt megval\u00f3s\u00edt\u00e1s\u00e1nak \u00e9ve.<br \/>\nA k\u00f6telez\u0151 t\u00e1j\u00e9koztat\u00e1si \u00e9s nyilv\u00e1noss\u00e1gi k\u00f6vetelm\u00e9nyekkel kapcsolatosan nyilatkozom, hogy a kihelyezett t\u00e1bl\u00e1k a formai \u00e9s tartalmi k\u00f6vetelm\u00e9nyeknek megfelelnek, azok az Arculati k\u00e9zik\u00f6nyv felt\u00e9telei szerint ker\u00fcltek megval\u00f3s\u00edt\u00e1sra.<\/p>\n<p>Elmondhat\u00f3, hogy a projekt r\u00f6vid id\u0151n bel\u00fcl, beszerz\u00e9sekkel, aktiv\u00e1l\u00e1ssal, menedzsel\u00e9ssel, t\u00e1j\u00e9koztat\u00e1ssal 100%-ban megval\u00f3sult. Tapasztalatok: Sikeres projektz\u00e1r\u00e1s val\u00f3sult meg. A falut\u00e1bla kihelyez\u00e9sre ker\u00fclt a telep\u00fcl\u00e9si t\u00e1bl\u00e1kra, melyr\u0151l fot\u00f3dokument\u00e1ci\u00f3t csatoltuk.<\/p>\n<p>&nbsp;<\/p>\n<p>&nbsp;<\/p>\n<p>&nbsp;<\/p>\n<p style=\"text-align: center;\"><a href=\"http:\/\/rem.hu\/?page_id=3092\">Vissza a(z) Magyar Falu Program p\u00e1ly\u00e1zathoz<\/a><\/p>\n","protected":false},"excerpt":{"rendered":"<p>\u00d3vodai j\u00e1tsz\u00f3udvar \u00e9s k\u00f6zter\u00fcleti j\u00e1tsz\u00f3t\u00e9r fejleszt\u00e9se 2021 \u00a0 N\u00e9v: R\u00e9m K\u00f6zs\u00e9g \u00d6nkorm\u00e1nyzata C\u00edm: 6446 R\u00e9m, M\u00e1jus 1. utca 17. Projekt azonos\u00edt\u00f3ja: 3283068527 Projekt c\u00edme: \u00d3vodai j\u00e1tsz\u00f3udvar \u00e9s k\u00f6zter\u00fcleti j\u00e1tsz\u00f3t\u00e9r fejleszt\u00e9se -2021 MFP-OJKJF\/2021 A projekt keret\u00e9ben az R\u00e9m K\u00f6zs\u00e9g \u00d6nkorm\u00e1nyzata tulajdon\u00e1ban l\u00e9v\u0151 j\u00e1tsz\u00f3t\u00e9r fel\u00faj\u00edt\u00e1s\u00e1t val\u00f3s\u00edtottuk meg. A kivitelez\u00e9si munk\u00e1latokat a Ecogarden Kft. v\u00e9gezte. A projekt c\u00e9lja,&hellip;&nbsp;<a href=\"https:\/\/rem.hu\/?page_id=4094\" class=\"\" rel=\"bookmark\">Read More &raquo;<span class=\"screen-reader-text\">\u00d3vodai j\u00e1tsz\u00f3udvar \u00e9s k\u00f6zter\u00fcleti j\u00e1tsz\u00f3t\u00e9r fejleszt\u00e9se 2021<\/span><\/a><\/p>\n","protected":false},"author":1,"featured_media":0,"parent":4081,"menu_order":5,"comment_status":"closed","ping_status":"closed","template":"","meta":{"neve_meta_sidebar":"full-width","neve_meta_container":"","neve_meta_enable_content_width":"on","neve_meta_content_width":100,"neve_meta_title_alignment":"","neve_meta_author_avatar":"","neve_post_elements_order":"","neve_meta_disable_header":"","neve_meta_disable_footer":"","neve_meta_disable_title":"","footnotes":""},"_links":{"self":[{"href":"https:\/\/rem.hu\/index.php?rest_route=\/wp\/v2\/pages\/4094"}],"collection":[{"href":"https:\/\/rem.hu\/index.php?rest_route=\/wp\/v2\/pages"}],"about":[{"href":"https:\/\/rem.hu\/index.php?rest_route=\/wp\/v2\/types\/page"}],"author":[{"embeddable":true,"href":"https:\/\/rem.hu\/index.php?rest_route=\/wp\/v2\/users\/1"}],"replies":[{"embeddable":true,"href":"https:\/\/rem.hu\/index.php?rest_route=%2Fwp%2Fv2%2Fcomments&post=4094"}],"version-history":[{"count":4,"href":"https:\/\/rem.hu\/index.php?rest_route=\/wp\/v2\/pages\/4094\/revisions"}],"predecessor-version":[{"id":4331,"href":"https:\/\/rem.hu\/index.php?rest_route=\/wp\/v2\/pages\/4094\/revisions\/4331"}],"up":[{"embeddable":true,"href":"https:\/\/rem.hu\/index.php?rest_route=\/wp\/v2\/pages\/4081"}],"wp:attachment":[{"href":"https:\/\/rem.hu\/index.php?rest_route=%2Fwp%2Fv2%2Fmedia&parent=4094"}],"curies":[{"name":"wp","href":"https:\/\/api.w.org\/{rel}","templated":true}]}}