{"id":4092,"date":"2022-10-20T08:58:34","date_gmt":"2022-10-20T08:58:34","guid":{"rendered":"https:\/\/rem.hu\/?page_id=4092"},"modified":"2023-02-20T14:34:22","modified_gmt":"2023-02-20T14:34:22","slug":"kozossegszervezeshez-kapcsolodo-eszkozbeszerzes-es-kozossegszervezo-bertamogatasa-2021","status":"publish","type":"page","link":"https:\/\/rem.hu\/?page_id=4092","title":{"rendered":"K\u00f6z\u00f6ss\u00e9gszervez\u0151 \u00e9s eszk\u00f6zbeszerz\u00e9s 2021"},"content":{"rendered":"<p style=\"text-align: center;\">K\u00f6z\u00f6ss\u00e9gszervez\u0151 \u00e9s eszk\u00f6zbeszerz\u00e9s 2021<\/p>\n<p style=\"text-align: center;\">\u00a0<a href=\"https:\/\/rem.hu\/wp-content\/uploads\/2023\/02\/received_507991531149556.jpeg\"><img loading=\"lazy\" decoding=\"async\" class=\"alignnone size-medium wp-image-4335\" src=\"https:\/\/rem.hu\/wp-content\/uploads\/2023\/02\/received_507991531149556-300x224.jpeg\" alt=\"\" width=\"300\" height=\"224\" srcset=\"https:\/\/rem.hu\/wp-content\/uploads\/2023\/02\/received_507991531149556-300x224.jpeg 300w, https:\/\/rem.hu\/wp-content\/uploads\/2023\/02\/received_507991531149556-1024x766.jpeg 1024w, https:\/\/rem.hu\/wp-content\/uploads\/2023\/02\/received_507991531149556-768x574.jpeg 768w, https:\/\/rem.hu\/wp-content\/uploads\/2023\/02\/received_507991531149556-1536x1149.jpeg 1536w, https:\/\/rem.hu\/wp-content\/uploads\/2023\/02\/received_507991531149556.jpeg 2000w\" sizes=\"(max-width: 300px) 100vw, 300px\" \/><\/a>\u00a0 <a href=\"https:\/\/rem.hu\/wp-content\/uploads\/2023\/02\/received_482149467170897.jpeg\"><img loading=\"lazy\" decoding=\"async\" class=\"alignnone size-medium wp-image-4338\" src=\"https:\/\/rem.hu\/wp-content\/uploads\/2023\/02\/received_482149467170897-300x224.jpeg\" alt=\"\" width=\"300\" height=\"224\" srcset=\"https:\/\/rem.hu\/wp-content\/uploads\/2023\/02\/received_482149467170897-300x224.jpeg 300w, https:\/\/rem.hu\/wp-content\/uploads\/2023\/02\/received_482149467170897-1024x766.jpeg 1024w, https:\/\/rem.hu\/wp-content\/uploads\/2023\/02\/received_482149467170897-768x574.jpeg 768w, https:\/\/rem.hu\/wp-content\/uploads\/2023\/02\/received_482149467170897-1536x1149.jpeg 1536w, https:\/\/rem.hu\/wp-content\/uploads\/2023\/02\/received_482149467170897.jpeg 2000w\" sizes=\"(max-width: 300px) 100vw, 300px\" \/><\/a><\/p>\n<p style=\"text-align: center;\"><a href=\"http:\/\/rem.hu\/?page_id=3092\">Vissza a(z) Magyar Falu Program p\u00e1ly\u00e1zathoz<\/a><\/p>\n","protected":false},"excerpt":{"rendered":"<p>K\u00f6z\u00f6ss\u00e9gszervez\u0151 \u00e9s eszk\u00f6zbeszerz\u00e9s 2021 \u00a0\u00a0 Vissza a(z) Magyar Falu Program p\u00e1ly\u00e1zathoz<\/p>\n","protected":false},"author":1,"featured_media":0,"parent":4081,"menu_order":4,"comment_status":"closed","ping_status":"closed","template":"","meta":{"neve_meta_sidebar":"full-width","neve_meta_container":"","neve_meta_enable_content_width":"on","neve_meta_content_width":100,"neve_meta_title_alignment":"","neve_meta_author_avatar":"","neve_post_elements_order":"","neve_meta_disable_header":"","neve_meta_disable_footer":"","neve_meta_disable_title":"","footnotes":""},"_links":{"self":[{"href":"https:\/\/rem.hu\/index.php?rest_route=\/wp\/v2\/pages\/4092"}],"collection":[{"href":"https:\/\/rem.hu\/index.php?rest_route=\/wp\/v2\/pages"}],"about":[{"href":"https:\/\/rem.hu\/index.php?rest_route=\/wp\/v2\/types\/page"}],"author":[{"embeddable":true,"href":"https:\/\/rem.hu\/index.php?rest_route=\/wp\/v2\/users\/1"}],"replies":[{"embeddable":true,"href":"https:\/\/rem.hu\/index.php?rest_route=%2Fwp%2Fv2%2Fcomments&post=4092"}],"version-history":[{"count":5,"href":"https:\/\/rem.hu\/index.php?rest_route=\/wp\/v2\/pages\/4092\/revisions"}],"predecessor-version":[{"id":4339,"href":"https:\/\/rem.hu\/index.php?rest_route=\/wp\/v2\/pages\/4092\/revisions\/4339"}],"up":[{"embeddable":true,"href":"https:\/\/rem.hu\/index.php?rest_route=\/wp\/v2\/pages\/4081"}],"wp:attachment":[{"href":"https:\/\/rem.hu\/index.php?rest_route=%2Fwp%2Fv2%2Fmedia&parent=4092"}],"curies":[{"name":"wp","href":"https:\/\/api.w.org\/{rel}","templated":true}]}}