{"id":4076,"date":"2022-10-20T08:06:54","date_gmt":"2022-10-20T08:06:54","guid":{"rendered":"https:\/\/rem.hu\/?page_id=4076"},"modified":"2022-10-20T09:17:37","modified_gmt":"2022-10-20T09:17:37","slug":"2020-2","status":"publish","type":"page","link":"https:\/\/rem.hu\/?page_id=4076","title":{"rendered":"2020"},"content":{"rendered":"<h1 style=\"text-align: center;\"><strong>Magyar Falu Program <\/strong><\/h1>\n<h1 style=\"text-align: center;\"><strong>2020<\/strong><\/h1>\n<p>&nbsp;<\/p>\n<p>&nbsp;<\/p>\n<p style=\"text-align: center;\"><a href=\"http:\/\/rem.hu\/?page_id=4063\">Elhagyott ingatlanok k\u00f6zc\u00e9lra t\u00f6rt\u00e9n\u0151 megv\u00e1s\u00e1rl\u00e1sa<\/a><\/p>\n<p style=\"text-align: center;\"><a href=\"http:\/\/rem.hu\/?page_id=4065\">Orvosi eszk\u00f6z\u00f6k<\/a><\/p>\n<p>&nbsp;<\/p>\n<p>&nbsp;<\/p>\n<p>&nbsp;<\/p>\n<p style=\"text-align: center;\"><a href=\"http:\/\/rem.hu\/?page_id=3092\">Vissza a(z) Magyar Falu Program p\u00e1ly\u00e1zathoz<\/a><\/p>\n","protected":false},"excerpt":{"rendered":"<p>Magyar Falu Program 2020 &nbsp; &nbsp; Elhagyott ingatlanok k\u00f6zc\u00e9lra t\u00f6rt\u00e9n\u0151 megv\u00e1s\u00e1rl\u00e1sa Orvosi eszk\u00f6z\u00f6k &nbsp; &nbsp; &nbsp; Vissza a(z) Magyar Falu Program p\u00e1ly\u00e1zathoz<\/p>\n","protected":false},"author":1,"featured_media":0,"parent":3092,"menu_order":2,"comment_status":"closed","ping_status":"closed","template":"","meta":{"neve_meta_sidebar":"full-width","neve_meta_container":"","neve_meta_enable_content_width":"on","neve_meta_content_width":100,"neve_meta_title_alignment":"","neve_meta_author_avatar":"","neve_post_elements_order":"","neve_meta_disable_header":"","neve_meta_disable_footer":"","neve_meta_disable_title":"","footnotes":""},"_links":{"self":[{"href":"https:\/\/rem.hu\/index.php?rest_route=\/wp\/v2\/pages\/4076"}],"collection":[{"href":"https:\/\/rem.hu\/index.php?rest_route=\/wp\/v2\/pages"}],"about":[{"href":"https:\/\/rem.hu\/index.php?rest_route=\/wp\/v2\/types\/page"}],"author":[{"embeddable":true,"href":"https:\/\/rem.hu\/index.php?rest_route=\/wp\/v2\/users\/1"}],"replies":[{"embeddable":true,"href":"https:\/\/rem.hu\/index.php?rest_route=%2Fwp%2Fv2%2Fcomments&post=4076"}],"version-history":[{"count":4,"href":"https:\/\/rem.hu\/index.php?rest_route=\/wp\/v2\/pages\/4076\/revisions"}],"predecessor-version":[{"id":4084,"href":"https:\/\/rem.hu\/index.php?rest_route=\/wp\/v2\/pages\/4076\/revisions\/4084"}],"up":[{"embeddable":true,"href":"https:\/\/rem.hu\/index.php?rest_route=\/wp\/v2\/pages\/3092"}],"wp:attachment":[{"href":"https:\/\/rem.hu\/index.php?rest_route=%2Fwp%2Fv2%2Fmedia&parent=4076"}],"curies":[{"name":"wp","href":"https:\/\/api.w.org\/{rel}","templated":true}]}}