{"id":4069,"date":"2022-10-20T08:00:55","date_gmt":"2022-10-20T08:00:55","guid":{"rendered":"https:\/\/rem.hu\/?page_id=4069"},"modified":"2022-10-20T09:17:20","modified_gmt":"2022-10-20T09:17:20","slug":"magyar-falu-program-2019","status":"publish","type":"page","link":"https:\/\/rem.hu\/?page_id=4069","title":{"rendered":"2019"},"content":{"rendered":"<h1 style=\"text-align: center;\"><strong>Magyar Falu Program <\/strong><\/h1>\n<h1 style=\"text-align: center;\"><strong>2019<\/strong><\/h1>\n<p>&nbsp;<\/p>\n<p style=\"text-align: center;\"><a href=\"http:\/\/rem.hu\/?page_id=3752\">Orvosi rendel\u0151<\/a><\/p>\n<p style=\"text-align: center;\"><a href=\"http:\/\/rem.hu\/?page_id=4056\">Temet\u0151<\/a><\/p>\n<p style=\"text-align: center;\"><a href=\"http:\/\/rem.hu\/?page_id=4060\">M\u0171vel\u0151d\u00e9si H\u00e1z<\/a><\/p>\n<p>&nbsp;<\/p>\n<p>&nbsp;<\/p>\n<p style=\"text-align: center;\"><a href=\"http:\/\/rem.hu\/?page_id=3092\">Vissza a(z) Magyar Falu Program p\u00e1ly\u00e1zathoz<\/a><\/p>\n","protected":false},"excerpt":{"rendered":"<p>Magyar Falu Program 2019 &nbsp; Orvosi rendel\u0151 Temet\u0151 M\u0171vel\u0151d\u00e9si H\u00e1z &nbsp; &nbsp; Vissza a(z) Magyar Falu Program p\u00e1ly\u00e1zathoz<\/p>\n","protected":false},"author":1,"featured_media":0,"parent":3092,"menu_order":1,"comment_status":"closed","ping_status":"closed","template":"","meta":{"neve_meta_sidebar":"full-width","neve_meta_container":"","neve_meta_enable_content_width":"on","neve_meta_content_width":100,"neve_meta_title_alignment":"","neve_meta_author_avatar":"","neve_post_elements_order":"","neve_meta_disable_header":"","neve_meta_disable_footer":"","neve_meta_disable_title":"","footnotes":""},"_links":{"self":[{"href":"https:\/\/rem.hu\/index.php?rest_route=\/wp\/v2\/pages\/4069"}],"collection":[{"href":"https:\/\/rem.hu\/index.php?rest_route=\/wp\/v2\/pages"}],"about":[{"href":"https:\/\/rem.hu\/index.php?rest_route=\/wp\/v2\/types\/page"}],"author":[{"embeddable":true,"href":"https:\/\/rem.hu\/index.php?rest_route=\/wp\/v2\/users\/1"}],"replies":[{"embeddable":true,"href":"https:\/\/rem.hu\/index.php?rest_route=%2Fwp%2Fv2%2Fcomments&post=4069"}],"version-history":[{"count":6,"href":"https:\/\/rem.hu\/index.php?rest_route=\/wp\/v2\/pages\/4069\/revisions"}],"predecessor-version":[{"id":4078,"href":"https:\/\/rem.hu\/index.php?rest_route=\/wp\/v2\/pages\/4069\/revisions\/4078"}],"up":[{"embeddable":true,"href":"https:\/\/rem.hu\/index.php?rest_route=\/wp\/v2\/pages\/3092"}],"wp:attachment":[{"href":"https:\/\/rem.hu\/index.php?rest_route=%2Fwp%2Fv2%2Fmedia&parent=4069"}],"curies":[{"name":"wp","href":"https:\/\/api.w.org\/{rel}","templated":true}]}}