{"id":4063,"date":"2022-10-20T07:54:31","date_gmt":"2022-10-20T07:54:31","guid":{"rendered":"https:\/\/rem.hu\/?page_id=4063"},"modified":"2022-10-20T12:51:17","modified_gmt":"2022-10-20T12:51:17","slug":"magyar-falu-program-elhagyott-ingatlanok-kozcelra-torteno-megvasarlasa-2020","status":"publish","type":"page","link":"https:\/\/rem.hu\/?page_id=4063","title":{"rendered":"Elhagyott ingatlanok k\u00f6zc\u00e9lra t\u00f6rt\u00e9n\u0151 megv\u00e1s\u00e1rl\u00e1sa 2020"},"content":{"rendered":"<p style=\"text-align: center;\">Elhagyott ingatlanok k\u00f6zc\u00e9lra t\u00f6rt\u00e9n\u0151 megv\u00e1s\u00e1rl\u00e1sa 2020<\/p>\n<p style=\"text-align: center;\">Kit\u00f6lt\u00e9s alatt!<\/p>\n<p style=\"text-align: center;\"><a href=\"http:\/\/rem.hu\/?page_id=3092\">Vissza a(z) Magyar Falu Program p\u00e1ly\u00e1zathoz<\/a><\/p>\n","protected":false},"excerpt":{"rendered":"<p>Elhagyott ingatlanok k\u00f6zc\u00e9lra t\u00f6rt\u00e9n\u0151 megv\u00e1s\u00e1rl\u00e1sa 2020 Kit\u00f6lt\u00e9s alatt! Vissza a(z) Magyar Falu Program p\u00e1ly\u00e1zathoz<\/p>\n","protected":false},"author":1,"featured_media":0,"parent":4076,"menu_order":1,"comment_status":"closed","ping_status":"closed","template":"","meta":{"neve_meta_sidebar":"full-width","neve_meta_container":"","neve_meta_enable_content_width":"on","neve_meta_content_width":100,"neve_meta_title_alignment":"","neve_meta_author_avatar":"","neve_post_elements_order":"","neve_meta_disable_header":"","neve_meta_disable_footer":"","neve_meta_disable_title":"","footnotes":""},"_links":{"self":[{"href":"https:\/\/rem.hu\/index.php?rest_route=\/wp\/v2\/pages\/4063"}],"collection":[{"href":"https:\/\/rem.hu\/index.php?rest_route=\/wp\/v2\/pages"}],"about":[{"href":"https:\/\/rem.hu\/index.php?rest_route=\/wp\/v2\/types\/page"}],"author":[{"embeddable":true,"href":"https:\/\/rem.hu\/index.php?rest_route=\/wp\/v2\/users\/1"}],"replies":[{"embeddable":true,"href":"https:\/\/rem.hu\/index.php?rest_route=%2Fwp%2Fv2%2Fcomments&post=4063"}],"version-history":[{"count":4,"href":"https:\/\/rem.hu\/index.php?rest_route=\/wp\/v2\/pages\/4063\/revisions"}],"predecessor-version":[{"id":4197,"href":"https:\/\/rem.hu\/index.php?rest_route=\/wp\/v2\/pages\/4063\/revisions\/4197"}],"up":[{"embeddable":true,"href":"https:\/\/rem.hu\/index.php?rest_route=\/wp\/v2\/pages\/4076"}],"wp:attachment":[{"href":"https:\/\/rem.hu\/index.php?rest_route=%2Fwp%2Fv2%2Fmedia&parent=4063"}],"curies":[{"name":"wp","href":"https:\/\/api.w.org\/{rel}","templated":true}]}}