{"id":4060,"date":"2022-10-20T07:52:16","date_gmt":"2022-10-20T07:52:16","guid":{"rendered":"https:\/\/rem.hu\/?page_id=4060"},"modified":"2022-10-20T09:59:49","modified_gmt":"2022-10-20T09:59:49","slug":"muvelodesi-haz-2020","status":"publish","type":"page","link":"https:\/\/rem.hu\/?page_id=4060","title":{"rendered":"M\u0171vel\u0151d\u00e9si H\u00e1z 2020"},"content":{"rendered":"<p style=\"text-align: center;\">M\u0171vel\u0151d\u00e9si H\u00e1z 2020<\/p>\n<p style=\"text-align: center;\">Kit\u00f6lt\u00e9s alatt!<\/p>\n<p style=\"text-align: center;\">\n<p style=\"text-align: center;\">\n<p style=\"text-align: center;\"><a href=\"http:\/\/rem.hu\/?page_id=3092\">Vissza a(z) Magyar Falu Program p\u00e1ly\u00e1zathoz<\/a><\/p>\n","protected":false},"excerpt":{"rendered":"<p>M\u0171vel\u0151d\u00e9si H\u00e1z 2020 Kit\u00f6lt\u00e9s alatt! Vissza a(z) Magyar Falu Program p\u00e1ly\u00e1zathoz<\/p>\n","protected":false},"author":1,"featured_media":0,"parent":4069,"menu_order":3,"comment_status":"closed","ping_status":"closed","template":"","meta":{"neve_meta_sidebar":"full-width","neve_meta_container":"","neve_meta_enable_content_width":"on","neve_meta_content_width":100,"neve_meta_title_alignment":"","neve_meta_author_avatar":"","neve_post_elements_order":"","neve_meta_disable_header":"","neve_meta_disable_footer":"","neve_meta_disable_title":"","footnotes":""},"_links":{"self":[{"href":"https:\/\/rem.hu\/index.php?rest_route=\/wp\/v2\/pages\/4060"}],"collection":[{"href":"https:\/\/rem.hu\/index.php?rest_route=\/wp\/v2\/pages"}],"about":[{"href":"https:\/\/rem.hu\/index.php?rest_route=\/wp\/v2\/types\/page"}],"author":[{"embeddable":true,"href":"https:\/\/rem.hu\/index.php?rest_route=\/wp\/v2\/users\/1"}],"replies":[{"embeddable":true,"href":"https:\/\/rem.hu\/index.php?rest_route=%2Fwp%2Fv2%2Fcomments&post=4060"}],"version-history":[{"count":2,"href":"https:\/\/rem.hu\/index.php?rest_route=\/wp\/v2\/pages\/4060\/revisions"}],"predecessor-version":[{"id":4155,"href":"https:\/\/rem.hu\/index.php?rest_route=\/wp\/v2\/pages\/4060\/revisions\/4155"}],"up":[{"embeddable":true,"href":"https:\/\/rem.hu\/index.php?rest_route=\/wp\/v2\/pages\/4069"}],"wp:attachment":[{"href":"https:\/\/rem.hu\/index.php?rest_route=%2Fwp%2Fv2%2Fmedia&parent=4060"}],"curies":[{"name":"wp","href":"https:\/\/api.w.org\/{rel}","templated":true}]}}