{"id":3905,"date":"2021-11-02T09:09:31","date_gmt":"2021-11-02T09:09:31","guid":{"rendered":"https:\/\/rem.hu\/?page_id=3905"},"modified":"2026-04-14T11:49:24","modified_gmt":"2026-04-14T11:49:24","slug":"kozerdeku-adatok-2","status":"publish","type":"page","link":"https:\/\/rem.hu\/?page_id=3905","title":{"rendered":"V\u00e1laszt\u00e1s 2026"},"content":{"rendered":"<h1 style=\"text-align: center;\"><span style=\"color: #ff0000;\">V\u00c1LASZT\u00c1S 2026.<\/span><\/h1>\n<h3 style=\"text-align: center;\"><strong>V\u00e1laszt\u00e1ssal kapcsolatos tudnival\u00f3k:<\/strong><\/h3>\n<h3 style=\"text-align: center;\"><a href=\"https:\/\/vtr.valasztas.hu\/ogy2026\">https:\/\/vtr.valasztas.hu\/ogy2026<\/a><\/h3>\n\n\n<div data-wp-interactive=\"core\/file\" class=\"wp-block-file\"><object data-wp-bind--hidden=\"!state.hasPdfPreview\"  class=\"wp-block-file__embed\" data=\"https:\/\/rem.hu\/wp-content\/uploads\/2026\/01\/123-2024-V-29-KT-HVB-tagok-modositas-1.pdf\" type=\"application\/pdf\" style=\"width:100%;height:600px\" aria-label=\"123-2024-V-29-KT-HVB-tagok-modositas-1 be\u00e1gyaz\u00e1sa\"><\/object><a id=\"wp-block-file--media-512f3210-0010-4aed-af97-2c3144bade0f\" href=\"https:\/\/rem.hu\/wp-content\/uploads\/2026\/01\/123-2024-V-29-KT-HVB-tagok-modositas-1.pdf\">123-2024-V-29-KT-HVB-tagok-modositas-1<\/a><a href=\"https:\/\/rem.hu\/wp-content\/uploads\/2026\/01\/123-2024-V-29-KT-HVB-tagok-modositas-1.pdf\" class=\"wp-block-file__button wp-element-button\" download aria-describedby=\"wp-block-file--media-512f3210-0010-4aed-af97-2c3144bade0f\">Let\u00f6lt\u00e9s<\/a><\/div>\n\n\n\n<div data-wp-interactive=\"core\/file\" class=\"wp-block-file\"><object data-wp-bind--hidden=\"!state.hasPdfPreview\"  class=\"wp-block-file__embed\" data=\"https:\/\/rem.hu\/wp-content\/uploads\/2026\/01\/MK_26_004.pdf\" type=\"application\/pdf\" style=\"width:100%;height:600px\" aria-label=\"MK_26_004 be\u00e1gyaz\u00e1sa\"><\/object><a id=\"wp-block-file--media-9a079d7b-a281-4b7e-a8fd-a2e1e019b9ad\" href=\"https:\/\/rem.hu\/wp-content\/uploads\/2026\/01\/MK_26_004.pdf\">MK_26_004<\/a><a href=\"https:\/\/rem.hu\/wp-content\/uploads\/2026\/01\/MK_26_004.pdf\" class=\"wp-block-file__button wp-element-button\" download aria-describedby=\"wp-block-file--media-9a079d7b-a281-4b7e-a8fd-a2e1e019b9ad\">Let\u00f6lt\u00e9s<\/a><\/div>\n\n\n\n<div data-wp-interactive=\"core\/file\" class=\"wp-block-file\"><object data-wp-bind--hidden=\"!state.hasPdfPreview\"  class=\"wp-block-file__embed\" data=\"https:\/\/rem.hu\/wp-content\/uploads\/2026\/02\/HVI-tagok-kijelolese.pdf\" type=\"application\/pdf\" style=\"width:100%;height:600px\" aria-label=\"HVI-tagok-kijelolese be\u00e1gyaz\u00e1sa\"><\/object><a id=\"wp-block-file--media-9c45a296-6565-45ca-aa8b-f18f9a76b52a\" href=\"https:\/\/rem.hu\/wp-content\/uploads\/2026\/02\/HVI-tagok-kijelolese.pdf\">HVI-tagok-kijelolese<\/a><a href=\"https:\/\/rem.hu\/wp-content\/uploads\/2026\/02\/HVI-tagok-kijelolese.pdf\" class=\"wp-block-file__button wp-element-button\" download aria-describedby=\"wp-block-file--media-9c45a296-6565-45ca-aa8b-f18f9a76b52a\">Let\u00f6lt\u00e9s<\/a><\/div>\n\n\n\n<div data-wp-interactive=\"core\/file\" class=\"wp-block-file\"><object data-wp-bind--hidden=\"!state.hasPdfPreview\"  class=\"wp-block-file__embed\" data=\"https:\/\/rem.hu\/wp-content\/uploads\/2026\/03\/HVI-tagok-modositasa-20260312.pdf\" type=\"application\/pdf\" style=\"width:100%;height:600px\" aria-label=\"HVI-tagok-modositasa-20260312 be\u00e1gyaz\u00e1sa\"><\/object><a id=\"wp-block-file--media-69c64546-069c-49c2-b3f4-60a12a5e6e29\" href=\"https:\/\/rem.hu\/wp-content\/uploads\/2026\/03\/HVI-tagok-modositasa-20260312.pdf\">HVI-tagok-modositasa-20260312<\/a><a href=\"https:\/\/rem.hu\/wp-content\/uploads\/2026\/03\/HVI-tagok-modositasa-20260312.pdf\" class=\"wp-block-file__button wp-element-button\" download aria-describedby=\"wp-block-file--media-69c64546-069c-49c2-b3f4-60a12a5e6e29\">Let\u00f6lt\u00e9s<\/a><\/div>\n","protected":false},"excerpt":{"rendered":"<p>V\u00c1LASZT\u00c1S 2026. V\u00e1laszt\u00e1ssal kapcsolatos tudnival\u00f3k: https:\/\/vtr.valasztas.hu\/ogy2026<\/p>\n","protected":false},"author":1,"featured_media":0,"parent":0,"menu_order":0,"comment_status":"closed","ping_status":"closed","template":"","meta":{"neve_meta_sidebar":"full-width","neve_meta_container":"","neve_meta_enable_content_width":"on","neve_meta_content_width":100,"neve_meta_title_alignment":"","neve_meta_author_avatar":"","neve_post_elements_order":"","neve_meta_disable_header":"","neve_meta_disable_footer":"","neve_meta_disable_title":"","footnotes":""},"_links":{"self":[{"href":"https:\/\/rem.hu\/index.php?rest_route=\/wp\/v2\/pages\/3905"}],"collection":[{"href":"https:\/\/rem.hu\/index.php?rest_route=\/wp\/v2\/pages"}],"about":[{"href":"https:\/\/rem.hu\/index.php?rest_route=\/wp\/v2\/types\/page"}],"author":[{"embeddable":true,"href":"https:\/\/rem.hu\/index.php?rest_route=\/wp\/v2\/users\/1"}],"replies":[{"embeddable":true,"href":"https:\/\/rem.hu\/index.php?rest_route=%2Fwp%2Fv2%2Fcomments&post=3905"}],"version-history":[{"count":28,"href":"https:\/\/rem.hu\/index.php?rest_route=\/wp\/v2\/pages\/3905\/revisions"}],"predecessor-version":[{"id":5094,"href":"https:\/\/rem.hu\/index.php?rest_route=\/wp\/v2\/pages\/3905\/revisions\/5094"}],"wp:attachment":[{"href":"https:\/\/rem.hu\/index.php?rest_route=%2Fwp%2Fv2%2Fmedia&parent=3905"}],"curies":[{"name":"wp","href":"https:\/\/api.w.org\/{rel}","templated":true}]}}