{"id":3752,"date":"2021-06-11T07:55:38","date_gmt":"2021-06-11T07:55:38","guid":{"rendered":"https:\/\/rem.hu\/?page_id=3752"},"modified":"2022-10-20T08:13:50","modified_gmt":"2022-10-20T08:13:50","slug":"magyar-falu-program-orvosi-rendelo","status":"publish","type":"page","link":"https:\/\/rem.hu\/?page_id=3752","title":{"rendered":"Magyar Falu program orvosi rendel\u0151"},"content":{"rendered":"\r\n<div class=\"wp-block-image\">\r\n<figure class=\"aligncenter\"><a href=\"https:\/\/rem.hu\/wp-content\/uploads\/2020\/02\/mfp_logo.jpg\"><img loading=\"lazy\" decoding=\"async\" width=\"300\" height=\"216\" class=\"wp-image-3093\" src=\"https:\/\/rem.hu\/wp-content\/uploads\/2020\/02\/mfp_logo-300x216.jpg\" alt=\"\" srcset=\"https:\/\/rem.hu\/wp-content\/uploads\/2020\/02\/mfp_logo-300x216.jpg 300w, https:\/\/rem.hu\/wp-content\/uploads\/2020\/02\/mfp_logo.jpg 732w\" sizes=\"(max-width: 300px) 100vw, 300px\" \/><\/a><\/figure>\r\n<\/div>\r\n\r\n\r\n\r\n<h4 class=\"has-text-align-center wp-block-heading\">Orvosi rendel\u0151, MFP-HOR\/2019.<\/h4>\r\n\r\n\r\n\r\n<p class=\"has-text-align-center\">T\u00e1mogat\u00e1s \u00f6sszege: 14.999.995 Ft.<br \/>Projekt kezdete: 2019.09.15.<br \/>Projekt fizikai befejez\u00e9se: 2019.12.31.<\/p>\r\n\r\n\r\n\r\n<p class=\"has-text-align-center\">Tev\u00e9kenys\u00e9g megnevez\u00e9se:<br \/>Egy rendel\u0151 t\u00edpus fel\u00faj\u00edt\u00e1sa, \u00e1talak\u00edt\u00e1sa, korszer\u0171s\u00edt\u00e9se, funkci\u00f3v\u00e1lt\u00e1sa, b\u0151v\u00edt\u00e9se- vizes blokk \u00e9s akad\u00e1lymentes WC kialak\u00edt\u00e1sa, orvosi rendel\u0151 fel\u00faj\u00edt\u00e1sa, bels\u0151 ny\u00edl\u00e1sz\u00e1r\u00f3 csere, akad\u00e1lymentes bej\u00e1rat k\u00e9sz\u00edt\u00e9se.<\/p>\r\n\r\n\r\n\r\n<div class=\"wp-block-image\">\r\n<figure class=\"aligncenter\"><a href=\"https:\/\/rem.hu\/wp-content\/uploads\/2020\/02\/DSCN65151.jpg\"><img loading=\"lazy\" decoding=\"async\" width=\"300\" height=\"225\" class=\"wp-image-3100\" src=\"https:\/\/rem.hu\/wp-content\/uploads\/2020\/02\/DSCN65151-300x225.jpg\" alt=\"\" srcset=\"https:\/\/rem.hu\/wp-content\/uploads\/2020\/02\/DSCN65151-300x225.jpg 300w, https:\/\/rem.hu\/wp-content\/uploads\/2020\/02\/DSCN65151-768x576.jpg 768w, https:\/\/rem.hu\/wp-content\/uploads\/2020\/02\/DSCN65151-1024x768.jpg 1024w\" sizes=\"(max-width: 300px) 100vw, 300px\" \/><\/a><\/figure>\r\n<\/div>\r\n\r\n\r\n\r\n<div class=\"wp-block-image\">\r\n<figure class=\"aligncenter\"><img loading=\"lazy\" decoding=\"async\" width=\"300\" height=\"225\" class=\"wp-image-3101\" src=\"https:\/\/rem.hu\/wp-content\/uploads\/2020\/02\/DSCN65131-300x225.jpg\" alt=\"\" srcset=\"https:\/\/rem.hu\/wp-content\/uploads\/2020\/02\/DSCN65131-300x225.jpg 300w, https:\/\/rem.hu\/wp-content\/uploads\/2020\/02\/DSCN65131-768x576.jpg 768w, https:\/\/rem.hu\/wp-content\/uploads\/2020\/02\/DSCN65131-1024x768.jpg 1024w\" sizes=\"(max-width: 300px) 100vw, 300px\" \/><\/figure>\r\n<\/div>\r\n\r\n\r\n\r\n<div class=\"wp-block-image\">\r\n<figure class=\"aligncenter\"><a href=\"https:\/\/rem.hu\/wp-content\/uploads\/2020\/02\/DSCN65111.jpg\"><img loading=\"lazy\" decoding=\"async\" width=\"300\" height=\"225\" class=\"wp-image-3102\" src=\"https:\/\/rem.hu\/wp-content\/uploads\/2020\/02\/DSCN65111-300x225.jpg\" alt=\"\" srcset=\"https:\/\/rem.hu\/wp-content\/uploads\/2020\/02\/DSCN65111-300x225.jpg 300w, https:\/\/rem.hu\/wp-content\/uploads\/2020\/02\/DSCN65111-768x576.jpg 768w, https:\/\/rem.hu\/wp-content\/uploads\/2020\/02\/DSCN65111-1024x768.jpg 1024w\" sizes=\"(max-width: 300px) 100vw, 300px\" \/><\/a><\/figure>\r\n<\/div>\r\n\r\n\r\n\r\n<div class=\"wp-block-image\">\r\n<figure class=\"aligncenter\"><a href=\"https:\/\/rem.hu\/wp-content\/uploads\/2020\/02\/DSCN65091.jpg\"><img loading=\"lazy\" decoding=\"async\" width=\"300\" height=\"225\" class=\"wp-image-3103\" src=\"https:\/\/rem.hu\/wp-content\/uploads\/2020\/02\/DSCN65091-300x225.jpg\" alt=\"\" srcset=\"https:\/\/rem.hu\/wp-content\/uploads\/2020\/02\/DSCN65091-300x225.jpg 300w, https:\/\/rem.hu\/wp-content\/uploads\/2020\/02\/DSCN65091-768x576.jpg 768w, https:\/\/rem.hu\/wp-content\/uploads\/2020\/02\/DSCN65091-1024x768.jpg 1024w\" sizes=\"(max-width: 300px) 100vw, 300px\" \/><\/a><\/figure>\r\n<\/div>\r\n\r\n\r\n\r\n<p>&nbsp;<\/p>\r\n\r\n\r\n\r\n<p class=\"has-text-align-center\"><a href=\"https:\/\/rem.hu\/?page_id=3092\">Vissza a(z) Magyar Falu Program p\u00e1ly\u00e1zathoz<\/a><\/p>\r\n","protected":false},"excerpt":{"rendered":"<p>Orvosi rendel\u0151, MFP-HOR\/2019. T\u00e1mogat\u00e1s \u00f6sszege: 14.999.995 Ft.Projekt kezdete: 2019.09.15.Projekt fizikai befejez\u00e9se: 2019.12.31. Tev\u00e9kenys\u00e9g megnevez\u00e9se:Egy rendel\u0151 t\u00edpus fel\u00faj\u00edt\u00e1sa, \u00e1talak\u00edt\u00e1sa, korszer\u0171s\u00edt\u00e9se, funkci\u00f3v\u00e1lt\u00e1sa, b\u0151v\u00edt\u00e9se- vizes blokk \u00e9s akad\u00e1lymentes WC kialak\u00edt\u00e1sa, orvosi rendel\u0151 fel\u00faj\u00edt\u00e1sa, bels\u0151 ny\u00edl\u00e1sz\u00e1r\u00f3 csere, akad\u00e1lymentes bej\u00e1rat k\u00e9sz\u00edt\u00e9se. &nbsp; Vissza a(z) Magyar Falu Program p\u00e1ly\u00e1zathoz<\/p>\n","protected":false},"author":1,"featured_media":0,"parent":4069,"menu_order":1,"comment_status":"closed","ping_status":"closed","template":"","meta":{"neve_meta_sidebar":"full-width","neve_meta_container":"","neve_meta_enable_content_width":"on","neve_meta_content_width":100,"neve_meta_title_alignment":"","neve_meta_author_avatar":"","neve_post_elements_order":"","neve_meta_disable_header":"","neve_meta_disable_footer":"","neve_meta_disable_title":"","footnotes":""},"_links":{"self":[{"href":"https:\/\/rem.hu\/index.php?rest_route=\/wp\/v2\/pages\/3752"}],"collection":[{"href":"https:\/\/rem.hu\/index.php?rest_route=\/wp\/v2\/pages"}],"about":[{"href":"https:\/\/rem.hu\/index.php?rest_route=\/wp\/v2\/types\/page"}],"author":[{"embeddable":true,"href":"https:\/\/rem.hu\/index.php?rest_route=\/wp\/v2\/users\/1"}],"replies":[{"embeddable":true,"href":"https:\/\/rem.hu\/index.php?rest_route=%2Fwp%2Fv2%2Fcomments&post=3752"}],"version-history":[{"count":4,"href":"https:\/\/rem.hu\/index.php?rest_route=\/wp\/v2\/pages\/3752\/revisions"}],"predecessor-version":[{"id":4055,"href":"https:\/\/rem.hu\/index.php?rest_route=\/wp\/v2\/pages\/3752\/revisions\/4055"}],"up":[{"embeddable":true,"href":"https:\/\/rem.hu\/index.php?rest_route=\/wp\/v2\/pages\/4069"}],"wp:attachment":[{"href":"https:\/\/rem.hu\/index.php?rest_route=%2Fwp%2Fv2%2Fmedia&parent=3752"}],"curies":[{"name":"wp","href":"https:\/\/api.w.org\/{rel}","templated":true}]}}