{"id":3430,"date":"2020-07-10T07:02:13","date_gmt":"2020-07-10T07:02:13","guid":{"rendered":"https:\/\/rem.hu\/?page_id=3430"},"modified":"2026-05-07T11:52:39","modified_gmt":"2026-05-07T11:52:39","slug":"kezdolap","status":"publish","type":"page","link":"https:\/\/rem.hu\/","title":{"rendered":"Kezd\u0151lap"},"content":{"rendered":"\n<h2 class=\"has-text-align-center hometitle wp-block-heading\"><strong>\u00dcdv\u00f6z\u00f6lj\u00fck k\u00f6zs\u00e9g\u00fcnk honlapj\u00e1n.<\/strong><\/h2>\r\n<p>&nbsp;<\/p>\n\n\n\n<div class=\"wp-block-columns is-layout-flex wp-container-core-columns-is-layout-1 wp-block-columns-is-layout-flex\">\n<div class=\"wp-block-column is-layout-flow wp-block-column-is-layout-flow\">\n<h2 class=\"wp-block-heading has-text-align-center\">M\u00e1jusfa<\/h2>\n\n\n\n<figure class=\"wp-block-gallery has-nested-images columns-default is-cropped wp-block-gallery-1 is-layout-flex wp-block-gallery-is-layout-flex\">\n<figure class=\"wp-block-image size-large\"><a href=\"https:\/\/rem.hu\/wp-content\/uploads\/2026\/05\/majusfa.jpg\"><img loading=\"lazy\" decoding=\"async\" width=\"768\" height=\"1024\" src=\"https:\/\/rem.hu\/wp-content\/uploads\/2026\/05\/majusfa-768x1024.jpg\" alt=\"\" class=\"wp-image-5106\" srcset=\"https:\/\/rem.hu\/wp-content\/uploads\/2026\/05\/majusfa-768x1024.jpg 768w, https:\/\/rem.hu\/wp-content\/uploads\/2026\/05\/majusfa-225x300.jpg 225w, https:\/\/rem.hu\/wp-content\/uploads\/2026\/05\/majusfa-1152x1536.jpg 1152w, https:\/\/rem.hu\/wp-content\/uploads\/2026\/05\/majusfa.jpg 1536w\" sizes=\"(max-width: 768px) 100vw, 768px\" \/><\/a><\/figure>\n<\/figure>\n<\/div>\n\n\n\n<div class=\"wp-block-column is-vertically-aligned-center is-layout-flow wp-block-column-is-layout-flow\">\n<h3 class=\"wp-block-heading has-text-align-center\">F\u00f6ld napja- rajzki\u00e1ll\u00edt\u00e1s<\/h3>\n\n\n\n<figure class=\"wp-block-gallery has-nested-images columns-default is-cropped\">\n<figure class=\"wp-block-image size-large\"><\/figure>\n<\/figure>\n\n\n\n<figure class=\"wp-block-image size-large\"><a href=\"https:\/\/rem.hu\/wp-content\/uploads\/2026\/05\/676099803_5347868588770965_3722744416232197250_n.jpg\"><img loading=\"lazy\" decoding=\"async\" width=\"1024\" height=\"768\" src=\"https:\/\/rem.hu\/wp-content\/uploads\/2026\/05\/676099803_5347868588770965_3722744416232197250_n-1024x768.jpg\" alt=\"\" class=\"wp-image-5108\" srcset=\"https:\/\/rem.hu\/wp-content\/uploads\/2026\/05\/676099803_5347868588770965_3722744416232197250_n-1024x768.jpg 1024w, https:\/\/rem.hu\/wp-content\/uploads\/2026\/05\/676099803_5347868588770965_3722744416232197250_n-300x225.jpg 300w, https:\/\/rem.hu\/wp-content\/uploads\/2026\/05\/676099803_5347868588770965_3722744416232197250_n-768x576.jpg 768w, https:\/\/rem.hu\/wp-content\/uploads\/2026\/05\/676099803_5347868588770965_3722744416232197250_n-1536x1152.jpg 1536w, https:\/\/rem.hu\/wp-content\/uploads\/2026\/05\/676099803_5347868588770965_3722744416232197250_n.jpg 2048w\" sizes=\"(max-width: 1024px) 100vw, 1024px\" \/><\/a><\/figure>\n<\/div>\n<\/div>\n\n\n<p><!-- \/wp:columns --><\/p>\n<p><!-- wp:paragraph --><\/p>\n<p><!-- \/wp:paragraph --><\/p>\n<p><!-- wp:columns --><\/p>\n<div class=\"wp-block-columns\"><!-- wp:column -->\n<div class=\"wp-block-column\"><!-- wp:heading {\"textAlign\":\"center\",\"level\":3} -->\n<h3 class=\"has-text-align-center\">\u00d6nkorm\u00e1nyzat<\/h3>\n<div class=\"wp-block-image\">\u00a0<\/div>\n<p><!-- \/wp:heading --><\/p>\n<p><!-- wp:paragraph --><\/p>\n<p><a href=\"https:\/\/rem.hu\/?page_id=75\">K\u00e9pvisel\u0151-test\u00fcleti anyagok<\/a><br \/><a href=\"https:\/\/rem.hu\/?page_id=482\">K\u00e9pvisel\u0151- test\u00fcleti rendeletek<\/a><br \/><a href=\"https:\/\/rem.hu\/?page_id=1731\">Helyi \u00e9p\u00edt\u00e9si szab\u00e1lyzat<\/a><\/p>\n<p><!-- \/wp:paragraph --><\/p>\n<\/div>\n<p><!-- \/wp:column --><\/p>\n<p><!-- wp:column --><\/p>\n<div class=\"wp-block-column\"><!-- wp:heading {\"textAlign\":\"center\",\"level\":3} -->\n<h3 class=\"has-text-align-center\">Projektek<\/h3>\n<p><!-- \/wp:heading --><\/p>\n<p><!-- wp:paragraph --><\/p>\n<p><a href=\"https:\/\/rem.hu\/?page_id=1980\">TOP program \u00d3voda<\/a><br \/>Ter\u00fclet \u00e9s Telep\u00fcl\u00e9sfejleszt\u00e9si Operat\u00edv Program<br \/>TOP-3.2.1-15 \u00d6nkorm\u00e1nyzati \u00e9p\u00fcletek energetikai korszer\u0171s\u00edt\u00e9se p\u00e1ly\u00e1zat<\/p>\n<p><!-- \/wp:paragraph --><\/p>\n<p><!-- wp:paragraph --><\/p>\n<p><a href=\"https:\/\/rem.hu\/?page_id=2007\">TOP program eg\u00e9szs\u00e9g\u00fcgy<\/a><br \/>Ter\u00fclet \u00e9s Telep\u00fcl\u00e9sfejleszt\u00e9si Operat\u00edv Program<br \/>TOP-4.1.1-15-BK1-2016-00006 azonos\u00edt\u00f3sz\u00e1m\u00fa<br \/>\u201cEg\u00e9szs\u00e9g\u00fcgyi alapell\u00e1t\u00e1s fejleszt\u00e9se&#8221; p\u00e1ly\u00e1zat<\/p>\n<p><!-- \/wp:paragraph --><\/p>\n<\/div>\n<p><!-- \/wp:column --><\/p>\n<\/div>\n<p><!-- \/wp:columns --><\/p>\n<p><!-- wp:paragraph --><\/p>\n<p><!-- \/wp:paragraph --><\/p>\n<p><!-- wp:columns --><\/p>\n<div class=\"wp-block-columns\"><!-- wp:column -->\n<div class=\"wp-block-column\"><!-- wp:paragraph -->\n<p><!-- \/wp:paragraph --><\/p>\n<p><!-- wp:paragraph --><\/p>\n<p><!-- \/wp:paragraph --><\/p>\n<p><!-- wp:paragraph --><\/p>\n<p><!-- \/wp:paragraph --><\/p>\n<p><!-- wp:paragraph --><\/p>\n<p><!-- \/wp:paragraph --><\/p>\n<p><!-- wp:heading {\"textAlign\":\"center\",\"level\":3} --><\/p>\n<h3 class=\"has-text-align-center\">\u00dcdv\u00f6z\u00f6lj\u00fck R\u00e9men!<\/h3>\n<div class=\"wp-block-image\"><a href=\"https:\/\/rem.hu\/wp-content\/uploads\/2026\/05\/1817_orig_art-6mp-scaled.jpg\"><img loading=\"lazy\" decoding=\"async\" class=\" wp-image-5111 aligncenter\" src=\"https:\/\/rem.hu\/wp-content\/uploads\/2026\/05\/1817_orig_art-6mp-300x199.jpg\" alt=\"\" width=\"338\" height=\"224\" srcset=\"https:\/\/rem.hu\/wp-content\/uploads\/2026\/05\/1817_orig_art-6mp-300x199.jpg 300w, https:\/\/rem.hu\/wp-content\/uploads\/2026\/05\/1817_orig_art-6mp-1024x681.jpg 1024w, https:\/\/rem.hu\/wp-content\/uploads\/2026\/05\/1817_orig_art-6mp-768x511.jpg 768w, https:\/\/rem.hu\/wp-content\/uploads\/2026\/05\/1817_orig_art-6mp-1536x1021.jpg 1536w, https:\/\/rem.hu\/wp-content\/uploads\/2026\/05\/1817_orig_art-6mp-2048x1362.jpg 2048w, https:\/\/rem.hu\/wp-content\/uploads\/2026\/05\/1817_orig_art-6mp-930x620.jpg 930w\" sizes=\"(max-width: 338px) 100vw, 338px\" \/><\/a><\/div>\n<p><!-- \/wp:heading --><\/p>\n<p><!-- wp:image {\"id\":3304,\"sizeSlug\":\"large\"} --><\/p>\n<figure class=\"wp-block-image size-large\"><\/figure>\n<p><!-- \/wp:image --><\/p>\n<\/div>\n<p><!-- \/wp:column --><\/p>\n<p><!-- wp:column --><\/p>\n<div class=\"wp-block-column\"><!-- wp:heading {\"textAlign\":\"center\",\"level\":3} -->\n<h3 class=\"has-text-align-center\">Civil szervezetek<\/h3>\n<p><!-- \/wp:heading --><\/p>\n<p><!-- wp:heading {\"level\":4} --><\/p>\n<h4>Ad\u00f3juk 1 %-val t\u00e1mogass\u00e1k a r\u00e9mi civil szervezeteket!<br \/>K\u00f6sz\u00f6nj\u00fck!<\/h4>\n<p><!-- \/wp:heading --><\/p>\n<p><!-- wp:paragraph --><\/p>\n<p>Civil szervezeteink list\u00e1j\u00e1t <a href=\"https:\/\/rem.hu\/?page_id=452\">itt tal\u00e1lj\u00e1k<\/a>.<\/p>\n<p><!-- \/wp:paragraph --><\/p>\n<\/div>\n<p><!-- \/wp:column --><\/p>\n<\/div>\n<p><!-- \/wp:columns --><\/p>\n<p><!-- wp:paragraph --><\/p>\n<p><!-- \/wp:paragraph --><\/p>\n<p><!-- wp:paragraph --><\/p>\n<p><!-- \/wp:paragraph --><\/p>","protected":false},"excerpt":{"rendered":"<p>\u00dcdv\u00f6z\u00f6lj\u00fck k\u00f6zs\u00e9g\u00fcnk honlapj\u00e1n. &nbsp; M\u00e1jusfa F\u00f6ld napja- rajzki\u00e1ll\u00edt\u00e1s \u00d6nkorm\u00e1nyzat \u00a0 K\u00e9pvisel\u0151-test\u00fcleti anyagokK\u00e9pvisel\u0151- test\u00fcleti rendeletekHelyi \u00e9p\u00edt\u00e9si szab\u00e1lyzat Projektek TOP program \u00d3vodaTer\u00fclet \u00e9s Telep\u00fcl\u00e9sfejleszt\u00e9si Operat\u00edv ProgramTOP-3.2.1-15 \u00d6nkorm\u00e1nyzati \u00e9p\u00fcletek energetikai korszer\u0171s\u00edt\u00e9se p\u00e1ly\u00e1zat TOP program eg\u00e9szs\u00e9g\u00fcgyTer\u00fclet \u00e9s Telep\u00fcl\u00e9sfejleszt\u00e9si Operat\u00edv ProgramTOP-4.1.1-15-BK1-2016-00006 azonos\u00edt\u00f3sz\u00e1m\u00fa\u201cEg\u00e9szs\u00e9g\u00fcgyi alapell\u00e1t\u00e1s fejleszt\u00e9se&#8221; p\u00e1ly\u00e1zat \u00dcdv\u00f6z\u00f6lj\u00fck R\u00e9men! Civil szervezetek Ad\u00f3juk 1 %-val t\u00e1mogass\u00e1k a r\u00e9mi civil szervezeteket!K\u00f6sz\u00f6nj\u00fck! Civil szervezeteink list\u00e1j\u00e1t&hellip;&nbsp;<a href=\"https:\/\/rem.hu\/\" class=\"\" rel=\"bookmark\">Read More &raquo;<span class=\"screen-reader-text\">Kezd\u0151lap<\/span><\/a><\/p>\n","protected":false},"author":2,"featured_media":0,"parent":0,"menu_order":0,"comment_status":"closed","ping_status":"closed","template":"","meta":{"neve_meta_sidebar":"full-width","neve_meta_container":"","neve_meta_enable_content_width":"on","neve_meta_content_width":100,"neve_meta_title_alignment":"","neve_meta_author_avatar":"","neve_post_elements_order":"","neve_meta_disable_header":"","neve_meta_disable_footer":"","neve_meta_disable_title":"on","footnotes":""},"_links":{"self":[{"href":"https:\/\/rem.hu\/index.php?rest_route=\/wp\/v2\/pages\/3430"}],"collection":[{"href":"https:\/\/rem.hu\/index.php?rest_route=\/wp\/v2\/pages"}],"about":[{"href":"https:\/\/rem.hu\/index.php?rest_route=\/wp\/v2\/types\/page"}],"author":[{"embeddable":true,"href":"https:\/\/rem.hu\/index.php?rest_route=\/wp\/v2\/users\/2"}],"replies":[{"embeddable":true,"href":"https:\/\/rem.hu\/index.php?rest_route=%2Fwp%2Fv2%2Fcomments&post=3430"}],"version-history":[{"count":67,"href":"https:\/\/rem.hu\/index.php?rest_route=\/wp\/v2\/pages\/3430\/revisions"}],"predecessor-version":[{"id":5113,"href":"https:\/\/rem.hu\/index.php?rest_route=\/wp\/v2\/pages\/3430\/revisions\/5113"}],"wp:attachment":[{"href":"https:\/\/rem.hu\/index.php?rest_route=%2Fwp%2Fv2%2Fmedia&parent=3430"}],"curies":[{"name":"wp","href":"https:\/\/api.w.org\/{rel}","templated":true}]}}