{"id":3092,"date":"2020-02-18T07:09:47","date_gmt":"2020-02-18T07:09:47","guid":{"rendered":"http:\/\/remhu.web-server.hu\/?page_id=3092"},"modified":"2024-06-04T11:44:29","modified_gmt":"2024-06-04T11:44:29","slug":"magyar-falu-program","status":"publish","type":"page","link":"https:\/\/rem.hu\/?page_id=3092","title":{"rendered":"Magyar Falu Program"},"content":{"rendered":"<p style=\"text-align: center;\"><a href=\"https:\/\/rem.hu\/wp-content\/uploads\/2020\/02\/mfp_logo.jpg\"><img loading=\"lazy\" decoding=\"async\" class=\"alignnone size-medium wp-image-3093\" src=\"https:\/\/rem.hu\/wp-content\/uploads\/2020\/02\/mfp_logo-300x216.jpg\" alt=\"\" width=\"300\" height=\"216\" srcset=\"https:\/\/rem.hu\/wp-content\/uploads\/2020\/02\/mfp_logo-300x216.jpg 300w, https:\/\/rem.hu\/wp-content\/uploads\/2020\/02\/mfp_logo.jpg 732w\" sizes=\"(max-width: 300px) 100vw, 300px\" \/><\/a><\/p>\n<h1 style=\"text-align: center;\"><a href=\"https:\/\/rem.hu\/?page_id=4101\">2022. \u00e9v<\/a><\/h1>\n<h1 style=\"text-align: center;\"><a href=\"https:\/\/rem.hu\/?page_id=4081\">2021. \u00e9v<\/a><\/h1>\n<h1 style=\"text-align: center;\"><a href=\"https:\/\/rem.hu\/?page_id=4076\">2020. \u00e9v<\/a><\/h1>\n<h1 style=\"text-align: center;\"><a href=\"https:\/\/rem.hu\/?page_id=4069\">2019. \u00e9v<\/a><\/h1>\n","protected":false},"excerpt":{"rendered":"<p>2022. \u00e9v 2021. \u00e9v 2020. \u00e9v 2019. \u00e9v<\/p>\n","protected":false},"author":1,"featured_media":0,"parent":0,"menu_order":10,"comment_status":"closed","ping_status":"closed","template":"","meta":{"neve_meta_sidebar":"","neve_meta_container":"","neve_meta_enable_content_width":"off","neve_meta_content_width":100,"neve_meta_title_alignment":"","neve_meta_author_avatar":"","neve_post_elements_order":"","neve_meta_disable_header":"","neve_meta_disable_footer":"","neve_meta_disable_title":"","footnotes":""},"_links":{"self":[{"href":"https:\/\/rem.hu\/index.php?rest_route=\/wp\/v2\/pages\/3092"}],"collection":[{"href":"https:\/\/rem.hu\/index.php?rest_route=\/wp\/v2\/pages"}],"about":[{"href":"https:\/\/rem.hu\/index.php?rest_route=\/wp\/v2\/types\/page"}],"author":[{"embeddable":true,"href":"https:\/\/rem.hu\/index.php?rest_route=\/wp\/v2\/users\/1"}],"replies":[{"embeddable":true,"href":"https:\/\/rem.hu\/index.php?rest_route=%2Fwp%2Fv2%2Fcomments&post=3092"}],"version-history":[{"count":15,"href":"https:\/\/rem.hu\/index.php?rest_route=\/wp\/v2\/pages\/3092\/revisions"}],"predecessor-version":[{"id":4622,"href":"https:\/\/rem.hu\/index.php?rest_route=\/wp\/v2\/pages\/3092\/revisions\/4622"}],"wp:attachment":[{"href":"https:\/\/rem.hu\/index.php?rest_route=%2Fwp%2Fv2%2Fmedia&parent=3092"}],"curies":[{"name":"wp","href":"https:\/\/api.w.org\/{rel}","templated":true}]}}