{"id":3004,"date":"2019-11-20T12:42:57","date_gmt":"2019-11-20T12:42:57","guid":{"rendered":"http:\/\/remhu.web-server.hu\/?page_id=3004"},"modified":"2022-10-20T11:46:21","modified_gmt":"2022-10-20T11:46:21","slug":"kofop-1-2-1-vekop-16-2017-01293","status":"publish","type":"page","link":"https:\/\/rem.hu\/?page_id=3004","title":{"rendered":"K\u00d6FOP- 1.2.1-VEKOP-16-2017-01293"},"content":{"rendered":"<h4 style=\"text-align: center;\">K\u00d6FOP- 1.2.1-VEKOP-16-2017-01293<\/h4>\n<p style=\"text-align: center;\"><a href=\"https:\/\/rem.hu\/wp-content\/uploads\/2019\/11\/vekop.jpg\"><img loading=\"lazy\" decoding=\"async\" class=\"alignnone size-medium wp-image-3010\" src=\"https:\/\/rem.hu\/wp-content\/uploads\/2019\/11\/vekop-300x225.jpg\" alt=\"\" width=\"300\" height=\"225\" srcset=\"https:\/\/rem.hu\/wp-content\/uploads\/2019\/11\/vekop-300x225.jpg 300w, https:\/\/rem.hu\/wp-content\/uploads\/2019\/11\/vekop-768x576.jpg 768w, https:\/\/rem.hu\/wp-content\/uploads\/2019\/11\/vekop.jpg 1024w\" sizes=\"(max-width: 300px) 100vw, 300px\" \/><\/a><\/p>\n<p style=\"text-align: center;\"><a href=\"https:\/\/rem.hu\/wp-content\/uploads\/2019\/11\/ir\u00e9ny.jpg\"><img loading=\"lazy\" decoding=\"async\" class=\"size-medium wp-image-3021 aligncenter\" src=\"https:\/\/rem.hu\/wp-content\/uploads\/2019\/11\/ir\u00e9ny-300x225.jpg\" alt=\"\" width=\"300\" height=\"225\" srcset=\"https:\/\/rem.hu\/wp-content\/uploads\/2019\/11\/ir\u00e9ny-300x225.jpg 300w, https:\/\/rem.hu\/wp-content\/uploads\/2019\/11\/ir\u00e9ny-768x576.jpg 768w, https:\/\/rem.hu\/wp-content\/uploads\/2019\/11\/ir\u00e9ny.jpg 1024w\" sizes=\"(max-width: 300px) 100vw, 300px\" \/><\/a> <a href=\"https:\/\/rem.hu\/wp-content\/uploads\/2019\/11\/ir\u00e9ny2.jpg\"><img loading=\"lazy\" decoding=\"async\" class=\"alignnone size-medium wp-image-3022\" src=\"https:\/\/rem.hu\/wp-content\/uploads\/2019\/11\/ir\u00e9ny2-300x225.jpg\" alt=\"\" width=\"300\" height=\"225\" srcset=\"https:\/\/rem.hu\/wp-content\/uploads\/2019\/11\/ir\u00e9ny2-300x225.jpg 300w, https:\/\/rem.hu\/wp-content\/uploads\/2019\/11\/ir\u00e9ny2-768x576.jpg 768w, https:\/\/rem.hu\/wp-content\/uploads\/2019\/11\/ir\u00e9ny2.jpg 1024w\" sizes=\"(max-width: 300px) 100vw, 300px\" \/><\/a><\/p>\n<p>&nbsp;<\/p>\n<p>&nbsp;<\/p>\n<p style=\"text-align: center;\"><a href=\"http:\/\/rem.hu\/?page_id=4174\">Vissza a(z) Egy\u00e9b p\u00e1ly\u00e1zathoz<\/a><\/p>\n","protected":false},"excerpt":{"rendered":"<p>K\u00d6FOP- 1.2.1-VEKOP-16-2017-01293 &nbsp; &nbsp; Vissza a(z) Egy\u00e9b p\u00e1ly\u00e1zathoz<\/p>\n","protected":false},"author":1,"featured_media":0,"parent":4174,"menu_order":2,"comment_status":"closed","ping_status":"closed","template":"","meta":{"neve_meta_sidebar":"","neve_meta_container":"","neve_meta_enable_content_width":"off","neve_meta_content_width":0,"neve_meta_title_alignment":"","neve_meta_author_avatar":"","neve_post_elements_order":"","neve_meta_disable_header":"","neve_meta_disable_footer":"","neve_meta_disable_title":"","footnotes":""},"_links":{"self":[{"href":"https:\/\/rem.hu\/index.php?rest_route=\/wp\/v2\/pages\/3004"}],"collection":[{"href":"https:\/\/rem.hu\/index.php?rest_route=\/wp\/v2\/pages"}],"about":[{"href":"https:\/\/rem.hu\/index.php?rest_route=\/wp\/v2\/types\/page"}],"author":[{"embeddable":true,"href":"https:\/\/rem.hu\/index.php?rest_route=\/wp\/v2\/users\/1"}],"replies":[{"embeddable":true,"href":"https:\/\/rem.hu\/index.php?rest_route=%2Fwp%2Fv2%2Fcomments&post=3004"}],"version-history":[{"count":7,"href":"https:\/\/rem.hu\/index.php?rest_route=\/wp\/v2\/pages\/3004\/revisions"}],"predecessor-version":[{"id":4178,"href":"https:\/\/rem.hu\/index.php?rest_route=\/wp\/v2\/pages\/3004\/revisions\/4178"}],"up":[{"embeddable":true,"href":"https:\/\/rem.hu\/index.php?rest_route=\/wp\/v2\/pages\/4174"}],"wp:attachment":[{"href":"https:\/\/rem.hu\/index.php?rest_route=%2Fwp%2Fv2%2Fmedia&parent=3004"}],"curies":[{"name":"wp","href":"https:\/\/api.w.org\/{rel}","templated":true}]}}