{"id":2719,"date":"2019-04-02T11:15:25","date_gmt":"2019-04-02T11:15:25","guid":{"rendered":"http:\/\/remhu.web-server.hu\/?page_id=2719"},"modified":"2022-10-20T11:35:33","modified_gmt":"2022-10-20T11:35:33","slug":"top-5-3-1-16","status":"publish","type":"page","link":"https:\/\/rem.hu\/?page_id=2719","title":{"rendered":"TOP- 5.3.1-16"},"content":{"rendered":"<p><a href=\"https:\/\/rem.hu\/wp-content\/uploads\/2020\/06\/ERFA_infoblokk.png\"><img loading=\"lazy\" decoding=\"async\" class=\"alignright wp-image-3367 size-medium\" src=\"https:\/\/rem.hu\/wp-content\/uploads\/2020\/06\/ERFA_infoblokk-300x207.png\" alt=\"\" width=\"300\" height=\"207\" srcset=\"https:\/\/rem.hu\/wp-content\/uploads\/2020\/06\/ERFA_infoblokk-300x207.png 300w, https:\/\/rem.hu\/wp-content\/uploads\/2020\/06\/ERFA_infoblokk-768x531.png 768w, https:\/\/rem.hu\/wp-content\/uploads\/2020\/06\/ERFA_infoblokk.png 780w\" sizes=\"(max-width: 300px) 100vw, 300px\" \/><\/a><\/p>\n<p style=\"text-align: center;\"><strong>TOP-5.3.1-16-BK1-2017-00017<\/strong><\/p>\n<p><strong>\u201eHelyi identit\u00e1s \u00e9s koh\u00e9zi\u00f3 er\u0151s\u00edt\u00e9se a B\u00e1csbokodi konzorciumban\u201d c\u00edm\u0171 projekt bemutat\u00e1sa<\/strong><\/p>\n<p><strong>A kedvezm\u00e9nyezett neve:<\/strong>\u00a0B\u00e1csbokod Nagyk\u00f6zs\u00e9g \u00d6nkorm\u00e1nyzata<\/p>\n<p><strong>Konzorciumi tagok:<\/strong><\/p>\n<ul>\n<li>B\u00e1csbors\u00f3d K\u00f6zs\u00e9gi \u00d6nkorm\u00e1nyzat<\/li>\n<li>R\u00e9m K\u00f6zs\u00e9g \u00d6nkorm\u00e1nyzata<\/li>\n<li>Fels\u0151szentiv\u00e1n K\u00f6zs\u00e9gi \u00d6nkorm\u00e1nyzat<\/li>\n<li>Madaras K\u00f6zs\u00e9g \u00d6nkorm\u00e1nyzata<\/li>\n<li>M\u00e1t\u00e9telke K\u00f6zs\u00e9g \u00d6nkorm\u00e1nyzata<\/li>\n<\/ul>\n<p><strong>A projekt c\u00edme:<\/strong>\u00a0Helyi identit\u00e1s \u00e9s koh\u00e9zi\u00f3 er\u0151s\u00edt\u00e9se a B\u00e1csbokodi konzorciumban<\/p>\n<p><strong>A szerz\u0151d\u00f6tt t\u00e1mogat\u00e1s \u00f6sszege:<\/strong>\u00a043 326 087 Ft<\/p>\n<p><strong>A t\u00e1mogat\u00e1s m\u00e9rt\u00e9ke<\/strong>: 100 %<\/p>\n<p><strong>A projekt tartalm\u00e1nak bemutat\u00e1sa:<\/strong><\/p>\n<p>A projekt keret\u00e9ben a konzorcium teljes k\u00f6zigazgat\u00e1si ter\u00fclet\u00e9n megval\u00f3sul a k\u00f6z\u00f6ss\u00e9gi interj\u00fak elk\u00e9sz\u00edt\u00e9se, minden telep\u00fcl\u00e9sen 2 h\u00f3napon kereszt\u00fcl havonta 1 alkalommal lezajlanak a k\u00f6z\u00f6ss\u00e9gi besz\u00e9lget\u00e9sek, a konzorcium teljes ter\u00fclet\u00e9n megt\u00f6rt\u00e9nik a k\u00f6z\u00f6ss\u00e9gi felm\u00e9r\u00e9s, melynek eredm\u00e9nyek\u00e9nt a projekt 12. h\u00f3napj\u00e1ra elk\u00e9sz\u00fcl a helyi cselekv\u00e9si terv. Minden telep\u00fcl\u00e9sen megt\u00f6rt\u00e9nik a helyi nyilv\u00e1noss\u00e1g fejleszt\u00e9se, megtart\u00e1sra ker\u00fclnek a helyi r\u00e9szv\u00e9teli f\u00f3rumok az els\u0151 \u00e9vben 4 alkalommal, a 2. \u00e9s harmadik \u00e9vben 2-2 alkalommal. Mindenhol kialak\u00edt\u00e1sra ker\u00fcl inform\u00e1ci\u00f3s pont. A projekt keret\u00e9ben 2 f\u0151t foglalkoztatunk. 1 f\u0151 szakmai vezet\u0151t,1 f\u0151 k\u00f6z\u00f6ss\u00e9gfejleszt\u0151t, valamint bevonunk m\u00e9g a projektbe 1 f\u0151 \u00f6nk\u00e9ntes k\u00f6z\u00f6ss\u00e9gfejleszt\u0151t. A 3 koll\u00e9ga 120 \u00f3r\u00e1s k\u00f6z\u00f6ss\u00e9gfejleszt\u0151 k\u00e9pz\u00e9s\u00e9t a projekt keret\u00e9ben finansz\u00edrozzuk. Tov\u00e1bb\u00e1 1 f\u0151 kultur\u00e1lis szakember a helyiek k\u00f6z\u00fcl r\u00e9szt vesz a \u201eCselekv\u0151 k\u00f6z\u00f6ss\u00e9gek\u201d kiemelt projekt k\u00f6z\u00f6ss\u00e9gfejleszt\u0151 k\u00e9pz\u00e9s\u00e9n.<\/p>\n<p><strong>Megval\u00f3s\u00edtand\u00f3 tev\u00e9kenys\u00e9gek:<\/strong><\/p>\n<p><em>B\u00e1csbokod Nagyk\u00f6zs\u00e9g \u00d6nkorm\u00e1nyzata<\/em><\/p>\n<p>Helyi hagyom\u00e1nyok felt\u00e1r\u00e1sa<\/p>\n<p>K\u00f6z\u00f6ss\u00e9gi eredm\u00e9nyek bemutat\u00e1sa<\/p>\n<p>K\u00f6z\u00f6ss\u00e9gek szomsz\u00e9dol\u00e1sa<\/p>\n<p>Tankatal\u00f3gus k\u00e9sz\u00edt\u00e9se<\/p>\n<p>Faluk\u00f6nyv, kalend\u00e1rium<\/p>\n<p>Helyi szellemi, kultur\u00e1lis \u00f6r\u00f6ks\u00e9g felt\u00e1r\u00e1sa<\/p>\n<p>Tanul\u00f3k\u00f6r\u00f6k<\/p>\n<p><em>B\u00e1csbors\u00f3d K\u00f6zs\u00e9gi \u00d6nkorm\u00e1nyzat<\/em><\/p>\n<p>Helyi hagyom\u00e1nyok felt\u00e1r\u00e1sa<\/p>\n<p>Helyi \u00e9rt\u00e9kfelt\u00e1r\u00e1s \u2013 \u00e9rt\u00e9k\u0151rz\u00e9s<\/p>\n<p><em>R\u00e9m K\u00f6zs\u00e9g \u00d6nkorm\u00e1nyzata<\/em><\/p>\n<p>Helyi hagyom\u00e1nyok felt\u00e1r\u00e1sa<\/p>\n<p>K\u00f6z\u00f6ss\u00e9gek szomsz\u00e9dol\u00e1sa<\/p>\n<p>K\u00f6z\u00f6ss\u00e9gi ki\u00e1ll\u00edt\u00e1s szervez\u00e9se<\/p>\n<p>Tankatal\u00f3gus k\u00e9sz\u00edt\u00e9se<\/p>\n<p>Faluk\u00f6nyv, kalend\u00e1rium<\/p>\n<p>Tanul\u00f3k\u00f6r\u00f6k<\/p>\n<p><em>Fels\u0151szentiv\u00e1n K\u00f6zs\u00e9gi \u00d6nkorm\u00e1nyzat<\/em><\/p>\n<p>Helyi hagyom\u00e1nyok felt\u00e1r\u00e1sa<\/p>\n<p>K\u00f6z\u00f6ss\u00e9gek szomsz\u00e9dol\u00e1sa<\/p>\n<p>K\u00f6z\u00f6ss\u00e9gi ki\u00e1ll\u00edt\u00e1s szervez\u00e9se<\/p>\n<p>Tankatal\u00f3gus k\u00e9sz\u00edt\u00e9se<\/p>\n<p>Tanul\u00f3k\u00f6r\u00f6k<\/p>\n<p><em>Madaras K\u00f6zs\u00e9g \u00d6nkorm\u00e1nyzata<\/em><\/p>\n<p>Helyi hagyom\u00e1nyok felt\u00e1r\u00e1sa<\/p>\n<p>K\u00f6z\u00f6ss\u00e9gek szomsz\u00e9dol\u00e1sa<\/p>\n<p>K\u00f6z\u00f6ss\u00e9gi ki\u00e1ll\u00edt\u00e1s szervez\u00e9se<\/p>\n<p>Tankatal\u00f3gus k\u00e9sz\u00edt\u00e9se<\/p>\n<p>Helyi \u00e9rt\u00e9kfelt\u00e1r\u00e1s \u2013 \u00e9rt\u00e9k\u0151rz\u00e9s<\/p>\n<p>Helyismereti, helyt\u00f6rt\u00e9neti dokumentumok gy\u0171jt\u00e9se, felt\u00e1r\u00e1sa<\/p>\n<p>Tanul\u00f3k\u00f6r\u00f6k<\/p>\n<p><em>M\u00e1t\u00e9telke K\u00f6zs\u00e9g \u00d6nkorm\u00e1nyzata<\/em><\/p>\n<p>Tankatal\u00f3gus k\u00e9sz\u00edt\u00e9se<\/p>\n<p>Tanul\u00f3k\u00f6r\u00f6k<\/p>\n<p><strong>A projekt id\u0151tartama:<\/strong>\u00a02018.09.01. \u2013 2022.03.15.<\/p>\n<p><strong>A projekt tervezett befejez\u00e9si d\u00e1tum:<\/strong>\u00a02022.03.15.<\/p>\n<p><strong>A projekt azonos\u00edt\u00f3 sz\u00e1ma:<\/strong>\u00a0TOP-5.3.1-16-BK1-2017-00017<\/p>\n<p style=\"text-align: center;\"><strong>TOP- 5.3.1-16-BK1-2017-0013<\/strong><br \/>\n<strong>Helyi identit\u00e1s \u00e9s koh\u00e9zi\u00f3 er\u0151s\u00edt\u00e9se a B\u00e1csbokodi konzorciumban<\/strong><\/p>\n<p style=\"text-align: center;\"><strong>Inform\u00e1ci\u00f3s pont<\/strong><br \/>\nR\u00e9m, Pet\u0151fi u.33.<\/p>\n<p style=\"text-align: center;\">\u00a0<a href=\"https:\/\/rem.hu\/wp-content\/uploads\/2019\/04\/55935255_2844498712441311_7726644426042245120_o.jpg\"><img loading=\"lazy\" decoding=\"async\" class=\"alignnone wp-image-2723 size-medium\" src=\"https:\/\/rem.hu\/wp-content\/uploads\/2019\/04\/55935255_2844498712441311_7726644426042245120_o-300x225.jpg\" alt=\"\" width=\"300\" height=\"225\" srcset=\"https:\/\/rem.hu\/wp-content\/uploads\/2019\/04\/55935255_2844498712441311_7726644426042245120_o-300x225.jpg 300w, https:\/\/rem.hu\/wp-content\/uploads\/2019\/04\/55935255_2844498712441311_7726644426042245120_o-768x576.jpg 768w, https:\/\/rem.hu\/wp-content\/uploads\/2019\/04\/55935255_2844498712441311_7726644426042245120_o-1024x768.jpg 1024w, https:\/\/rem.hu\/wp-content\/uploads\/2019\/04\/55935255_2844498712441311_7726644426042245120_o.jpg 1824w\" sizes=\"(max-width: 300px) 100vw, 300px\" \/><\/a><\/p>\n<p>&nbsp;<\/p>\n<p>&nbsp;<\/p>\n<p style=\"text-align: center;\"><a href=\"http:\/\/rem.hu\/?page_id=4156\">Vissza a(z) Top Program p\u00e1ly\u00e1zathoz<\/a><\/p>\n<p style=\"text-align: center;\">\n","protected":false},"excerpt":{"rendered":"<p>TOP-5.3.1-16-BK1-2017-00017 \u201eHelyi identit\u00e1s \u00e9s koh\u00e9zi\u00f3 er\u0151s\u00edt\u00e9se a B\u00e1csbokodi konzorciumban\u201d c\u00edm\u0171 projekt bemutat\u00e1sa A kedvezm\u00e9nyezett neve:\u00a0B\u00e1csbokod Nagyk\u00f6zs\u00e9g \u00d6nkorm\u00e1nyzata Konzorciumi tagok: B\u00e1csbors\u00f3d K\u00f6zs\u00e9gi \u00d6nkorm\u00e1nyzat R\u00e9m K\u00f6zs\u00e9g \u00d6nkorm\u00e1nyzata Fels\u0151szentiv\u00e1n K\u00f6zs\u00e9gi \u00d6nkorm\u00e1nyzat Madaras K\u00f6zs\u00e9g \u00d6nkorm\u00e1nyzata M\u00e1t\u00e9telke K\u00f6zs\u00e9g \u00d6nkorm\u00e1nyzata A projekt c\u00edme:\u00a0Helyi identit\u00e1s \u00e9s koh\u00e9zi\u00f3 er\u0151s\u00edt\u00e9se a B\u00e1csbokodi konzorciumban A szerz\u0151d\u00f6tt t\u00e1mogat\u00e1s \u00f6sszege:\u00a043 326 087 Ft A t\u00e1mogat\u00e1s m\u00e9rt\u00e9ke: 100&hellip;&nbsp;<a href=\"https:\/\/rem.hu\/?page_id=2719\" class=\"\" rel=\"bookmark\">Read More &raquo;<span class=\"screen-reader-text\">TOP- 5.3.1-16<\/span><\/a><\/p>\n","protected":false},"author":1,"featured_media":0,"parent":4156,"menu_order":2,"comment_status":"closed","ping_status":"closed","template":"","meta":{"neve_meta_sidebar":"","neve_meta_container":"","neve_meta_enable_content_width":"off","neve_meta_content_width":0,"neve_meta_title_alignment":"","neve_meta_author_avatar":"","neve_post_elements_order":"","neve_meta_disable_header":"","neve_meta_disable_footer":"","neve_meta_disable_title":"","footnotes":""},"_links":{"self":[{"href":"https:\/\/rem.hu\/index.php?rest_route=\/wp\/v2\/pages\/2719"}],"collection":[{"href":"https:\/\/rem.hu\/index.php?rest_route=\/wp\/v2\/pages"}],"about":[{"href":"https:\/\/rem.hu\/index.php?rest_route=\/wp\/v2\/types\/page"}],"author":[{"embeddable":true,"href":"https:\/\/rem.hu\/index.php?rest_route=\/wp\/v2\/users\/1"}],"replies":[{"embeddable":true,"href":"https:\/\/rem.hu\/index.php?rest_route=%2Fwp%2Fv2%2Fcomments&post=2719"}],"version-history":[{"count":9,"href":"https:\/\/rem.hu\/index.php?rest_route=\/wp\/v2\/pages\/2719\/revisions"}],"predecessor-version":[{"id":4165,"href":"https:\/\/rem.hu\/index.php?rest_route=\/wp\/v2\/pages\/2719\/revisions\/4165"}],"up":[{"embeddable":true,"href":"https:\/\/rem.hu\/index.php?rest_route=\/wp\/v2\/pages\/4156"}],"wp:attachment":[{"href":"https:\/\/rem.hu\/index.php?rest_route=%2Fwp%2Fv2%2Fmedia&parent=2719"}],"curies":[{"name":"wp","href":"https:\/\/api.w.org\/{rel}","templated":true}]}}