{"id":2430,"date":"2018-07-26T11:34:04","date_gmt":"2018-07-26T11:34:04","guid":{"rendered":"http:\/\/remhu.web-server.hu\/?page_id=2430"},"modified":"2020-01-23T14:01:59","modified_gmt":"2020-01-23T14:01:59","slug":"ovoda-dokumentumok","status":"publish","type":"page","link":"https:\/\/rem.hu\/?page_id=2430","title":{"rendered":"\u00d3voda dokumentumok"},"content":{"rendered":"<p style=\"text-align: center;\"><a href=\"http:\/\/remhu.web-server.hu\/wp-content\/uploads\/2018\/07\/SZMSZ-\u00d3voda.pdf\">Szervezeti \u00e9s M\u0171k\u00f6d\u00e9si Szab\u00e1lyzat<\/a><\/p>\n<p style=\"text-align: center;\"><a href=\"http:\/\/remhu.web-server.hu\/wp-content\/uploads\/2018\/07\/HELYI-PEDAG\u00d3GIAI-PROGRAM.pdf\">HELYI-PEDAG\u00d3GIAI-PROGRAM<\/a><\/p>\n","protected":false},"excerpt":{"rendered":"<p>Szervezeti \u00e9s M\u0171k\u00f6d\u00e9si Szab\u00e1lyzat HELYI-PEDAG\u00d3GIAI-PROGRAM<\/p>\n","protected":false},"author":1,"featured_media":0,"parent":500,"menu_order":0,"comment_status":"closed","ping_status":"closed","template":"","meta":{"neve_meta_sidebar":"","neve_meta_container":"","neve_meta_enable_content_width":"","neve_meta_content_width":0,"neve_meta_title_alignment":"","neve_meta_author_avatar":"","neve_post_elements_order":"","neve_meta_disable_header":"","neve_meta_disable_footer":"","neve_meta_disable_title":"","footnotes":""},"_links":{"self":[{"href":"https:\/\/rem.hu\/index.php?rest_route=\/wp\/v2\/pages\/2430"}],"collection":[{"href":"https:\/\/rem.hu\/index.php?rest_route=\/wp\/v2\/pages"}],"about":[{"href":"https:\/\/rem.hu\/index.php?rest_route=\/wp\/v2\/types\/page"}],"author":[{"embeddable":true,"href":"https:\/\/rem.hu\/index.php?rest_route=\/wp\/v2\/users\/1"}],"replies":[{"embeddable":true,"href":"https:\/\/rem.hu\/index.php?rest_route=%2Fwp%2Fv2%2Fcomments&post=2430"}],"version-history":[{"count":4,"href":"https:\/\/rem.hu\/index.php?rest_route=\/wp\/v2\/pages\/2430\/revisions"}],"predecessor-version":[{"id":3081,"href":"https:\/\/rem.hu\/index.php?rest_route=\/wp\/v2\/pages\/2430\/revisions\/3081"}],"up":[{"embeddable":true,"href":"https:\/\/rem.hu\/index.php?rest_route=\/wp\/v2\/pages\/500"}],"wp:attachment":[{"href":"https:\/\/rem.hu\/index.php?rest_route=%2Fwp%2Fv2%2Fmedia&parent=2430"}],"curies":[{"name":"wp","href":"https:\/\/api.w.org\/{rel}","templated":true}]}}