{"id":2151,"date":"2018-01-08T14:37:24","date_gmt":"2018-01-08T14:37:24","guid":{"rendered":"http:\/\/remhu.web-server.hu\/?page_id=2151"},"modified":"2025-10-02T11:17:38","modified_gmt":"2025-10-02T11:17:38","slug":"e-ugyintezes","status":"publish","type":"page","link":"https:\/\/rem.hu\/?page_id=2151","title":{"rendered":"TOP_Plusz-3.1.3-23 P\u00e1ly\u00e1zat"},"content":{"rendered":"<div class=\"wp-block-image\">\n<div class=\"wp-block-image\"><a href=\"https:\/\/rem.hu\/wp-content\/uploads\/2025\/05\/logo.jpg\"><img loading=\"lazy\" decoding=\"async\" class=\"\" src=\"https:\/\/rem.hu\/wp-content\/uploads\/2025\/05\/logo.jpg\" width=\"453\" height=\"139\" \/><\/a><\/div>\n<\/div>\n<h3 style=\"text-align: center;\"><strong>TOP_Plusz-3.1.3-23 Helyi hum\u00e1n fejleszt\u00e9sek p\u00e1ly\u00e1zat<\/strong><\/h3>\n<h4><strong>Projekt c\u00edme: \u201cEgy\u00fctt az eg\u00e9szs\u00e9g\u00e9rt, egy\u00fctt a k\u00f6z\u00f6ss\u00e9g\u00e9rt!\u201d<\/strong><\/h4>\n<h4><strong>Projekt azonos\u00edt\u00f3 sz\u00e1ma:<\/strong> <strong>TOP_Plusz-3.1.3-23 \u00a0\u00a0<\/strong><\/h4>\n<p style=\"text-align: center;\">\u201eC\u00e9lunk a szolg\u00e1ltat\u00e1shi\u00e1nyokra v\u00e1laszol\u00f3 int\u00e9zked\u00e9sek megval\u00f3s\u00edt\u00e1s\u00e1t t\u00e1mogat\u00f3 tev\u00e9kenys\u00e9gek<br \/>\nmegval\u00f3s\u00edt\u00e1sa. Eg\u00e9szs\u00e9gfejleszt\u00e9si \u00e9s eg\u00e9szs\u00e9g\u00fcgyi prevenci\u00f3s programok szervez\u00e9se; valamint<br \/>\nszeml\u00e9letform\u00e1l\u00f3 tev\u00e9kenys\u00e9gek, programok megval\u00f3s\u00edt\u00e1sa.\u201d<\/p>\n<p><strong>KONZORCIUM TAGOK:\u00a0<\/strong><\/p>\n<ul>\n<li>R\u00e9m K\u00f6zs\u00e9g \u00d6nkorm\u00e1nyzata 6446 R\u00e9m M\u00e1jus 1. utca 17.<\/li>\n<li>Borota K\u00f6zs\u00e9gi \u00d6nkorm\u00e1nyzat 6445 Borota Szent Istv\u00e1n utca 43.<\/li>\n<li>Cs\u00e1voly K\u00f6zs\u00e9gi \u00d6nkorm\u00e1nyzat 6448 Cs\u00e1voly Arany J\u00e1nos utca 39.<\/li>\n<\/ul>\n<p>&nbsp;<\/p>\n<h1 style=\"text-align: center;\"><a href=\"https:\/\/rem.hu\/wp-content\/uploads\/2025\/09\/Sajtokozlemeny-Rem.pdf\">Sajt\u00f3k\u00f6zlem\u00e9ny-R\u00e9m.pdf<\/a><\/h1>\n<h2 style=\"text-align: center;\"><span style=\"color: #993300;\"><strong>2025. \u0151szi programok R\u00e9m<\/strong><\/span><\/h2>\n<div class=\"wp-block-image\">\n<p><a href=\"https:\/\/rem.hu\/wp-content\/uploads\/2025\/10\/Egeszseghet-2025.09.23-26.-mozdulj-Rem.jpg\"><img loading=\"lazy\" decoding=\"async\" class=\" wp-image-4873 aligncenter\" src=\"https:\/\/rem.hu\/wp-content\/uploads\/2025\/10\/Egeszseghet-2025.09.23-26.-mozdulj-Rem-212x300.jpg\" alt=\"\" width=\"283\" height=\"400\" srcset=\"https:\/\/rem.hu\/wp-content\/uploads\/2025\/10\/Egeszseghet-2025.09.23-26.-mozdulj-Rem-212x300.jpg 212w, https:\/\/rem.hu\/wp-content\/uploads\/2025\/10\/Egeszseghet-2025.09.23-26.-mozdulj-Rem-724x1024.jpg 724w, https:\/\/rem.hu\/wp-content\/uploads\/2025\/10\/Egeszseghet-2025.09.23-26.-mozdulj-Rem-768x1086.jpg 768w, https:\/\/rem.hu\/wp-content\/uploads\/2025\/10\/Egeszseghet-2025.09.23-26.-mozdulj-Rem-1086x1536.jpg 1086w, https:\/\/rem.hu\/wp-content\/uploads\/2025\/10\/Egeszseghet-2025.09.23-26.-mozdulj-Rem.jpg 1448w\" sizes=\"(max-width: 283px) 100vw, 283px\" \/><\/a><\/p>\n<div class=\"wp-block-image\">\n<p><a href=\"https:\/\/rem.hu\/wp-content\/uploads\/2025\/10\/Egeszseghet2025.09.23-26.jpg\"><img loading=\"lazy\" decoding=\"async\" class=\" wp-image-4874 aligncenter\" src=\"https:\/\/rem.hu\/wp-content\/uploads\/2025\/10\/Egeszseghet2025.09.23-26-212x300.jpg\" alt=\"\" width=\"288\" height=\"408\" srcset=\"https:\/\/rem.hu\/wp-content\/uploads\/2025\/10\/Egeszseghet2025.09.23-26-212x300.jpg 212w, https:\/\/rem.hu\/wp-content\/uploads\/2025\/10\/Egeszseghet2025.09.23-26-724x1024.jpg 724w, https:\/\/rem.hu\/wp-content\/uploads\/2025\/10\/Egeszseghet2025.09.23-26-768x1086.jpg 768w, https:\/\/rem.hu\/wp-content\/uploads\/2025\/10\/Egeszseghet2025.09.23-26-1086x1536.jpg 1086w, https:\/\/rem.hu\/wp-content\/uploads\/2025\/10\/Egeszseghet2025.09.23-26.jpg 1448w\" sizes=\"(max-width: 288px) 100vw, 288px\" \/><\/a><\/p>\n<div class=\"wp-block-image\"><a href=\"https:\/\/rem.hu\/wp-content\/uploads\/2025\/10\/Gyogytorna2025.10.06.jpeg\"><img loading=\"lazy\" decoding=\"async\" class=\" wp-image-4875 aligncenter\" src=\"https:\/\/rem.hu\/wp-content\/uploads\/2025\/10\/Gyogytorna2025.10.06-212x300.jpeg\" alt=\"\" width=\"291\" height=\"412\" srcset=\"https:\/\/rem.hu\/wp-content\/uploads\/2025\/10\/Gyogytorna2025.10.06-212x300.jpeg 212w, https:\/\/rem.hu\/wp-content\/uploads\/2025\/10\/Gyogytorna2025.10.06-724x1024.jpeg 724w, https:\/\/rem.hu\/wp-content\/uploads\/2025\/10\/Gyogytorna2025.10.06-768x1086.jpeg 768w, https:\/\/rem.hu\/wp-content\/uploads\/2025\/10\/Gyogytorna2025.10.06-1086x1536.jpeg 1086w, https:\/\/rem.hu\/wp-content\/uploads\/2025\/10\/Gyogytorna2025.10.06.jpeg 1448w\" sizes=\"(max-width: 291px) 100vw, 291px\" \/><\/a><\/div>\n<\/div>\n<div class=\"wp-block-image\"><\/div>\n<\/div>\n","protected":false},"excerpt":{"rendered":"<p>TOP_Plusz-3.1.3-23 Helyi hum\u00e1n fejleszt\u00e9sek p\u00e1ly\u00e1zat Projekt c\u00edme: \u201cEgy\u00fctt az eg\u00e9szs\u00e9g\u00e9rt, egy\u00fctt a k\u00f6z\u00f6ss\u00e9g\u00e9rt!\u201d Projekt azonos\u00edt\u00f3 sz\u00e1ma: TOP_Plusz-3.1.3-23 \u00a0\u00a0 \u201eC\u00e9lunk a szolg\u00e1ltat\u00e1shi\u00e1nyokra v\u00e1laszol\u00f3 int\u00e9zked\u00e9sek megval\u00f3s\u00edt\u00e1s\u00e1t t\u00e1mogat\u00f3 tev\u00e9kenys\u00e9gek megval\u00f3s\u00edt\u00e1sa. Eg\u00e9szs\u00e9gfejleszt\u00e9si \u00e9s eg\u00e9szs\u00e9g\u00fcgyi prevenci\u00f3s programok szervez\u00e9se; valamint szeml\u00e9letform\u00e1l\u00f3 tev\u00e9kenys\u00e9gek, programok megval\u00f3s\u00edt\u00e1sa.\u201d KONZORCIUM TAGOK:\u00a0 R\u00e9m K\u00f6zs\u00e9g \u00d6nkorm\u00e1nyzata 6446 R\u00e9m M\u00e1jus 1. utca 17. Borota K\u00f6zs\u00e9gi \u00d6nkorm\u00e1nyzat 6445 Borota Szent&hellip;&nbsp;<a href=\"https:\/\/rem.hu\/?page_id=2151\" class=\"\" rel=\"bookmark\">Read More &raquo;<span class=\"screen-reader-text\">TOP_Plusz-3.1.3-23 P\u00e1ly\u00e1zat<\/span><\/a><\/p>\n","protected":false},"author":1,"featured_media":0,"parent":0,"menu_order":23,"comment_status":"closed","ping_status":"closed","template":"","meta":{"neve_meta_sidebar":"","neve_meta_container":"","neve_meta_enable_content_width":"off","neve_meta_content_width":100,"neve_meta_title_alignment":"","neve_meta_author_avatar":"","neve_post_elements_order":"","neve_meta_disable_header":"","neve_meta_disable_footer":"","neve_meta_disable_title":"","footnotes":""},"_links":{"self":[{"href":"https:\/\/rem.hu\/index.php?rest_route=\/wp\/v2\/pages\/2151"}],"collection":[{"href":"https:\/\/rem.hu\/index.php?rest_route=\/wp\/v2\/pages"}],"about":[{"href":"https:\/\/rem.hu\/index.php?rest_route=\/wp\/v2\/types\/page"}],"author":[{"embeddable":true,"href":"https:\/\/rem.hu\/index.php?rest_route=\/wp\/v2\/users\/1"}],"replies":[{"embeddable":true,"href":"https:\/\/rem.hu\/index.php?rest_route=%2Fwp%2Fv2%2Fcomments&post=2151"}],"version-history":[{"count":17,"href":"https:\/\/rem.hu\/index.php?rest_route=\/wp\/v2\/pages\/2151\/revisions"}],"predecessor-version":[{"id":4904,"href":"https:\/\/rem.hu\/index.php?rest_route=\/wp\/v2\/pages\/2151\/revisions\/4904"}],"wp:attachment":[{"href":"https:\/\/rem.hu\/index.php?rest_route=%2Fwp%2Fv2%2Fmedia&parent=2151"}],"curies":[{"name":"wp","href":"https:\/\/api.w.org\/{rel}","templated":true}]}}