{"id":2116,"date":"2017-12-15T08:01:43","date_gmt":"2017-12-15T08:01:43","guid":{"rendered":"http:\/\/remhu.web-server.hu\/?page_id=2116"},"modified":"2020-07-10T06:58:09","modified_gmt":"2020-07-10T06:58:09","slug":"telepuleskepi-arculati-kezikonyv","status":"publish","type":"page","link":"https:\/\/rem.hu\/?page_id=2116","title":{"rendered":"Telep\u00fcl\u00e9sk\u00e9pi Arculati K\u00e9zik\u00f6nyv"},"content":{"rendered":"<h4 style=\"text-align: center;\">Telep\u00fcl\u00e9sk\u00e9pi Arculati K\u00e9zik\u00f6nyv<\/h4>\n<p style=\"text-align: center;\"><strong>FELH\u00cdV\u00c1S<\/strong><\/p>\n<p><em>A telep\u00fcl\u00e9sfejleszt\u00e9si koncepci\u00f3r\u00f3l, az integr\u00e1lt telep\u00fcl\u00e9sfejleszt\u00e9si strat\u00e9gi\u00e1r\u00f3l \u00e9s a telep\u00fcl\u00e9srendez\u00e9si eszk\u00f6z\u00f6kr\u0151l, valamint egyes telep\u00fcl\u00e9srendez\u00e9si saj\u00e1tos jogint\u00e9zm\u00e9nyekr\u0151l sz\u00f3l\u00f3 314\/2012. (XI. 8.) Korm. rendelet<\/em> (tov\u00e1bbiakban Eljr.) szerint a telep\u00fcl\u00e9sk\u00e9pi arculati k\u00e9zik\u00f6nyv \u00e9s a telep\u00fcl\u00e9sk\u00e9pi rendelet j\u00f3v\u00e1hagy\u00e1sa el\u0151tt egyeztet\u00e9si elj\u00e1r\u00e1st kell lefolytatni.<\/p>\n<p><strong>R\u00e9m telep\u00fcl\u00e9sk\u00e9pi arculati k\u00e9zik\u00f6nyv\u00e9nek a telep\u00fcl\u00e9sk\u00e9pi rendelet\u00e9nek munkak\u00f6zi p\u00e9ld\u00e1ny\u00e1t<\/strong><\/p>\n<p><strong>az Eljr. rendelkez\u00e9sei \u00e9s R\u00e9m K\u00f6zs\u00e9gi \u00d6nkorm\u00e1nyzat K\u00e9pvisel\u0151-<\/strong><strong>test\u00fclet\u00e9nek <\/strong><strong>partners\u00e9gre vonatkoz\u00f3 <\/strong><strong>7\/2017. (V.30.) <\/strong><strong>\u00f6nkorm\u00e1nyzati rendelete alapj\u00e1n v\u00e9lem\u00e9nyez\u00e9sre bocs\u00e1tom \u00e9s 2017. december 14-\u00e9n 15 \u00f3rakor a K\u00f6zs\u00e9gh\u00e1z\u00e1n tartand\u00f3 lakoss\u00e1gi f\u00f3rumon ismertetem.<\/strong><\/p>\n<p>A 7\/2017. (V.30.) sz\u00e1m\u00fa \u00a0\u00f6nkorm\u00e1nyzati rendelet alapj\u00e1n partner R\u00e9m telep\u00fcl\u00e9s k\u00f6zigazgat\u00e1si ter\u00fclet\u00e9n:<\/p>\n<ol>\n<li>a) ingatlannal rendelkez\u0151 szem\u00e9ly<\/li>\n<li>b) valamennyi sz\u00e9khellyel, telephellyel rendelkez\u0151 gazd\u00e1lkod\u00f3 szervezet<\/li>\n<li>c) bejegyzett egyh\u00e1z \u00e9s civil szervezet.<\/li>\n<\/ol>\n<p>A f\u00f3rumon ismertet\u00e9sre ker\u00fcl\u0151 partneri egyeztet\u00e9s t\u00e1j\u00e9koztat\u00e1si szakasz\u00e1nak pap\u00edralap\u00fa munkar\u00e9sze megtekinthet\u0151 \u00e9s javaslatok, v\u00e9lem\u00e9nyek tehet\u0151k az \u00d6nkorm\u00e1nyzati Hivatal R\u00e9m M\u00e1jus 1. u. 17. sz\u00e1m alatti hivatali helyis\u00e9g\u00e9ben \u00fcgyf\u00e9lfogad\u00e1si id\u0151ben 2017. december 22-ig.<\/p>\n<p>Elektronikusan el\u00e9rhet\u0151: <strong>www.rem.hu<\/strong> web helyr\u0151l.<\/p>\n<p>V\u00e9lem\u00e9nyek, javaslatok elektronikusan a <strong><em>polghivrem@nidocom.hu<\/em><\/strong>\u00a0c\u00edmre k\u00fcldhet\u0151k 2017. december 22-ig.<\/p>\n<p style=\"text-align: left;\">\u00a0 \u00a0 \u00a0 \u00a0 \u00a0 \u00a0 \u00a0 \u00a0 \u00a0 \u00a0 \u00a0 \u00a0 \u00a0 \u00a0 \u00a0 \u00a0 \u00a0\u00a0<strong>Papp Imr\u00e9n\u00e9\u00a0<\/strong>polg\u00e1rmester<\/p>\n<p><a href=\"https:\/\/rem.hu\/wp-content\/uploads\/2013\/09\/TAK-R\u00c9M-5.pdf\">TAK-R\u00c9M-5<\/a><\/p>\n<p><a href=\"https:\/\/rem.hu\/wp-content\/uploads\/2013\/09\/TAK-R\u00c9M-4.pdf\">TAK-R\u00c9M-4<\/a><\/p>\n<p><a href=\"https:\/\/rem.hu\/wp-content\/uploads\/2013\/09\/TAK-R\u00c9M-3.pdf\">TAK-R\u00c9M-3<\/a><\/p>\n<p><a href=\"https:\/\/rem.hu\/wp-content\/uploads\/2013\/09\/TAK-R\u00c9M-2-rendelet.pdf\">TAK-R\u00c9M-2<\/a><\/p>\n<p><a href=\"https:\/\/rem.hu\/wp-content\/uploads\/2013\/09\/TAK-R\u00c9M-1-felh\u00edv\u00e1s-1.pdf\">TAK-R\u00c9M-1<\/a><\/p>\n","protected":false},"excerpt":{"rendered":"<p>Telep\u00fcl\u00e9sk\u00e9pi Arculati K\u00e9zik\u00f6nyv FELH\u00cdV\u00c1S A telep\u00fcl\u00e9sfejleszt\u00e9si koncepci\u00f3r\u00f3l, az integr\u00e1lt telep\u00fcl\u00e9sfejleszt\u00e9si strat\u00e9gi\u00e1r\u00f3l \u00e9s a telep\u00fcl\u00e9srendez\u00e9si eszk\u00f6z\u00f6kr\u0151l, valamint egyes telep\u00fcl\u00e9srendez\u00e9si saj\u00e1tos jogint\u00e9zm\u00e9nyekr\u0151l sz\u00f3l\u00f3 314\/2012. (XI. 8.) Korm. rendelet (tov\u00e1bbiakban Eljr.) szerint a telep\u00fcl\u00e9sk\u00e9pi arculati k\u00e9zik\u00f6nyv \u00e9s a telep\u00fcl\u00e9sk\u00e9pi rendelet j\u00f3v\u00e1hagy\u00e1sa el\u0151tt egyeztet\u00e9si elj\u00e1r\u00e1st kell lefolytatni. R\u00e9m telep\u00fcl\u00e9sk\u00e9pi arculati k\u00e9zik\u00f6nyv\u00e9nek a telep\u00fcl\u00e9sk\u00e9pi rendelet\u00e9nek munkak\u00f6zi p\u00e9ld\u00e1ny\u00e1t az Eljr. rendelkez\u00e9sei&hellip;&nbsp;<a href=\"https:\/\/rem.hu\/?page_id=2116\" class=\"\" rel=\"bookmark\">Read More &raquo;<span class=\"screen-reader-text\">Telep\u00fcl\u00e9sk\u00e9pi Arculati K\u00e9zik\u00f6nyv<\/span><\/a><\/p>\n","protected":false},"author":1,"featured_media":0,"parent":0,"menu_order":20,"comment_status":"closed","ping_status":"closed","template":"","meta":{"neve_meta_sidebar":"","neve_meta_container":"","neve_meta_enable_content_width":"off","neve_meta_content_width":0,"neve_meta_title_alignment":"","neve_meta_author_avatar":"","neve_post_elements_order":"","neve_meta_disable_header":"","neve_meta_disable_footer":"","neve_meta_disable_title":"","footnotes":""},"_links":{"self":[{"href":"https:\/\/rem.hu\/index.php?rest_route=\/wp\/v2\/pages\/2116"}],"collection":[{"href":"https:\/\/rem.hu\/index.php?rest_route=\/wp\/v2\/pages"}],"about":[{"href":"https:\/\/rem.hu\/index.php?rest_route=\/wp\/v2\/types\/page"}],"author":[{"embeddable":true,"href":"https:\/\/rem.hu\/index.php?rest_route=\/wp\/v2\/users\/1"}],"replies":[{"embeddable":true,"href":"https:\/\/rem.hu\/index.php?rest_route=%2Fwp%2Fv2%2Fcomments&post=2116"}],"version-history":[{"count":4,"href":"https:\/\/rem.hu\/index.php?rest_route=\/wp\/v2\/pages\/2116\/revisions"}],"predecessor-version":[{"id":3438,"href":"https:\/\/rem.hu\/index.php?rest_route=\/wp\/v2\/pages\/2116\/revisions\/3438"}],"wp:attachment":[{"href":"https:\/\/rem.hu\/index.php?rest_route=%2Fwp%2Fv2%2Fmedia&parent=2116"}],"curies":[{"name":"wp","href":"https:\/\/api.w.org\/{rel}","templated":true}]}}