{"id":2,"date":"2013-09-06T12:30:48","date_gmt":"2013-09-06T12:30:48","guid":{"rendered":"http:\/\/remhu.web-server.hu\/?page_id=2"},"modified":"2020-06-28T17:48:06","modified_gmt":"2020-06-28T17:48:06","slug":"ez-egy-minta-oldal","status":"publish","type":"page","link":"https:\/\/rem.hu\/?page_id=2","title":{"rendered":"R\u00e9m k\u00f6zs\u00e9g hivatalos honlapja"},"content":{"rendered":"<p style=\"text-align: center;\"><b style=\"mso-bidi-font-weight: normal;\"><span style=\"font-size: 14.0pt; font-family: Albertus; mso-bidi-font-family: Arial;\">TISZTELT L\u00c1TOGAT\u00d3!<\/span><\/b><\/p>\n<p class=\"MsoNormal\" style=\"text-align: center;\" align=\"center\"><b style=\"mso-bidi-font-weight: normal;\"><span style=\"font-size: 14.0pt; font-family: Albertus; mso-bidi-font-family: Arial;\">Szeretettel k\u00f6sz\u00f6nt\u00f6m \u00d6n\u00f6ket a B\u00e1cs-Kiskun Megyei R\u00e9m k\u00f6zs\u00e9g hivatalos honlapj\u00e1n!<\/span><\/b><\/p>\n<p class=\"MsoNormal\" style=\"text-align: justify;\"><b style=\"mso-bidi-font-weight: normal;\"><span style=\"font-size: 16.0pt; font-family: Albertus;\">\u00a0<\/span><\/b><br \/>\n<span style=\"font-size: 14.0pt; font-family: Albertus;\">Honlapunkat azzal a c\u00e9llal k\u00e9sz\u00edtett\u00fck \u00e9s jelentett\u00fck meg, hogy megismertess\u00fck \u00d6n\u00f6kkel telep\u00fcl\u00e9s\u00fcnket \u00e9s az itt \u00e9l\u0151 emberek \u00e9let\u00e9t.<\/span><\/p>\n<p class=\"MsoNormal\" style=\"text-align: justify;\"><span style=\"font-size: 14.0pt; font-family: Albertus;\">Az oldalainkon n\u00e9zel\u0151dve megismerhetik R\u00e9m k\u00f6zs\u00e9g \u00e9rt\u00e9k\u00e9t, m\u00faltj\u00e1t, jelen\u00e9t, hasznos inform\u00e1ci\u00f3kat igyeksz\u00fcnk szolg\u00e1ltatni kultur\u00e1lis, k\u00f6z\u00e9leti, programjainkr\u00f3l. <\/span><\/p>\n<p class=\"MsoNormal\" style=\"text-align: justify;\"><span style=\"font-size: 14.0pt; font-family: Albertus;\">A honlappal szeretn\u00e9nk el\u00e9rni, hogy egyszer\u0171bb\u00e9 v\u00e1ljon az inform\u00e1ci\u00f3\u00e1raml\u00e1s, az inform\u00e1ci\u00f3hoz val\u00f3 hozz\u00e1jut\u00e1s minden lakos sz\u00e1m\u00e1ra. Szeretn\u00e9nk e honlapot mindig friss tartalommal megt\u00f6lteni, naprak\u00e9sz inform\u00e1ci\u00f3kkal ell\u00e1tni.<\/span><\/p>\n<p class=\"MsoNormal\" style=\"text-align: justify;\"><span style=\"font-size: 14.0pt; font-family: Albertus;\">Amennyiben felkeltett\u00fck \u00e9rdekl\u0151d\u00e9s\u00e9t, \u00fagy k\u00e9rem, l\u00e1togasson el hozz\u00e1nk!<\/span><\/p>\n<p class=\"MsoNormal\" style=\"text-align: center;\" align=\"center\"><b style=\"mso-bidi-font-weight: normal;\"><span style=\"font-size: 16.0pt; font-family: Albertus;\">Papp Imr\u00e9n\u00e9<br \/>\npolg\u00e1rmester<br \/>\n<\/span><\/b><\/p>\n<p style=\"text-align: center;\">\u00a0<a href=\"http:\/\/rem.hu\/wp-content\/uploads\/2013\/09\/polg\u00e1rmesterasszony.jpg\"><img loading=\"lazy\" decoding=\"async\" class=\"alignnone wp-image-1323\" src=\"http:\/\/remhu.web-server.hu\/wp-content\/uploads\/2013\/09\/polg\u00e1rmesterasszony-253x300.jpg\" alt=\"polg\u00e1rmesterasszony\" width=\"152\" height=\"180\" srcset=\"https:\/\/rem.hu\/wp-content\/uploads\/2013\/09\/polg\u00e1rmesterasszony-253x300.jpg 253w, https:\/\/rem.hu\/wp-content\/uploads\/2013\/09\/polg\u00e1rmesterasszony-865x1024.jpg 865w, https:\/\/rem.hu\/wp-content\/uploads\/2013\/09\/polg\u00e1rmesterasszony.jpg 1346w\" sizes=\"(max-width: 152px) 100vw, 152px\" \/><\/a><\/p>\n<p class=\"MsoNormal\" style=\"text-align: center;\" align=\"center\"><b style=\"mso-bidi-font-weight: normal;\"><span style=\"font-size: 14.0pt; font-family: Albertus;\">\u00a0<\/span><\/b><\/p>\n","protected":false},"excerpt":{"rendered":"<p>TISZTELT L\u00c1TOGAT\u00d3! Szeretettel k\u00f6sz\u00f6nt\u00f6m \u00d6n\u00f6ket a B\u00e1cs-Kiskun Megyei R\u00e9m k\u00f6zs\u00e9g hivatalos honlapj\u00e1n! \u00a0 Honlapunkat azzal a c\u00e9llal k\u00e9sz\u00edtett\u00fck \u00e9s jelentett\u00fck meg, hogy megismertess\u00fck \u00d6n\u00f6kkel telep\u00fcl\u00e9s\u00fcnket \u00e9s az itt \u00e9l\u0151 emberek \u00e9let\u00e9t. Az oldalainkon n\u00e9zel\u0151dve megismerhetik R\u00e9m k\u00f6zs\u00e9g \u00e9rt\u00e9k\u00e9t, m\u00faltj\u00e1t, jelen\u00e9t, hasznos inform\u00e1ci\u00f3kat igyeksz\u00fcnk szolg\u00e1ltatni kultur\u00e1lis, k\u00f6z\u00e9leti, programjainkr\u00f3l. A honlappal szeretn\u00e9nk el\u00e9rni, hogy egyszer\u0171bb\u00e9 v\u00e1ljon az&hellip;&nbsp;<a href=\"https:\/\/rem.hu\/?page_id=2\" class=\"\" rel=\"bookmark\">Read More &raquo;<span class=\"screen-reader-text\">R\u00e9m k\u00f6zs\u00e9g hivatalos honlapja<\/span><\/a><\/p>\n","protected":false},"author":1,"featured_media":0,"parent":0,"menu_order":0,"comment_status":"closed","ping_status":"closed","template":"","meta":{"neve_meta_sidebar":"","neve_meta_container":"","neve_meta_enable_content_width":"","neve_meta_content_width":0,"neve_meta_title_alignment":"","neve_meta_author_avatar":"","neve_post_elements_order":"","neve_meta_disable_header":"","neve_meta_disable_footer":"","neve_meta_disable_title":"","footnotes":""},"_links":{"self":[{"href":"https:\/\/rem.hu\/index.php?rest_route=\/wp\/v2\/pages\/2"}],"collection":[{"href":"https:\/\/rem.hu\/index.php?rest_route=\/wp\/v2\/pages"}],"about":[{"href":"https:\/\/rem.hu\/index.php?rest_route=\/wp\/v2\/types\/page"}],"author":[{"embeddable":true,"href":"https:\/\/rem.hu\/index.php?rest_route=\/wp\/v2\/users\/1"}],"replies":[{"embeddable":true,"href":"https:\/\/rem.hu\/index.php?rest_route=%2Fwp%2Fv2%2Fcomments&post=2"}],"version-history":[{"count":41,"href":"https:\/\/rem.hu\/index.php?rest_route=\/wp\/v2\/pages\/2\/revisions"}],"predecessor-version":[{"id":3417,"href":"https:\/\/rem.hu\/index.php?rest_route=\/wp\/v2\/pages\/2\/revisions\/3417"}],"wp:attachment":[{"href":"https:\/\/rem.hu\/index.php?rest_route=%2Fwp%2Fv2%2Fmedia&parent=2"}],"curies":[{"name":"wp","href":"https:\/\/api.w.org\/{rel}","templated":true}]}}