{"id":1731,"date":"2016-10-25T09:12:05","date_gmt":"2016-10-25T09:12:05","guid":{"rendered":"http:\/\/remhu.web-server.hu\/?page_id=1731"},"modified":"2020-07-10T06:54:41","modified_gmt":"2020-07-10T06:54:41","slug":"helyi-epitesi-szabalyzat","status":"publish","type":"page","link":"https:\/\/rem.hu\/?page_id=1731","title":{"rendered":"Helyi \u00e9p\u00edt\u00e9si szab\u00e1lyzat"},"content":{"rendered":"<h6 style=\"text-align: left;\">R\u00e9m Telep\u00fcl\u00e9srendez\u00e9si eszk\u00f6zeinek 2019. j\u00fanius 26-i K\u00e9pvisel\u0151-test\u00fcleti \u00fcl\u00e9sen j\u00f3v\u00e1hagyott m\u00f3dos\u00edt\u00e1sa:<\/h6>\n<p style=\"text-align: left;\"><a href=\"https:\/\/rem.hu\/wp-content\/uploads\/2016\/10\/REM_TRE_m_2019_Eljr_43\u00a72.pdf\">REM_TRE_m_2019_Eljr_43\u00a72.<\/a><\/p>\n<h6>Helyi \u00e9p\u00edt\u00e9si szab\u00e1lyzat:<\/h6>\n<p style=\"text-align: left;\"><a href=\"https:\/\/rem.hu\/wp-content\/uploads\/2016\/10\/HESZ-rendelet.pdf\">HESZ-rendelet<\/a><\/p>\n<p style=\"text-align: left;\"><a href=\"https:\/\/rem.hu\/wp-content\/uploads\/2016\/10\/helyi-v\u00e9dett\u00e9s\u0171-\u00e9p\u00fcletek-V1.pdf\">Helyi-v\u00e9dett\u00e9s\u0171-\u00e9p\u00fcletek-V1.<\/a><\/p>\n<p style=\"text-align: left;\"><a href=\"https:\/\/rem.hu\/wp-content\/uploads\/2016\/10\/helyi-v\u00e9detts\u00e9g\u0171-\u00e9p\u00fcletel-V2.pdf\">Helyi-v\u00e9detts\u00e9g\u0171-\u00e9p\u00fcletel-V2.<\/a><\/p>\n<p style=\"text-align: left;\"><a href=\"https:\/\/rem.hu\/wp-content\/uploads\/2016\/10\/helyi-v\u00e9detts\u00e9g\u0171-\u00e9p\u00fcletek-V3.pdf\">Helyi-v\u00e9detts\u00e9g\u0171-\u00e9p\u00fcletek-V3.<\/a><\/p>\n<p style=\"text-align: left;\"><a href=\"https:\/\/rem.hu\/wp-content\/uploads\/2016\/10\/helyi-v\u00e9detts\u00e9g\u0171-megtartand\u00f3-\u00e9p\u00fcletek.pdf\">Helyi-v\u00e9detts\u00e9g\u0171-megtartand\u00f3-\u00e9p\u00fcletek<\/a><\/p>\n<p style=\"text-align: left;\"><a href=\"https:\/\/rem.hu\/wp-content\/uploads\/2016\/10\/lak\u00f3\u00f6vezet-be\u00e9p\u00edt\u00e9si-mintalap.pdf\">Lak\u00f3\u00f6vezet-be\u00e9p\u00edt\u00e9si-mintalap<\/a><\/p>\n<p style=\"text-align: left;\"><a href=\"https:\/\/rem.hu\/wp-content\/uploads\/2016\/10\/t\u00e9rk\u00e9p-SZ_1.pdf\">T\u00e9rk\u00e9p-SZ_1.<\/a><\/p>\n<p style=\"text-align: left;\"><a href=\"https:\/\/rem.hu\/wp-content\/uploads\/2016\/10\/t\u00e9rk\u00e9p-SZ_2_del.pdf\">T\u00e9rk\u00e9p-SZ_2_d\u00e9l<\/a><\/p>\n<p style=\"text-align: left;\"><a href=\"https:\/\/rem.hu\/wp-content\/uploads\/2016\/10\/t\u00e9rk\u00e9p-SZ_2_eszak.pdf\">T\u00e9rk\u00e9p-SZ_2_\u00e9szak<\/a><\/p>\n","protected":false},"excerpt":{"rendered":"<p>R\u00e9m Telep\u00fcl\u00e9srendez\u00e9si eszk\u00f6zeinek 2019. j\u00fanius 26-i K\u00e9pvisel\u0151-test\u00fcleti \u00fcl\u00e9sen j\u00f3v\u00e1hagyott m\u00f3dos\u00edt\u00e1sa: REM_TRE_m_2019_Eljr_43\u00a72. Helyi \u00e9p\u00edt\u00e9si szab\u00e1lyzat: HESZ-rendelet Helyi-v\u00e9dett\u00e9s\u0171-\u00e9p\u00fcletek-V1. Helyi-v\u00e9detts\u00e9g\u0171-\u00e9p\u00fcletel-V2. Helyi-v\u00e9detts\u00e9g\u0171-\u00e9p\u00fcletek-V3. Helyi-v\u00e9detts\u00e9g\u0171-megtartand\u00f3-\u00e9p\u00fcletek Lak\u00f3\u00f6vezet-be\u00e9p\u00edt\u00e9si-mintalap T\u00e9rk\u00e9p-SZ_1. T\u00e9rk\u00e9p-SZ_2_d\u00e9l T\u00e9rk\u00e9p-SZ_2_\u00e9szak<\/p>\n","protected":false},"author":1,"featured_media":0,"parent":75,"menu_order":0,"comment_status":"closed","ping_status":"closed","template":"","meta":{"neve_meta_sidebar":"","neve_meta_container":"","neve_meta_enable_content_width":"off","neve_meta_content_width":0,"neve_meta_title_alignment":"","neve_meta_author_avatar":"","neve_post_elements_order":"","neve_meta_disable_header":"","neve_meta_disable_footer":"","neve_meta_disable_title":"","footnotes":""},"_links":{"self":[{"href":"https:\/\/rem.hu\/index.php?rest_route=\/wp\/v2\/pages\/1731"}],"collection":[{"href":"https:\/\/rem.hu\/index.php?rest_route=\/wp\/v2\/pages"}],"about":[{"href":"https:\/\/rem.hu\/index.php?rest_route=\/wp\/v2\/types\/page"}],"author":[{"embeddable":true,"href":"https:\/\/rem.hu\/index.php?rest_route=\/wp\/v2\/users\/1"}],"replies":[{"embeddable":true,"href":"https:\/\/rem.hu\/index.php?rest_route=%2Fwp%2Fv2%2Fcomments&post=1731"}],"version-history":[{"count":12,"href":"https:\/\/rem.hu\/index.php?rest_route=\/wp\/v2\/pages\/1731\/revisions"}],"predecessor-version":[{"id":3433,"href":"https:\/\/rem.hu\/index.php?rest_route=\/wp\/v2\/pages\/1731\/revisions\/3433"}],"up":[{"embeddable":true,"href":"https:\/\/rem.hu\/index.php?rest_route=\/wp\/v2\/pages\/75"}],"wp:attachment":[{"href":"https:\/\/rem.hu\/index.php?rest_route=%2Fwp%2Fv2%2Fmedia&parent=1731"}],"curies":[{"name":"wp","href":"https:\/\/api.w.org\/{rel}","templated":true}]}}