{"id":1371,"date":"2016-02-03T20:02:34","date_gmt":"2016-02-03T20:02:34","guid":{"rendered":"http:\/\/remhu.web-server.hu\/?page_id=1371"},"modified":"2025-11-20T12:46:07","modified_gmt":"2025-11-20T12:46:07","slug":"letoltheto-nyomtatvanyok","status":"publish","type":"page","link":"https:\/\/rem.hu\/?page_id=1371","title":{"rendered":"Versenyk\u00e9pes J\u00e1r\u00e1sok program I-II"},"content":{"rendered":"<div class=\"wp-block-image\"><a href=\"https:\/\/rem.hu\/wp-content\/uploads\/2025\/11\/versenykepes_jarasok_logo.png\"><img loading=\"lazy\" decoding=\"async\" class=\"size-medium wp-image-4967 aligncenter\" src=\"https:\/\/rem.hu\/wp-content\/uploads\/2025\/11\/versenykepes_jarasok_logo-300x208.png\" alt=\"\" width=\"300\" height=\"208\" srcset=\"https:\/\/rem.hu\/wp-content\/uploads\/2025\/11\/versenykepes_jarasok_logo-300x208.png 300w, https:\/\/rem.hu\/wp-content\/uploads\/2025\/11\/versenykepes_jarasok_logo.png 332w\" sizes=\"(max-width: 300px) 100vw, 300px\" \/><\/a><\/div>\n<div><\/div>\n<div>\n<h3><\/h3>\n<h3 style=\"text-align: center;\">Versenyk\u00e9pes J\u00e1r\u00e1sok program I. fordul\u00f3<\/h3>\n<\/div>\n<h4 style=\"text-align: center;\"><a href=\"https:\/\/rem.hu\/wp-content\/uploads\/2025\/11\/sajtokozlemeny.pdf\">Sajt\u00f3k\u00f6zlem\u00e9ny.pdf<\/a><\/h4>\n<p>&nbsp;<\/p>\n<p>&nbsp;<\/p>\n","protected":false},"excerpt":{"rendered":"<p>Versenyk\u00e9pes J\u00e1r\u00e1sok program I. fordul\u00f3 Sajt\u00f3k\u00f6zlem\u00e9ny.pdf &nbsp; &nbsp;<\/p>\n","protected":false},"author":1,"featured_media":0,"parent":0,"menu_order":4,"comment_status":"closed","ping_status":"closed","template":"","meta":{"neve_meta_sidebar":"","neve_meta_container":"","neve_meta_enable_content_width":"off","neve_meta_content_width":100,"neve_meta_title_alignment":"","neve_meta_author_avatar":"","neve_post_elements_order":"","neve_meta_disable_header":"","neve_meta_disable_footer":"","neve_meta_disable_title":"","footnotes":""},"_links":{"self":[{"href":"https:\/\/rem.hu\/index.php?rest_route=\/wp\/v2\/pages\/1371"}],"collection":[{"href":"https:\/\/rem.hu\/index.php?rest_route=\/wp\/v2\/pages"}],"about":[{"href":"https:\/\/rem.hu\/index.php?rest_route=\/wp\/v2\/types\/page"}],"author":[{"embeddable":true,"href":"https:\/\/rem.hu\/index.php?rest_route=\/wp\/v2\/users\/1"}],"replies":[{"embeddable":true,"href":"https:\/\/rem.hu\/index.php?rest_route=%2Fwp%2Fv2%2Fcomments&post=1371"}],"version-history":[{"count":22,"href":"https:\/\/rem.hu\/index.php?rest_route=\/wp\/v2\/pages\/1371\/revisions"}],"predecessor-version":[{"id":4969,"href":"https:\/\/rem.hu\/index.php?rest_route=\/wp\/v2\/pages\/1371\/revisions\/4969"}],"wp:attachment":[{"href":"https:\/\/rem.hu\/index.php?rest_route=%2Fwp%2Fv2%2Fmedia&parent=1371"}],"curies":[{"name":"wp","href":"https:\/\/api.w.org\/{rel}","templated":true}]}}